{"id":4445,"date":"2022-03-03T17:17:01","date_gmt":"2022-03-03T17:17:01","guid":{"rendered":"https:\/\/piafer.ro\/?page_id=4445"},"modified":"2025-09-23T07:41:00","modified_gmt":"2025-09-23T07:41:00","slug":"evenimente","status":"publish","type":"page","link":"https:\/\/piafer.ro\/en\/evenimente\/","title":{"rendered":"Evenimente"},"content":{"rendered":"<div class=\"wpb-content-wrapper\"><div data-vc-full-width=\"true\" data-vc-full-width-init=\"false\" class=\"vc_row wpb_row vc_row-fluid vc_custom_1758613257846\"><div class=\"wpb_column vc_column_container vc_col-sm-6\"><div class=\"vc_column-inner\"><div class=\"wpb_wrapper\">\n\t<div  class=\"wpb_single_image wpb_content_element vc_align_left wpb_content_element\">\n\t\t\n\t\t<figure class=\"wpb_wrapper vc_figure\">\n\t\t\t<div class=\"vc_single_image-wrapper   vc_box_border_grey\"><img width=\"1600\" height=\"1069\" src=\"https:\/\/piafer.ro\/wp-content\/uploads\/2024\/07\/DSC03445.jpg\" class=\"vc_single_image-img attachment-full\" alt=\"\" decoding=\"async\" title=\"DSC03445\" srcset=\"https:\/\/piafer.ro\/wp-content\/uploads\/2024\/07\/DSC03445.jpg 1600w, https:\/\/piafer.ro\/wp-content\/uploads\/2024\/07\/DSC03445-300x200.jpg 300w, https:\/\/piafer.ro\/wp-content\/uploads\/2024\/07\/DSC03445-1024x684.jpg 1024w, https:\/\/piafer.ro\/wp-content\/uploads\/2024\/07\/DSC03445-768x513.jpg 768w, https:\/\/piafer.ro\/wp-content\/uploads\/2024\/07\/DSC03445-1536x1026.jpg 1536w\" sizes=\"(max-width: 1600px) 100vw, 1600px\" \/><\/div>\n\t\t<\/figure>\n\t<\/div>\n\n\t<div  class=\"wpb_single_image wpb_content_element vc_align_left wpb_content_element\">\n\t\t\n\t\t<figure class=\"wpb_wrapper vc_figure\">\n\t\t\t<div class=\"vc_single_image-wrapper   vc_box_border_grey\"><img width=\"1600\" height=\"747\" src=\"https:\/\/piafer.ro\/wp-content\/uploads\/2024\/07\/20240601_113156.jpg\" class=\"vc_single_image-img attachment-full\" alt=\"\" decoding=\"async\" title=\"20240601_113156\" srcset=\"https:\/\/piafer.ro\/wp-content\/uploads\/2024\/07\/20240601_113156.jpg 1600w, https:\/\/piafer.ro\/wp-content\/uploads\/2024\/07\/20240601_113156-300x140.jpg 300w, https:\/\/piafer.ro\/wp-content\/uploads\/2024\/07\/20240601_113156-1024x478.jpg 1024w, https:\/\/piafer.ro\/wp-content\/uploads\/2024\/07\/20240601_113156-768x359.jpg 768w, https:\/\/piafer.ro\/wp-content\/uploads\/2024\/07\/20240601_113156-1536x717.jpg 1536w\" sizes=\"(max-width: 1600px) 100vw, 1600px\" \/><\/div>\n\t\t<\/figure>\n\t<\/div>\n<\/div><\/div><\/div><div class=\"wpb_column vc_column_container vc_col-sm-6\"><div class=\"vc_column-inner\"><div class=\"wpb_wrapper\"><h2 style=\"text-align: left\" class=\"vc_custom_heading vc_do_custom_heading\" >Sedinta Adunarii Generale Extraordinare PIAFER<\/h2>\n\t<div class=\"wpb_text_column wpb_content_element\" >\n\t\t<div class=\"wpb_wrapper\">\n\t\t\t<p>In data de 1 iunie 2024, la P\u0103ltini\u0219, jude\u021bul Sibiu, a avut loc Adunarea General\u0103 Extraordinar\u0103 a Patronatului \u00centreprinderilor de Arhivare Fizic\u0103 \u0219i Electronic\u0103 din Rom\u00e2nia(P.I.A.F.E.R.), sub<br \/>\nconducerea Domnului Pre\u0219edinte Florin Cuc. Evenimentul a inclus optsprezece puncte de interes pe ordinea de zi, relevante pentru to\u021bi operatorii economici prestatori de servicii arhivistice. Domnul Pre\u0219edinte Florin Cuc, Domnii Vicepresedinti Stefan Ecxarcu si Emilian Dragan, Managerul Administrativ Doamna Adina Iliescu, reprezentan\u021bi ai 27 de societ\u0103\u021bi din cele patruzeci si sase care fac parte in prezent din Patronat au participat la aceast\u0103 \u00eent\u00e2lnire, at\u00e2t fizic, c\u00e2t \u0219i online.<\/p>\n<p>Scopul \u00eent\u00e2lnirii a fost discutarea \u0219i rezolvarea problemelor actuale cu care se confrunt\u0103 firmele de arhivare. \u00cen urma \u0219edin\u021bei, au fost stabilite obiective, formulate propuneri, constituite grupuri<br \/>\nde lucru \u0219i adoptate decizii clare.<\/p>\n\n\t\t<\/div>\n\t<\/div>\n<\/div><\/div><\/div><\/div><div class=\"vc_row-full-width vc_clearfix\"><\/div><div class=\"vc_row wpb_row vc_row-fluid\"><div class=\"wpb_column vc_column_container vc_col-sm-12\"><div class=\"vc_column-inner\"><div class=\"wpb_wrapper\"><div class=\"vc_separator wpb_content_element vc_separator_align_center vc_sep_width_100 vc_sep_pos_align_center vc_separator_no_text vc_sep_color_grey wpb_content_element  wpb_content_element\" ><span class=\"vc_sep_holder vc_sep_holder_l\"><span class=\"vc_sep_line\"><\/span><\/span><span class=\"vc_sep_holder vc_sep_holder_r\"><span class=\"vc_sep_line\"><\/span><\/span>\n<\/div><\/div><\/div><\/div><\/div><div class=\"vc_row wpb_row vc_row-fluid\"><div class=\"wpb_column vc_column_container vc_col-sm-6\"><div class=\"vc_column-inner\"><div class=\"wpb_wrapper\"><h2 style=\"text-align: left\" class=\"vc_custom_heading vc_do_custom_heading\" >\u201cZiua Intreprinzatorilor\u201d - Antreprenoriat si Dialog Social<\/h2>\n\t<div class=\"wpb_text_column wpb_content_element\" >\n\t\t<div class=\"wpb_wrapper\">\n\t\t\t<p>In calitate de membru in cadrul Consiliului National al Intreprinderilor Private Mici si Mijlocii din Romania, Patronatul Intreprinderilor de Arhivare Fizica si Electronica din Romania, a participat in data de 17.05.2024 la cea de a 31-a editie a evenimentului anual &#8220;Ziua Intreprinzatorilor&#8221; organizat de Consiliul National al IMM-urilor din Romania, alaturi de Patronatul IMM-urilor din Prahova, care sarbatoreste 30 de ani de activitate patronala.<\/p>\n<div data-block-id=\"block-c2d19504-62c1-4979-ab59-0abc401c3711\"><\/div>\n<div class=\"ql-block\" data-block-id=\"block-c2d19504-62c1-4979-ab59-0abc401c3711\">Importanta dialogului social, importanta atragerii fondurilor europene pentru dezvoltarea economiei romanesti, nevoia de imbunatatire a legislatiei europene au fost subiectele principale dezbatute in cadrul evenimentului care a adunat peste 250 de participanti,<\/div>\n<div data-block-id=\"block-c2d19504-62c1-4979-ab59-0abc401c3711\"><\/div>\n<div class=\"ql-block\" data-block-id=\"block-c2d19504-62c1-4979-ab59-0abc401c3711\"><strong><br \/>\n#impreunasuntemIMM<\/strong><\/div>\n\n\t\t<\/div>\n\t<\/div>\n<\/div><\/div><\/div><div class=\"wpb_column vc_column_container vc_col-sm-6\"><div class=\"vc_column-inner\"><div class=\"wpb_wrapper\">\n\t<div  class=\"wpb_single_image wpb_content_element vc_align_left wpb_content_element\">\n\t\t\n\t\t<figure class=\"wpb_wrapper vc_figure\">\n\t\t\t<div class=\"vc_single_image-wrapper   vc_box_border_grey\"><img width=\"1280\" height=\"960\" src=\"https:\/\/piafer.ro\/wp-content\/uploads\/2024\/05\/IMG-20240517-WA0010.jpg\" class=\"vc_single_image-img attachment-full\" alt=\"\" decoding=\"async\" title=\"IMG-20240517-WA0010\" srcset=\"https:\/\/piafer.ro\/wp-content\/uploads\/2024\/05\/IMG-20240517-WA0010.jpg 1280w, https:\/\/piafer.ro\/wp-content\/uploads\/2024\/05\/IMG-20240517-WA0010-300x225.jpg 300w, https:\/\/piafer.ro\/wp-content\/uploads\/2024\/05\/IMG-20240517-WA0010-1024x768.jpg 1024w, https:\/\/piafer.ro\/wp-content\/uploads\/2024\/05\/IMG-20240517-WA0010-768x576.jpg 768w\" sizes=\"(max-width: 1280px) 100vw, 1280px\" \/><\/div>\n\t\t<\/figure>\n\t<\/div>\n<\/div><\/div><\/div><\/div><div class=\"vc_row wpb_row vc_row-fluid\"><div class=\"wpb_column vc_column_container vc_col-sm-12\"><div class=\"vc_column-inner\"><div class=\"wpb_wrapper\"><div class=\"vc_separator wpb_content_element vc_separator_align_center vc_sep_width_100 vc_sep_pos_align_center vc_separator_no_text vc_sep_color_grey wpb_content_element  wpb_content_element\" ><span class=\"vc_sep_holder vc_sep_holder_l\"><span class=\"vc_sep_line\"><\/span><\/span><span class=\"vc_sep_holder vc_sep_holder_r\"><span class=\"vc_sep_line\"><\/span><\/span>\n<\/div><\/div><\/div><\/div><\/div><div class=\"vc_row wpb_row vc_row-fluid\"><div class=\"wpb_column vc_column_container vc_col-sm-6\"><div class=\"vc_column-inner\"><div class=\"wpb_wrapper\">\n\t<div  class=\"wpb_single_image wpb_content_element vc_align_left wpb_content_element\">\n\t\t\n\t\t<figure class=\"wpb_wrapper vc_figure\">\n\t\t\t<div class=\"vc_single_image-wrapper   vc_box_border_grey\"><img width=\"1024\" height=\"768\" src=\"https:\/\/piafer.ro\/wp-content\/uploads\/2022\/05\/Evenimente_ianuarie-2022.jpeg\" class=\"vc_single_image-img attachment-full\" alt=\"Evenimente_ianuarie 2022\" decoding=\"async\" title=\"Evenimente_ianuarie 2022\" srcset=\"https:\/\/piafer.ro\/wp-content\/uploads\/2022\/05\/Evenimente_ianuarie-2022.jpeg 1024w, https:\/\/piafer.ro\/wp-content\/uploads\/2022\/05\/Evenimente_ianuarie-2022-300x225.jpeg 300w, https:\/\/piafer.ro\/wp-content\/uploads\/2022\/05\/Evenimente_ianuarie-2022-768x576.jpeg 768w\" sizes=\"(max-width: 1024px) 100vw, 1024px\" \/><\/div>\n\t\t<\/figure>\n\t<\/div>\n<\/div><\/div><\/div><div class=\"wpb_column vc_column_container vc_col-sm-6\"><div class=\"vc_column-inner\"><div class=\"wpb_wrapper\"><h2 style=\"text-align: left\" class=\"vc_custom_heading vc_do_custom_heading\" >Dezbatere public\u0103 FNGCIMM<\/h2>\n\t<div class=\"wpb_text_column wpb_content_element\" >\n\t\t<div class=\"wpb_wrapper\">\n\t\t\t<p><span style=\"font-weight: 400;\">\u00cen calitatea de membru al CNIPMMR, Patronatul \u00centreprinderilor de Arhivare Fizic\u0103 \u0219i Electronic\u0103 din Rom\u00e2nia a fost prezent la<\/span><b> dezbaterea public\u0103 privind lansarea a patru noi programe de garantare a sectorului antreprenorial<\/b><span style=\"font-weight: 400;\"> cu fonduri de stat: <\/span><b>IMM PROD, RURAL INVEST, GARANT CONSTRUCT \u0219i INNOVATION.<\/b><span style=\"font-weight: 400;\"> Evenimentul a avut loc \u00een 27 ianuarie 2022, \u00een forul Camerei Deputa\u021bilor.<\/span><\/p>\n<p><span style=\"font-weight: 400;\">\u00cen cadrul \u00eent\u00e2lnirii, au fost consulta\u021bi <\/span><b>to\u021bi partenerii strategici ce vor participa activ la implementarea programelor cu garan\u021bii de stat<\/b><span style=\"font-weight: 400;\">: reprezentan\u021bi ai Camerei Deputa\u021bilor, conducerile CNIPMMR \u0219i FNGCIMM, precum \u0219i reprezentan\u021bi ai mediului bancar \u0219i antreprenorial.\u00a0<\/span><\/p>\n<p><span style=\"font-weight: 400;\">Patronatul \u00centreprinderilor de Arhivare Fizic\u0103 \u0219i Electronic\u0103 din Rom\u00e2nia a fost reprezentat de <\/span><b>Florin Cuc, pre\u0219edintele organiza\u021biei<\/b><span style=\"font-weight: 400;\">.\u00a0<\/span><\/p>\n\n\t\t<\/div>\n\t<\/div>\n<\/div><\/div><\/div><\/div><div class=\"vc_row wpb_row vc_row-fluid\"><div class=\"wpb_column vc_column_container vc_col-sm-12\"><div class=\"vc_column-inner\"><div class=\"wpb_wrapper\"><div class=\"vc_separator wpb_content_element vc_separator_align_center vc_sep_width_100 vc_sep_pos_align_center vc_separator_no_text vc_sep_color_grey wpb_content_element  wpb_content_element\" ><span class=\"vc_sep_holder vc_sep_holder_l\"><span class=\"vc_sep_line\"><\/span><\/span><span class=\"vc_sep_holder vc_sep_holder_r\"><span class=\"vc_sep_line\"><\/span><\/span>\n<\/div><\/div><\/div><\/div><\/div><div class=\"vc_row wpb_row vc_row-fluid\"><div class=\"wpb_column vc_column_container vc_col-sm-6\"><div class=\"vc_column-inner\"><div class=\"wpb_wrapper\"><h2 style=\"text-align: left\" class=\"vc_custom_heading vc_do_custom_heading\" >\u00cenaintarea propunerii de modificare a Legii Arhivelor<\/h2>\n\t<div class=\"wpb_text_column wpb_content_element\" >\n\t\t<div class=\"wpb_wrapper\">\n\t\t\t<p><span style=\"font-weight: 400;\">Un moment important pentru organiza\u021bia noastr\u0103, care ne-a adus mai aproape de <\/span><b>\u00eendeplinirea obiectivului de modernizare \u0219i digitalizare a sectorului arhivistic<\/b><span style=\"font-weight: 400;\"> din Rom\u00e2nia, a fost <\/span><b>\u0219edin\u021ba de lucru din cadrul Biroului Permanent al CNIPMMR<\/b><span style=\"font-weight: 400;\">, desf\u0103\u0219urat\u0103 \u00een <\/span><b>24 martie 2022<\/b><span style=\"font-weight: 400;\">.<\/span><\/p>\n<p><span style=\"font-weight: 400;\">La acest eveniment a fost prezent \u0219i <\/span><b>dl Ion-Marcel Ciolacu<\/b><span style=\"font-weight: 400;\">, Pre\u0219edintele Camerei Deputa\u021bilor. Cu aceast\u0103 ocazie, <\/span><b>a fost \u00eenaintat proiectul de modificare a Legii Arhivelor<\/b><span style=\"font-weight: 400;\"> (Legea 16\/1996), versiune conceput\u0103 \u0219i sus\u021binut\u0103 de PIAFER.<\/span><\/p>\n<p><span style=\"font-weight: 400;\">Printre aspectele fundamentale vizate de proiectul normativ se num\u0103r\u0103 facilitarea procesului de externalizare a documentelor \u00een mediul public \u0219i privat, precum \u0219i digitalizarea domeniului arhivistic prin reglementarea arhivelor electronice.<\/span><\/p>\n\n\t\t<\/div>\n\t<\/div>\n<div class=\"vc_row wpb_row vc_inner vc_row-fluid\"><div class=\"wpb_column vc_column_container vc_col-sm-6\"><div class=\"vc_column-inner\"><div class=\"wpb_wrapper\"><div class=\"vc_btn3-container vc_btn3-left vc_do_btn\" ><a class=\"vc_general vc_btn3 vc_btn3-size-md vc_btn3-shape-rounded vc_btn3-style-modern vc_btn3-color-sky\" href=\"https:\/\/piafer.ro\/wp-content\/uploads\/2022\/05\/Expunere-de-motive-Legea-Arhivelor.docx.pdf\" title=\"\" target=\"_blank\">Expunere de motive Legea Arhivelor<\/a><\/div><\/div><\/div><\/div><div class=\"wpb_column vc_column_container vc_col-sm-6\"><div class=\"vc_column-inner\"><div class=\"wpb_wrapper\"><div class=\"vc_btn3-container vc_btn3-left vc_do_btn\" ><a class=\"vc_general vc_btn3 vc_btn3-size-md vc_btn3-shape-rounded vc_btn3-style-modern vc_btn3-color-sky\" href=\"https:\/\/piafer.ro\/wp-content\/uploads\/2022\/05\/Propunere-legislativa_modificarea-si-completarea-Legii-16_1996.docx.pdf\" title=\"\" target=\"_blank\">Propunere legislativ\u0103<\/a><\/div><\/div><\/div><\/div><\/div><\/div><\/div><\/div><div class=\"wpb_column vc_column_container vc_col-sm-6\"><div class=\"vc_column-inner\"><div class=\"wpb_wrapper\">\n\t<div  class=\"wpb_single_image wpb_content_element vc_align_left wpb_content_element\">\n\t\t\n\t\t<figure class=\"wpb_wrapper vc_figure\">\n\t\t\t<div class=\"vc_single_image-wrapper   vc_box_border_grey\"><img width=\"1024\" height=\"768\" src=\"https:\/\/piafer.ro\/wp-content\/uploads\/2022\/05\/Evenimente_martie-2022.jpeg\" class=\"vc_single_image-img attachment-full\" alt=\"\" decoding=\"async\" title=\"Evenimente_martie 2022\" srcset=\"https:\/\/piafer.ro\/wp-content\/uploads\/2022\/05\/Evenimente_martie-2022.jpeg 1024w, https:\/\/piafer.ro\/wp-content\/uploads\/2022\/05\/Evenimente_martie-2022-300x225.jpeg 300w, https:\/\/piafer.ro\/wp-content\/uploads\/2022\/05\/Evenimente_martie-2022-768x576.jpeg 768w\" sizes=\"(max-width: 1024px) 100vw, 1024px\" \/><\/div>\n\t\t<\/figure>\n\t<\/div>\n<\/div><\/div><\/div><\/div><div class=\"vc_row wpb_row vc_row-fluid\"><div class=\"wpb_column vc_column_container vc_col-sm-12\"><div class=\"vc_column-inner\"><div class=\"wpb_wrapper\"><div class=\"vc_separator wpb_content_element vc_separator_align_center vc_sep_width_100 vc_sep_pos_align_center vc_separator_no_text vc_sep_color_grey wpb_content_element  wpb_content_element\" ><span class=\"vc_sep_holder vc_sep_holder_l\"><span class=\"vc_sep_line\"><\/span><\/span><span class=\"vc_sep_holder vc_sep_holder_r\"><span class=\"vc_sep_line\"><\/span><\/span>\n<\/div><\/div><\/div><\/div><\/div><div class=\"vc_row wpb_row vc_row-fluid\"><div class=\"wpb_column vc_column_container vc_col-sm-6\"><div class=\"vc_column-inner\"><div class=\"wpb_wrapper\">\n\t<div  class=\"wpb_single_image wpb_content_element vc_align_left wpb_content_element\">\n\t\t\n\t\t<figure class=\"wpb_wrapper vc_figure\">\n\t\t\t<div class=\"vc_single_image-wrapper   vc_box_border_grey\"><img width=\"960\" height=\"720\" src=\"https:\/\/piafer.ro\/wp-content\/uploads\/2022\/05\/Evenimente_decembrie-2021.jpeg\" class=\"vc_single_image-img attachment-full\" alt=\"\" decoding=\"async\" title=\"Evenimente_decembrie 2021\" srcset=\"https:\/\/piafer.ro\/wp-content\/uploads\/2022\/05\/Evenimente_decembrie-2021.jpeg 960w, https:\/\/piafer.ro\/wp-content\/uploads\/2022\/05\/Evenimente_decembrie-2021-300x225.jpeg 300w, https:\/\/piafer.ro\/wp-content\/uploads\/2022\/05\/Evenimente_decembrie-2021-768x576.jpeg 768w\" sizes=\"(max-width: 960px) 100vw, 960px\" \/><\/div>\n\t\t<\/figure>\n\t<\/div>\n<\/div><\/div><\/div><div class=\"wpb_column vc_column_container vc_col-sm-6\"><div class=\"vc_column-inner\"><div class=\"wpb_wrapper\"><h2 style=\"text-align: left\" class=\"vc_custom_heading vc_do_custom_heading\" >PIAFER devine membru CNIPMMR<\/h2>\n\t<div class=\"wpb_text_column wpb_content_element\" >\n\t\t<div class=\"wpb_wrapper\">\n\t\t\t<p><span style=\"font-weight: 400;\">\u00cen cadrul \u0219edin\u021bei din data de <\/span><b>15 decembrie 2021<\/b><span style=\"font-weight: 400;\">, organizat\u0103 de Consiliul Na\u021bional al \u00centreprinderilor Private Mici \u0219i Mijlocii din Rom\u00e2nia la Poiana Bra\u0219ov, Patronatul \u00centreprinderilor de Arhivare Fizic\u0103 \u0219i Electronic\u0103 din Rom\u00e2nia<\/span><b> a fost primit oficial, prin vot, \u00een cadrul CNIPMMR<\/b><span style=\"font-weight: 400;\">. De asemenea, <\/span><b>Florin Cuc<\/b><span style=\"font-weight: 400;\">, pre\u0219edinte \u0219i membru fondator al PIAFER, a fost acceptat ca <\/span><b>membru \u00een Biroul Permanent al CNIPMMR<\/b><span style=\"font-weight: 400;\">.<\/span><\/p>\n<p><span style=\"font-weight: 400;\">Titulatura \u0219i, totodat\u0103, onoarea de a deveni membr\u0103 a Consiliul Na\u021bional al \u00centreprinderilor Private Mici \u0219i Mijlocii din Rom\u00e2nia, \u00eei permite organiza\u021biei noastre<\/span><b> s\u0103 reprezinte interesele<\/b><span style=\"font-weight: 400;\"> colegilor de breasl\u0103 \u0219i <\/span><b>s\u0103 sus\u021bin\u0103 direc\u021biile de dezvoltare ale domeniului arhivistic la cel mai \u00eenalt nivel<\/b><span style=\"font-weight: 400;\">.\u00a0<\/span><\/p>\n\n\t\t<\/div>\n\t<\/div>\n<\/div><\/div><\/div><\/div><div class=\"vc_row wpb_row vc_row-fluid\"><div class=\"wpb_column vc_column_container vc_col-sm-12\"><div class=\"vc_column-inner\"><div class=\"wpb_wrapper\"><div class=\"vc_separator wpb_content_element vc_separator_align_center vc_sep_width_100 vc_sep_pos_align_center vc_separator_no_text vc_sep_color_grey wpb_content_element  wpb_content_element\" ><span class=\"vc_sep_holder vc_sep_holder_l\"><span class=\"vc_sep_line\"><\/span><\/span><span class=\"vc_sep_holder vc_sep_holder_r\"><span class=\"vc_sep_line\"><\/span><\/span>\n<\/div><\/div><\/div><\/div><\/div><div class=\"vc_row wpb_row vc_row-fluid\"><div class=\"wpb_column vc_column_container vc_col-sm-6\"><div class=\"vc_column-inner\"><div class=\"wpb_wrapper\"><h2 style=\"text-align: left\" class=\"vc_custom_heading vc_do_custom_heading\" >\u0218edin\u021ba de constituire PIAFER<\/h2>\n\t<div class=\"wpb_text_column wpb_content_element\" >\n\t\t<div class=\"wpb_wrapper\">\n\t\t\t<p><span style=\"font-weight: 400;\">Patronatul \u00centreprinderilor de Arhivare Fizic\u0103 \u0219i Electronic\u0103 din Rom\u00e2nia a fost constituit oficial \u00een data de <\/span><b>23 august 2021<\/b><span style=\"font-weight: 400;\">, \u00eentr-o \u0219edin\u021b\u0103 dedicat\u0103 acestui eveniment, desf\u0103\u0219urat\u0103 la sediul Consiliul Na\u021bional al \u00centreprinderilor Private Mici \u0219i Mijlocii din Rom\u00e2nia (CNIPMMR).<\/span><\/p>\n<p><span style=\"font-weight: 400;\">Acesta a fost momentul \u00een care a luat na\u0219tere PIAFER, o organiza\u021bie patronal\u0103 de ni\u0219\u0103, menit\u0103 s\u0103 contribuie activ la dezvoltarea \u0219i modernizarea sectorului arhivistic prin reprezentarea nevoilor \u0219i intereselor colegilor de breasl\u0103.<\/span><\/p>\n<p><span style=\"font-weight: 400;\">La aceast\u0103 \u0219edin\u021b\u0103 de constituire au participat to\u021bi membrii fondatori PIAFER, dup\u0103 cum urmeaz\u0103: <\/span><b>Florin Cuc<\/b><span style=\"font-weight: 400;\"> &#8211; Pre\u0219edinte; <\/span><b>Felix Mihai<\/b><span style=\"font-weight: 400;\"> &#8211; Vicepre\u0219edinte, <\/span><b>\u0218tefan Ecxarcu-Harfas<\/b><span style=\"font-weight: 400;\"> &#8211; Vicepre\u0219edinte, <\/span><b>Mirela Bondar<\/b><span style=\"font-weight: 400;\"> &#8211; membru, <\/span><b>Marko Simovic<\/b><span style=\"font-weight: 400;\"> &#8211; membru, <\/span><b>Emilian Dr\u0103gan<\/b><span style=\"font-weight: 400;\"> &#8211; membru, <\/span><b>Mihai Nicolae<\/b><span style=\"font-weight: 400;\"> &#8211; membru, <\/span><b>Vicen\u021biu Zorzolan<\/b><span style=\"font-weight: 400;\"> &#8211; membru \u0219i <\/span><b>Gheorghi\u021b\u0103 Tacu<\/b><span style=\"font-weight: 400;\"> &#8211; membru.<\/span><\/p>\n\n\t\t<\/div>\n\t<\/div>\n<\/div><\/div><\/div><div class=\"wpb_column vc_column_container vc_col-sm-6\"><div class=\"vc_column-inner\"><div class=\"wpb_wrapper\">\n\t<div  class=\"wpb_single_image wpb_content_element vc_align_left wpb_content_element\">\n\t\t\n\t\t<figure class=\"wpb_wrapper vc_figure\">\n\t\t\t<div class=\"vc_single_image-wrapper   vc_box_border_grey\"><img width=\"2048\" height=\"1536\" src=\"https:\/\/piafer.ro\/wp-content\/uploads\/2022\/05\/Evenimente_august-2021.jpeg\" class=\"vc_single_image-img attachment-full\" alt=\"\" decoding=\"async\" title=\"Evenimente_august 2021\" srcset=\"https:\/\/piafer.ro\/wp-content\/uploads\/2022\/05\/Evenimente_august-2021.jpeg 2048w, https:\/\/piafer.ro\/wp-content\/uploads\/2022\/05\/Evenimente_august-2021-300x225.jpeg 300w, https:\/\/piafer.ro\/wp-content\/uploads\/2022\/05\/Evenimente_august-2021-1024x768.jpeg 1024w, https:\/\/piafer.ro\/wp-content\/uploads\/2022\/05\/Evenimente_august-2021-768x576.jpeg 768w, https:\/\/piafer.ro\/wp-content\/uploads\/2022\/05\/Evenimente_august-2021-1536x1152.jpeg 1536w\" sizes=\"(max-width: 2048px) 100vw, 2048px\" \/><\/div>\n\t\t<\/figure>\n\t<\/div>\n<\/div><\/div><\/div><\/div>\n<\/div>","protected":false},"excerpt":{"rendered":"Sedinta Adunarii Generale Extraordinare PIAFER In data de 1 iunie 2024, la P\u0103ltini\u0219, jude\u021bul Sibiu, a avut loc Adunarea General\u0103 Extraordinar\u0103 a Patronatului \u00centreprinderilor de Arhivare Fizic\u0103 \u0219i Electronic\u0103 din Rom\u00e2nia(P.I.A.F.E.R.), sub conducerea Domnului Pre\u0219edinte Florin Cuc. Evenimentul a inclus optsprezece puncte de interes pe ordinea de zi, relevante pentru to\u021bi operatorii economici prestatori de [...]","protected":false},"author":1,"featured_media":0,"parent":0,"menu_order":0,"comment_status":"closed","ping_status":"closed","template":"","meta":[],"yoast_head":"<!-- This site is optimized with the Yoast SEO plugin v19.2 - https:\/\/yoast.com\/wordpress\/plugins\/seo\/ -->\n<title>Evenimente - Piafer<\/title>\n<meta name=\"robots\" content=\"index, follow, max-snippet:-1, max-image-preview:large, max-video-preview:-1\" \/>\n<link rel=\"canonical\" href=\"https:\/\/piafer.ro\/en\/evenimente\/\" \/>\n<meta property=\"og:locale\" content=\"en_US\" \/>\n<meta property=\"og:type\" content=\"article\" \/>\n<meta property=\"og:title\" content=\"Evenimente - Piafer\" \/>\n<meta property=\"og:url\" content=\"https:\/\/piafer.ro\/en\/evenimente\/\" \/>\n<meta property=\"og:site_name\" content=\"Piafer\" \/>\n<meta property=\"article:modified_time\" content=\"2025-09-23T07:41:00+00:00\" \/>\n<meta name=\"author\" content=\"arhiv\" \/>\n<meta name=\"twitter:card\" content=\"summary_large_image\" \/>\n<meta name=\"twitter:label1\" content=\"Est. reading time\" \/>\n\t<meta name=\"twitter:data1\" content=\"7 minutes\" \/>\n<script type=\"application\/ld+json\" class=\"yoast-schema-graph\">{\"@context\":\"https:\/\/schema.org\",\"@graph\":[{\"@type\":\"WebSite\",\"@id\":\"https:\/\/piafer.ro\/#website\",\"url\":\"https:\/\/piafer.ro\/\",\"name\":\"Piafer\",\"description\":\"Patronatul \u00centreprinderilor de Arhivare Fizic\u0103 \u0219i Electronic\u0103 din Rom\u00e2nia\",\"potentialAction\":[{\"@type\":\"SearchAction\",\"target\":{\"@type\":\"EntryPoint\",\"urlTemplate\":\"https:\/\/piafer.ro\/?s={search_term_string}\"},\"query-input\":\"required name=search_term_string\"}],\"inLanguage\":\"en-US\"},{\"@type\":\"WebPage\",\"@id\":\"https:\/\/piafer.ro\/evenimente\/#webpage\",\"url\":\"https:\/\/piafer.ro\/evenimente\/\",\"name\":\"Evenimente - Piafer\",\"isPartOf\":{\"@id\":\"https:\/\/piafer.ro\/#website\"},\"datePublished\":\"2022-03-03T17:17:01+00:00\",\"dateModified\":\"2025-09-23T07:41:00+00:00\",\"breadcrumb\":{\"@id\":\"https:\/\/piafer.ro\/evenimente\/#breadcrumb\"},\"inLanguage\":\"en-US\",\"potentialAction\":[{\"@type\":\"ReadAction\",\"target\":[\"https:\/\/piafer.ro\/evenimente\/\"]}]},{\"@type\":\"BreadcrumbList\",\"@id\":\"https:\/\/piafer.ro\/evenimente\/#breadcrumb\",\"itemListElement\":[{\"@type\":\"ListItem\",\"position\":1,\"name\":\"Prima pagin\u0103\",\"item\":\"https:\/\/piafer.ro\/\"},{\"@type\":\"ListItem\",\"position\":2,\"name\":\"Evenimente\"}]}]}<\/script>\n<!-- \/ Yoast SEO plugin. -->","yoast_head_json":{"title":"Evenimente - Piafer","robots":{"index":"index","follow":"follow","max-snippet":"max-snippet:-1","max-image-preview":"max-image-preview:large","max-video-preview":"max-video-preview:-1"},"canonical":"https:\/\/piafer.ro\/en\/evenimente\/","og_locale":"en_US","og_type":"article","og_title":"Evenimente - Piafer","og_url":"https:\/\/piafer.ro\/en\/evenimente\/","og_site_name":"Piafer","article_modified_time":"2025-09-23T07:41:00+00:00","author":"arhiv","twitter_card":"summary_large_image","twitter_misc":{"Est. reading time":"7 minutes"},"schema":{"@context":"https:\/\/schema.org","@graph":[{"@type":"WebSite","@id":"https:\/\/piafer.ro\/#website","url":"https:\/\/piafer.ro\/","name":"Piafer","description":"Patronatul \u00centreprinderilor de Arhivare Fizic\u0103 \u0219i Electronic\u0103 din Rom\u00e2nia","potentialAction":[{"@type":"SearchAction","target":{"@type":"EntryPoint","urlTemplate":"https:\/\/piafer.ro\/?s={search_term_string}"},"query-input":"required name=search_term_string"}],"inLanguage":"en-US"},{"@type":"WebPage","@id":"https:\/\/piafer.ro\/evenimente\/#webpage","url":"https:\/\/piafer.ro\/evenimente\/","name":"Evenimente - Piafer","isPartOf":{"@id":"https:\/\/piafer.ro\/#website"},"datePublished":"2022-03-03T17:17:01+00:00","dateModified":"2025-09-23T07:41:00+00:00","breadcrumb":{"@id":"https:\/\/piafer.ro\/evenimente\/#breadcrumb"},"inLanguage":"en-US","potentialAction":[{"@type":"ReadAction","target":["https:\/\/piafer.ro\/evenimente\/"]}]},{"@type":"BreadcrumbList","@id":"https:\/\/piafer.ro\/evenimente\/#breadcrumb","itemListElement":[{"@type":"ListItem","position":1,"name":"Prima pagin\u0103","item":"https:\/\/piafer.ro\/"},{"@type":"ListItem","position":2,"name":"Evenimente"}]}]}},"_links":{"self":[{"href":"https:\/\/piafer.ro\/en\/wp-json\/wp\/v2\/pages\/4445"}],"collection":[{"href":"https:\/\/piafer.ro\/en\/wp-json\/wp\/v2\/pages"}],"about":[{"href":"https:\/\/piafer.ro\/en\/wp-json\/wp\/v2\/types\/page"}],"author":[{"embeddable":true,"href":"https:\/\/piafer.ro\/en\/wp-json\/wp\/v2\/users\/1"}],"replies":[{"embeddable":true,"href":"https:\/\/piafer.ro\/en\/wp-json\/wp\/v2\/comments?post=4445"}],"version-history":[{"count":57,"href":"https:\/\/piafer.ro\/en\/wp-json\/wp\/v2\/pages\/4445\/revisions"}],"predecessor-version":[{"id":6261,"href":"https:\/\/piafer.ro\/en\/wp-json\/wp\/v2\/pages\/4445\/revisions\/6261"}],"wp:attachment":[{"href":"https:\/\/piafer.ro\/en\/wp-json\/wp\/v2\/media?parent=4445"}],"curies":[{"name":"wp","href":"https:\/\/api.w.org\/{rel}","templated":true}]}}