{"id":4506,"date":"2022-03-28T19:52:37","date_gmt":"2022-03-28T19:52:37","guid":{"rendered":"https:\/\/piafer.ro\/?page_id=4506"},"modified":"2026-04-08T07:16:59","modified_gmt":"2026-04-08T07:16:59","slug":"arhivatorul","status":"publish","type":"page","link":"https:\/\/piafer.ro\/en\/arhivatorul\/","title":{"rendered":"Arhivatorul"},"content":{"rendered":"<div class=\"wpb-content-wrapper\"><div class=\"vc_row wpb_row vc_row-fluid\"><div class=\"wpb_column vc_column_container vc_col-sm-12\"><div class=\"vc_column-inner\"><div class=\"wpb_wrapper\"><div class=\"vc_empty_space\"   style=\"height: 32px\"><span class=\"vc_empty_space_inner\"><\/span><\/div><\/div><\/div><\/div><\/div><div class=\"vc_row wpb_row vc_row-fluid\"><div class=\"wpb_column vc_column_container vc_col-sm-3\"><div class=\"vc_column-inner\"><div class=\"wpb_wrapper\">\n\t<div class=\"wpb_raw_code wpb_raw_html wpb_content_element\" >\n\t\t<div class=\"wpb_wrapper\">\n\t\t\t<div id=\"sidebar\">\n<div class=\"content widget-area\">\n<aside id=\"nav_menu-6\" class=\"widget widget_nav_menu\"><div class=\"menu-storage-types-container\"><ul id=\"menu-storage-types\" class=\"menu\">\n<li id=\"menu-item-3234\" class=\"menu-item menu-item-type-post_type menu-item-object-page menu-item-3234\"><a href=\"https:\/\/piafer.ro\/en\/archivit\/\">ArchivIT<\/a><\/li>\n<li id=\"menu-item-3235\" class=\"menu-item menu-item-type-post_type menu-item-object-page menu-item-3235 current-menu-item page_item current_page_item\"><a href=\"https:\/\/piafer.ro\/en\/arhivatorul\/\">Arhivatorul<\/a><\/li>\n<li id=\"menu-item-3236\" class=\"menu-item menu-item-type-post_type menu-item-object-page page-item-3227 menu-item-3236\"><a href=\"https:\/\/piafer.ro\/en\/certsign\/\" aria-current=\"page\">CertSIGN<\/a><\/li>\n<li id=\"menu-item-3237\" class=\"menu-item menu-item-type-post_type menu-item-object-page menu-item-3237\"><a href=\"https:\/\/piafer.ro\/en\/das\/\">DAS<\/a><\/li>\n<li id=\"menu-item-3237\" class=\"menu-item menu-item-type-post_type menu-item-object-page menu-item-3237\"><a href=\"https:\/\/piafer.ro\/en\/gam\/\">GAM<\/a><\/li>\n<li id=\"menu-item-3237\" class=\"menu-item menu-item-type-post_type menu-item-object-page menu-item-3237\"><a href=\"https:\/\/piafer.ro\/en\/sda\/\">SDA<\/a><\/li>\n<li id=\"menu-item-3237\" class=\"menu-item menu-item-type-post_type menu-item-object-page menu-item-3237\"><a href=\"https:\/\/piafer.ro\/en\/nextdocs-ecm-expert-si-nextdocs-confidential\/\">NEXTDOCS ECM<\/a><\/li>\n\n<\/ul><\/div><\/aside><\/div><!-- .content widget-area -->\n<\/div>\n\t\t<\/div>\n\t<\/div>\n\n\t<div  class=\"wpb_single_image wpb_content_element vc_align_left wpb_content_element\">\n\t\t\n\t\t<figure class=\"wpb_wrapper vc_figure\">\n\t\t\t<div class=\"vc_single_image-wrapper   vc_box_border_grey\"><img width=\"180\" height=\"57\" src=\"https:\/\/piafer.ro\/wp-content\/uploads\/2022\/03\/Arhivatorul_logo.png\" class=\"vc_single_image-img attachment-full\" alt=\"Arhivatorul_logo\" decoding=\"async\" title=\"Arhivatorul_logo\" \/><\/div>\n\t\t<\/figure>\n\t<\/div>\n\n\t<div class=\"wpb_raw_code wpb_raw_html wpb_content_element\" >\n\t\t<div class=\"wpb_wrapper\">\n\t\t\t<aside id=\"iconbox-10\" class=\"widget iconbox\"><div class=\"icon-box_w_text\"><i class=\"fa icon-box-w_al fa-fw fa-envelope\" style=\"color:#fe9866\"><\/i><span class=\"icon-box-w_title\">E-mail<\/span><span class=\"icon-box-w_desc\">contact@arhivatorul.ro<\/span><\/div><\/aside>\n<aside id=\"iconbox-10\" class=\"widget iconbox\">\n<div class=\"icon-box_w_text\"><i class=\"fa icon-box-w_al fa-fw fa-map-marker\" style=\"color:#fe9866\"><\/i><span class=\"icon-box-w_title\">Adresa<\/span><span class=\"icon-box-w_desc\">Depozit central Transilvania: Luncani, str. Depozitului nr. 4, Comuna Luna, judet Cluj,  Tel: Adeverinte: +40 371 237 130, Tel. Vanzari: +40 371 236 419\n <\/span><\/div><\/aside>\n \n <aside id=\"iconbox-10\" class=\"widget iconbox\">\n<div class=\"icon-box_w_text\"><i class=\"fa icon-box-w_al fa-fw fa-map-marker\" style=\"color:#fe9866\"><\/i><span class=\"icon-box-w_title\">Adresa<\/span><span class=\"icon-box-w_desc\">Depozit Regional Vest-Banat: Strada Albert Einstein nr. 2, Dumbravita, Judetul Timis, Tel: +40 371 236 419\n <\/span><\/div><\/aside>\n \n <aside id=\"iconbox-10\" class=\"widget iconbox\">\n<div class=\"icon-box_w_text\"><i class=\"fa icon-box-w_al fa-fw fa-map-marker\" style=\"color:#fe9866\"><\/i><span class=\"icon-box-w_title\">Adresa<\/span><span class=\"icon-box-w_desc\">Depozit Regional Sud Muntenia si Moldova: SpacePlus, Chitila, Judetul Ilfov, Tel: +40 371 236 419\n <\/span><\/div><\/aside>\n\n<aside id=\"iconbox-10\" class=\"widget iconbox\"><div class=\"icon-box_w_text\"><i class=\"fa icon-box-w_al fa-fw fa-phone\" style=\"color:#fe9866\"><\/i><span class=\"icon-box-w_title\">Telefon contact<\/span><span class=\"icon-box-w_desc\">+40 371 236 419<\/span><\/div><\/aside>\n<aside id=\"iconbox-10\" class=\"widget iconbox\"><div class=\"icon-box_w_text\"><i class=\"fa icon-box-w_al fa-fw fa-globe\" style=\"color:#fe9866\"><\/i><span class=\"icon-box-w_title\">Website<\/span><span class=\"icon-box-w_desc\">https:\/\/arhivatorul.ro<\/span><\/div><\/aside>\n\t\t<\/div>\n\t<\/div>\n<\/div><\/div><\/div><div class=\"wpb_column vc_column_container vc_col-sm-6\"><div class=\"vc_column-inner\"><div class=\"wpb_wrapper\">\n\t<div class=\"wpb_text_column wpb_content_element\" >\n\t\t<div class=\"wpb_wrapper\">\n\t\t\t<p><span style=\"font-weight: 400;\">Compania Arhivatorul este prezent\u0103 pe pia\u021ba din Rom\u00e2nia \u00eenc\u0103 din 2015, atunci c\u00e2nd a pus bazele <\/span><b>celui mai generos depozit de documente din Nord-Vestul Rom\u00e2niei<\/b><span style=\"font-weight: 400;\">. Este vorba despre sediul central al firmei, localizat \u00een Luncani, jude\u021bul Cluj, care prezint\u0103 o <\/span><b>suprafa\u021b\u0103 construit\u0103 de 5.000 mp<\/b><span style=\"font-weight: 400;\"> \u0219i o <\/span><b>capacitate de depozitare de <\/b><b>peste 200.000 metri liniari de arhiv\u0103<\/b><span style=\"font-weight: 400;\">.<\/span><\/p>\n<p><b>Profesionalismul<\/b><span style=\"font-weight: 400;\">, <\/span><b>calitatea serviciilor<\/b><span style=\"font-weight: 400;\"> Arhivatorul, dar \u0219i <\/span><b>dorin\u021ba de a inova continuu <\/b><span style=\"font-weight: 400;\">solu\u021biile pe care le punem la dispozi\u021bie clien\u021bilor \u0219i partenerilor no\u0219tri, au fost remarcate \u00eenc\u0103 de la \u00eenceput, fiind confirmate \u0219i prin certific\u0103rile Arhivei Na\u021bionale \u0219i ISO . Ast\u0103zi, ne m\u00e2ndrim cu un portofoliu de peste <\/span><b>peste 2 000 de companii, <\/b><span style=\"font-weight: 400;\">dar \u0219i cu <\/span><b>trei depozite moderne<\/b><span style=\"font-weight: 400;\"> (Cluj, Bucure\u0219ti \u0219i Timi\u0219oara), cu o <\/span><span style=\"font-weight: 400;\">capacitate total\u0103 de stocare de <\/span><b>peste 200 km de arhiv\u0103<\/b><span style=\"font-weight: 400;\">.<\/span><\/p>\n<p><span style=\"font-weight: 400;\">Arhivatorul ofer\u0103<\/span><b> servicii de arhivare end-to-end<\/b><span style=\"font-weight: 400;\"> la nivel na\u021bional. Cu alte cuvinte, ne ocup\u0103m de la documentele clien\u021bilor no\u0219tri de la <\/span><b>etapa prelu\u0103rii \u0219i transportului arhivei la depozit<\/b><span style=\"font-weight: 400;\">, p\u00e2n\u0103 la <\/span><b>prelucrarea, legarea, depozitarea \u0219i retro-digitarea documentelor<\/b><span style=\"font-weight: 400;\">. \u00cen plus, includem servicii precum <\/span><b>arhivarea electronic\u0103<\/b><span style=\"font-weight: 400;\"> \u0219i <\/span><b>semn\u0103tura digital\u0103<\/b><span style=\"font-weight: 400;\">, oferind, \u00een acela\u0219i timp, una dintre<\/span><b> cele mai avansate platforme de business management<\/b><span style=\"font-weight: 400;\">.<\/span><\/p>\n\n\t\t<\/div>\n\t<\/div>\n<\/div><\/div><\/div><div class=\"wpb_column vc_column_container vc_col-sm-3\"><div class=\"vc_column-inner\"><div class=\"wpb_wrapper\">\n\t<div  class=\"wpb_single_image wpb_content_element vc_align_left wpb_content_element\">\n\t\t\n\t\t<figure class=\"wpb_wrapper vc_figure\">\n\t\t\t<div class=\"vc_single_image-wrapper   vc_box_border_grey\"><img width=\"1188\" height=\"793\" src=\"https:\/\/piafer.ro\/wp-content\/uploads\/2022\/03\/Arhivatorul_Depozit.jpeg\" class=\"vc_single_image-img attachment-full\" alt=\"Arhivatorul_Depozit\" decoding=\"async\" title=\"Arhivatorul_Depozit\" srcset=\"https:\/\/piafer.ro\/wp-content\/uploads\/2022\/03\/Arhivatorul_Depozit.jpeg 1188w, https:\/\/piafer.ro\/wp-content\/uploads\/2022\/03\/Arhivatorul_Depozit-300x200.jpeg 300w, https:\/\/piafer.ro\/wp-content\/uploads\/2022\/03\/Arhivatorul_Depozit-1024x684.jpeg 1024w, https:\/\/piafer.ro\/wp-content\/uploads\/2022\/03\/Arhivatorul_Depozit-768x513.jpeg 768w\" sizes=\"(max-width: 1188px) 100vw, 1188px\" \/><\/div>\n\t\t<\/figure>\n\t<\/div>\n\n\t<div  class=\"wpb_single_image wpb_content_element vc_align_left wpb_content_element\">\n\t\t\n\t\t<figure class=\"wpb_wrapper vc_figure\">\n\t\t\t<div class=\"vc_single_image-wrapper   vc_box_border_grey\"><img width=\"1188\" height=\"793\" src=\"https:\/\/piafer.ro\/wp-content\/uploads\/2022\/03\/Arhivatorul_Depozit2.jpeg\" class=\"vc_single_image-img attachment-full\" alt=\"Arhivatorul_Depozit2\" decoding=\"async\" title=\"Arhivatorul_Depozit2\" srcset=\"https:\/\/piafer.ro\/wp-content\/uploads\/2022\/03\/Arhivatorul_Depozit2.jpeg 1188w, https:\/\/piafer.ro\/wp-content\/uploads\/2022\/03\/Arhivatorul_Depozit2-300x200.jpeg 300w, https:\/\/piafer.ro\/wp-content\/uploads\/2022\/03\/Arhivatorul_Depozit2-1024x684.jpeg 1024w, https:\/\/piafer.ro\/wp-content\/uploads\/2022\/03\/Arhivatorul_Depozit2-768x513.jpeg 768w\" sizes=\"(max-width: 1188px) 100vw, 1188px\" \/><\/div>\n\t\t<\/figure>\n\t<\/div>\n<div class=\"vc_empty_space\"   style=\"height: 15px\"><span class=\"vc_empty_space_inner\"><\/span><\/div><div class=\"wpb_gmaps_widget wpb_content_element\"><div class=\"wpb_wrapper\"><div class=\"wpb_map_wraper\"><iframe src=\"https:\/\/www.google.com\/maps\/embed?pb=!1m18!1m12!1m3!1d2748.9214974143806!2d23.94659701634916!3d46.450252479124956!2m3!1f0!2f0!3f0!3m2!1i1024!2i768!4f13.1!3m3!1m2!1s0x474be026954d7533%3A0xf52fd3a861665c39!2sArhivatorul!5e0!3m2!1sen!2sro!4v1648497541706!5m2!1sen!2sro\" width=\"600\" height=\"450\" style=\"border:0;\" allowfullscreen=\"\" loading=\"lazy\" referrerpolicy=\"no-referrer-when-downgrade\"><\/iframe><\/div><\/div><\/div><\/div><\/div><\/div><\/div>\n<\/div>","protected":false},"excerpt":{"rendered":"ArchivIT Arhivatorul CertSIGN DAS GAM SDA NEXTDOCS ECM E-mailcontact@arhivatorul.ro AdresaDepozit central Transilvania: Luncani, str. Depozitului nr. 4, Comuna Luna, judet Cluj, Tel: Adeverinte: +40 371 237 130, Tel. Vanzari: +40 371 236 419 AdresaDepozit Regional Vest-Banat: Strada Albert Einstein nr. 2, Dumbravita, Judetul Timis, Tel: +40 371 236 419 AdresaDepozit Regional Sud Muntenia si Moldova: [...]","protected":false},"author":1,"featured_media":0,"parent":0,"menu_order":0,"comment_status":"closed","ping_status":"closed","template":"","meta":[],"yoast_head":"<!-- This site is optimized with the Yoast SEO plugin v19.2 - https:\/\/yoast.com\/wordpress\/plugins\/seo\/ -->\n<title>Arhivatorul - Piafer<\/title>\n<meta name=\"robots\" content=\"index, follow, max-snippet:-1, max-image-preview:large, max-video-preview:-1\" \/>\n<link rel=\"canonical\" href=\"https:\/\/piafer.ro\/en\/arhivatorul\/\" \/>\n<meta property=\"og:locale\" content=\"en_US\" \/>\n<meta property=\"og:type\" content=\"article\" \/>\n<meta property=\"og:title\" content=\"Arhivatorul - Piafer\" \/>\n<meta property=\"og:url\" content=\"https:\/\/piafer.ro\/en\/arhivatorul\/\" \/>\n<meta property=\"og:site_name\" content=\"Piafer\" \/>\n<meta property=\"article:modified_time\" content=\"2026-04-08T07:16:59+00:00\" \/>\n<meta name=\"author\" content=\"arhiv\" \/>\n<meta name=\"twitter:card\" content=\"summary_large_image\" \/>\n<meta name=\"twitter:label1\" content=\"Est. reading time\" \/>\n\t<meta name=\"twitter:data1\" content=\"2 minutes\" \/>\n<script type=\"application\/ld+json\" class=\"yoast-schema-graph\">{\"@context\":\"https:\/\/schema.org\",\"@graph\":[{\"@type\":\"WebSite\",\"@id\":\"https:\/\/piafer.ro\/#website\",\"url\":\"https:\/\/piafer.ro\/\",\"name\":\"Piafer\",\"description\":\"Patronatul \u00centreprinderilor de Arhivare Fizic\u0103 \u0219i Electronic\u0103 din Rom\u00e2nia\",\"potentialAction\":[{\"@type\":\"SearchAction\",\"target\":{\"@type\":\"EntryPoint\",\"urlTemplate\":\"https:\/\/piafer.ro\/?s={search_term_string}\"},\"query-input\":\"required name=search_term_string\"}],\"inLanguage\":\"en-US\"},{\"@type\":\"WebPage\",\"@id\":\"https:\/\/piafer.ro\/arhivatorul\/#webpage\",\"url\":\"https:\/\/piafer.ro\/arhivatorul\/\",\"name\":\"Arhivatorul - Piafer\",\"isPartOf\":{\"@id\":\"https:\/\/piafer.ro\/#website\"},\"datePublished\":\"2022-03-28T19:52:37+00:00\",\"dateModified\":\"2026-04-08T07:16:59+00:00\",\"breadcrumb\":{\"@id\":\"https:\/\/piafer.ro\/arhivatorul\/#breadcrumb\"},\"inLanguage\":\"en-US\",\"potentialAction\":[{\"@type\":\"ReadAction\",\"target\":[\"https:\/\/piafer.ro\/arhivatorul\/\"]}]},{\"@type\":\"BreadcrumbList\",\"@id\":\"https:\/\/piafer.ro\/arhivatorul\/#breadcrumb\",\"itemListElement\":[{\"@type\":\"ListItem\",\"position\":1,\"name\":\"Prima pagin\u0103\",\"item\":\"https:\/\/piafer.ro\/\"},{\"@type\":\"ListItem\",\"position\":2,\"name\":\"Arhivatorul\"}]}]}<\/script>\n<!-- \/ Yoast SEO plugin. -->","yoast_head_json":{"title":"Arhivatorul - Piafer","robots":{"index":"index","follow":"follow","max-snippet":"max-snippet:-1","max-image-preview":"max-image-preview:large","max-video-preview":"max-video-preview:-1"},"canonical":"https:\/\/piafer.ro\/en\/arhivatorul\/","og_locale":"en_US","og_type":"article","og_title":"Arhivatorul - Piafer","og_url":"https:\/\/piafer.ro\/en\/arhivatorul\/","og_site_name":"Piafer","article_modified_time":"2026-04-08T07:16:59+00:00","author":"arhiv","twitter_card":"summary_large_image","twitter_misc":{"Est. reading time":"2 minutes"},"schema":{"@context":"https:\/\/schema.org","@graph":[{"@type":"WebSite","@id":"https:\/\/piafer.ro\/#website","url":"https:\/\/piafer.ro\/","name":"Piafer","description":"Patronatul \u00centreprinderilor de Arhivare Fizic\u0103 \u0219i Electronic\u0103 din Rom\u00e2nia","potentialAction":[{"@type":"SearchAction","target":{"@type":"EntryPoint","urlTemplate":"https:\/\/piafer.ro\/?s={search_term_string}"},"query-input":"required name=search_term_string"}],"inLanguage":"en-US"},{"@type":"WebPage","@id":"https:\/\/piafer.ro\/arhivatorul\/#webpage","url":"https:\/\/piafer.ro\/arhivatorul\/","name":"Arhivatorul - Piafer","isPartOf":{"@id":"https:\/\/piafer.ro\/#website"},"datePublished":"2022-03-28T19:52:37+00:00","dateModified":"2026-04-08T07:16:59+00:00","breadcrumb":{"@id":"https:\/\/piafer.ro\/arhivatorul\/#breadcrumb"},"inLanguage":"en-US","potentialAction":[{"@type":"ReadAction","target":["https:\/\/piafer.ro\/arhivatorul\/"]}]},{"@type":"BreadcrumbList","@id":"https:\/\/piafer.ro\/arhivatorul\/#breadcrumb","itemListElement":[{"@type":"ListItem","position":1,"name":"Prima pagin\u0103","item":"https:\/\/piafer.ro\/"},{"@type":"ListItem","position":2,"name":"Arhivatorul"}]}]}},"_links":{"self":[{"href":"https:\/\/piafer.ro\/en\/wp-json\/wp\/v2\/pages\/4506"}],"collection":[{"href":"https:\/\/piafer.ro\/en\/wp-json\/wp\/v2\/pages"}],"about":[{"href":"https:\/\/piafer.ro\/en\/wp-json\/wp\/v2\/types\/page"}],"author":[{"embeddable":true,"href":"https:\/\/piafer.ro\/en\/wp-json\/wp\/v2\/users\/1"}],"replies":[{"embeddable":true,"href":"https:\/\/piafer.ro\/en\/wp-json\/wp\/v2\/comments?post=4506"}],"version-history":[{"count":14,"href":"https:\/\/piafer.ro\/en\/wp-json\/wp\/v2\/pages\/4506\/revisions"}],"predecessor-version":[{"id":6356,"href":"https:\/\/piafer.ro\/en\/wp-json\/wp\/v2\/pages\/4506\/revisions\/6356"}],"wp:attachment":[{"href":"https:\/\/piafer.ro\/en\/wp-json\/wp\/v2\/media?parent=4506"}],"curies":[{"name":"wp","href":"https:\/\/api.w.org\/{rel}","templated":true}]}}