{"id":4517,"date":"2022-03-28T20:01:21","date_gmt":"2022-03-28T20:01:21","guid":{"rendered":"https:\/\/piafer.ro\/?page_id=4517"},"modified":"2026-04-08T07:15:58","modified_gmt":"2026-04-08T07:15:58","slug":"certsign","status":"publish","type":"page","link":"https:\/\/piafer.ro\/en\/certsign\/","title":{"rendered":"CertSIGN"},"content":{"rendered":"<div class=\"wpb-content-wrapper\"><div class=\"vc_row wpb_row vc_row-fluid\"><div class=\"wpb_column vc_column_container vc_col-sm-12\"><div class=\"vc_column-inner\"><div class=\"wpb_wrapper\"><div class=\"vc_empty_space\"   style=\"height: 32px\"><span class=\"vc_empty_space_inner\"><\/span><\/div><\/div><\/div><\/div><\/div><div class=\"vc_row wpb_row vc_row-fluid\"><div class=\"wpb_column vc_column_container vc_col-sm-3\"><div class=\"vc_column-inner\"><div class=\"wpb_wrapper\">\n\t<div class=\"wpb_raw_code wpb_raw_html wpb_content_element\" >\n\t\t<div class=\"wpb_wrapper\">\n\t\t\t<div id=\"sidebar\">\n<div class=\"content widget-area\">\n<aside id=\"nav_menu-6\" class=\"widget widget_nav_menu\"><div class=\"menu-storage-types-container\"><ul id=\"menu-storage-types\" class=\"menu\">\n<li id=\"menu-item-3234\" class=\"menu-item menu-item-type-post_type menu-item-object-page menu-item-3234\"><a href=\"https:\/\/piafer.ro\/en\/archivit\/\">ArchivIT<\/a><\/li>\n<li id=\"menu-item-3235\" class=\"menu-item menu-item-type-post_type menu-item-object-page menu-item-3235\"><a href=\"https:\/\/piafer.ro\/en\/arhivatorul\/\">Arhivatorul<\/a><\/li>\n<li id=\"menu-item-3236\" class=\"menu-item menu-item-type-post_type menu-item-object-page page-item-3227 menu-item-3236 current-menu-item page_item current_page_item\"><a href=\"https:\/\/piafer.ro\/en\/certsign\/\" aria-current=\"page\">CertSIGN<\/a><\/li>\n<li id=\"menu-item-3237\" class=\"menu-item menu-item-type-post_type menu-item-object-page menu-item-3237\"><a href=\"https:\/\/piafer.ro\/en\/das\/\">DAS<\/a><\/li>\n<li id=\"menu-item-3237\" class=\"menu-item menu-item-type-post_type menu-item-object-page menu-item-3237\"><a href=\"https:\/\/piafer.ro\/en\/gam\/\">GAM<\/a><\/li>\n<li id=\"menu-item-3237\" class=\"menu-item menu-item-type-post_type menu-item-object-page menu-item-3237\"><a href=\"https:\/\/piafer.ro\/en\/sda\/\">SDA<\/a><\/li>\n<li id=\"menu-item-3237\" class=\"menu-item menu-item-type-post_type menu-item-object-page menu-item-3237\"><a href=\"https:\/\/piafer.ro\/en\/nextdocs-ecm-expert-si-nextdocs-confidential\/\">NEXTDOCS ECM<\/a><\/li>\n\n<\/ul><\/div><\/aside><\/div><!-- .content widget-area -->\n<\/div>\n\t\t<\/div>\n\t<\/div>\n\n\t<div  class=\"wpb_single_image wpb_content_element vc_align_left wpb_content_element\">\n\t\t\n\t\t<figure class=\"wpb_wrapper vc_figure\">\n\t\t\t<div class=\"vc_single_image-wrapper   vc_box_border_grey\"><img width=\"313\" height=\"63\" src=\"https:\/\/piafer.ro\/wp-content\/uploads\/2022\/03\/certsign_logo.png\" class=\"vc_single_image-img attachment-full\" alt=\"certsign_logo\" decoding=\"async\" title=\"certsign_logo\" srcset=\"https:\/\/piafer.ro\/wp-content\/uploads\/2022\/03\/certsign_logo.png 313w, https:\/\/piafer.ro\/wp-content\/uploads\/2022\/03\/certsign_logo-300x60.png 300w\" sizes=\"(max-width: 313px) 100vw, 313px\" \/><\/div>\n\t\t<\/figure>\n\t<\/div>\n\n\t<div class=\"wpb_raw_code wpb_raw_html wpb_content_element\" >\n\t\t<div class=\"wpb_wrapper\">\n\t\t\t<aside id=\"iconbox-10\" class=\"widget iconbox\"><div class=\"icon-box_w_text\"><i class=\"fa icon-box-w_al fa-fw fa-envelope\" style=\"color:#fe9866\"><\/i><span class=\"icon-box-w_title\">E-mail<\/span><span class=\"icon-box-w_desc\">office@certsign.ro<\/span><\/div><\/aside>\n<aside id=\"iconbox-10\" class=\"widget iconbox\"><div class=\"icon-box_w_text\"><i class=\"fa icon-box-w_al fa-fw fa-phone\" style=\"color:#fe9866\"><\/i><span class=\"icon-box-w_title\">Telefon contact<\/span><span class=\"icon-box-w_desc\">+4 031 101 1870<\/span><\/div><\/aside>\n<aside id=\"iconbox-10\" class=\"widget iconbox\"><div class=\"icon-box_w_text\"><i class=\"fa icon-box-w_al fa-fw fa-globe\" style=\"color:#fe9866\"><\/i><span class=\"icon-box-w_title\">Website<\/span><span class=\"icon-box-w_desc\">https:\/\/www.certsign.ro <\/span><\/div><\/aside>\n\n\n\t\t<\/div>\n\t<\/div>\n<\/div><\/div><\/div><div class=\"wpb_column vc_column_container vc_col-sm-6\"><div class=\"vc_column-inner\"><div class=\"wpb_wrapper\">\n\t<div class=\"wpb_text_column wpb_content_element\" >\n\t\t<div class=\"wpb_wrapper\">\n\t\t\t<p><span style=\"font-weight: 400;\">certSIGN, principalul produc\u0103tor \u0219i dezvoltator de solu\u021bii criptografice \u0219i servicii de \u00eencredere din Rom\u00e2nia, furnizeaz\u0103 servicii de \u00eencredere \u00een conformitate cu cerin\u021bele Regulamentului eIDAS. Solu\u021biile sale sunt dezvoltate integral \u00een Rom\u00e2nia \u0219i proiectate special pentru necesit\u0103\u021bile specifice mediului de business \u0219i pentru garantarea siguran\u021bei datelor personale. certSIGN te ajut\u0103 s\u0103 protejezi informa\u021biile electronice, de la contracte \u0219i tranzac\u021bii online pan\u0103 la informa\u021bii salvate pe sta\u021biile de lucru \u0219i servere, desf\u0103\u0219ur\u00e2nd proiecte \u00een domeniul identit\u0103\u021bii digitale, a semn\u0103turilor electronice \u0219i securit\u0103\u021bii cibernetice \u00een peste 20 de \u021b\u0103ri.\u00a0<\/span><\/p>\n<p><span style=\"font-weight: 400;\">certSIGN activeaz\u0103 \u0219i pe pia\u021ba arhiv\u0103rii documentelor din anul 2013, fiind furnizor autorizat pentru \u00eentreaga palet\u0103 de servicii arhivistice, at\u00e2t fizice, c\u00e2t \u0219i electronice, fiind printre pu\u021binii juc\u0103tori din pia\u021b\u0103 care presteaz\u0103 toate serviciile cu resurse proprii.<\/span><\/p>\n\n\t\t<\/div>\n\t<\/div>\n<\/div><\/div><\/div><div class=\"wpb_column vc_column_container vc_col-sm-3\"><div class=\"vc_column-inner\"><div class=\"wpb_wrapper\">\n\t<div  class=\"wpb_single_image wpb_content_element vc_align_left wpb_content_element\">\n\t\t\n\t\t<figure class=\"wpb_wrapper vc_figure\">\n\t\t\t<div class=\"vc_single_image-wrapper   vc_box_border_grey\"><img width=\"800\" height=\"450\" src=\"https:\/\/piafer.ro\/wp-content\/uploads\/2022\/03\/Foto-certSIGN_1.jpg\" class=\"vc_single_image-img attachment-full\" alt=\"Foto certSIGN_1\" decoding=\"async\" title=\"Foto certSIGN_1\" srcset=\"https:\/\/piafer.ro\/wp-content\/uploads\/2022\/03\/Foto-certSIGN_1.jpg 800w, https:\/\/piafer.ro\/wp-content\/uploads\/2022\/03\/Foto-certSIGN_1-300x169.jpg 300w, https:\/\/piafer.ro\/wp-content\/uploads\/2022\/03\/Foto-certSIGN_1-768x432.jpg 768w\" sizes=\"(max-width: 800px) 100vw, 800px\" \/><\/div>\n\t\t<\/figure>\n\t<\/div>\n\n\t<div  class=\"wpb_single_image wpb_content_element vc_align_left wpb_content_element\">\n\t\t\n\t\t<figure class=\"wpb_wrapper vc_figure\">\n\t\t\t<div class=\"vc_single_image-wrapper   vc_box_border_grey\"><img width=\"800\" height=\"450\" src=\"https:\/\/piafer.ro\/wp-content\/uploads\/2022\/03\/Foto-certSIGN_2.jpg\" class=\"vc_single_image-img attachment-full\" alt=\"Foto certSIGN_2\" decoding=\"async\" title=\"Foto certSIGN_2\" srcset=\"https:\/\/piafer.ro\/wp-content\/uploads\/2022\/03\/Foto-certSIGN_2.jpg 800w, https:\/\/piafer.ro\/wp-content\/uploads\/2022\/03\/Foto-certSIGN_2-300x169.jpg 300w, https:\/\/piafer.ro\/wp-content\/uploads\/2022\/03\/Foto-certSIGN_2-768x432.jpg 768w\" sizes=\"(max-width: 800px) 100vw, 800px\" \/><\/div>\n\t\t<\/figure>\n\t<\/div>\n<div class=\"vc_empty_space\"   style=\"height: 15px\"><span class=\"vc_empty_space_inner\"><\/span><\/div><div class=\"wpb_gmaps_widget wpb_content_element\"><div class=\"wpb_wrapper\"><div class=\"wpb_map_wraper\"><iframe src=\"https:\/\/www.google.com\/maps\/embed?pb=!1m18!1m12!1m3!1d5790.961902562167!2d23.60282913731604!3d46.765475204565426!2m3!1f0!2f0!3f0!3m2!1i1024!2i768!4f13.1!3m3!1m2!1s0x47490d9e0d3936bd%3A0x8794576a53c4a2de!2scertSIGN!5e0!3m2!1sen!2sro!4v1648498439387!5m2!1sen!2sro\" width=\"600\" height=\"450\" style=\"border:0;\" allowfullscreen=\"\" loading=\"lazy\" referrerpolicy=\"no-referrer-when-downgrade\"><\/iframe><\/div><\/div><\/div><\/div><\/div><\/div><\/div>\n<\/div>","protected":false},"excerpt":{"rendered":"ArchivIT Arhivatorul CertSIGN DAS GAM SDA NEXTDOCS ECM E-mailoffice@certsign.ro Telefon contact+4 031 101 1870 Websitehttps:\/\/www.certsign.ro certSIGN, principalul produc\u0103tor \u0219i dezvoltator de solu\u021bii criptografice \u0219i servicii de \u00eencredere din Rom\u00e2nia, furnizeaz\u0103 servicii de \u00eencredere \u00een conformitate cu cerin\u021bele Regulamentului eIDAS. Solu\u021biile sale sunt dezvoltate integral \u00een Rom\u00e2nia \u0219i proiectate special pentru necesit\u0103\u021bile specifice mediului de business [...]","protected":false},"author":1,"featured_media":0,"parent":0,"menu_order":0,"comment_status":"closed","ping_status":"closed","template":"","meta":[],"yoast_head":"<!-- This site is optimized with the Yoast SEO plugin v19.2 - https:\/\/yoast.com\/wordpress\/plugins\/seo\/ -->\n<title>CertSIGN - Piafer<\/title>\n<meta name=\"robots\" content=\"index, follow, max-snippet:-1, max-image-preview:large, max-video-preview:-1\" \/>\n<link rel=\"canonical\" href=\"https:\/\/piafer.ro\/en\/certsign\/\" \/>\n<meta property=\"og:locale\" content=\"en_US\" \/>\n<meta property=\"og:type\" content=\"article\" \/>\n<meta property=\"og:title\" content=\"CertSIGN - Piafer\" \/>\n<meta property=\"og:url\" content=\"https:\/\/piafer.ro\/en\/certsign\/\" \/>\n<meta property=\"og:site_name\" content=\"Piafer\" \/>\n<meta property=\"article:modified_time\" content=\"2026-04-08T07:15:58+00:00\" \/>\n<meta name=\"author\" content=\"arhiv\" \/>\n<meta name=\"twitter:card\" content=\"summary_large_image\" \/>\n<meta name=\"twitter:label1\" content=\"Est. reading time\" \/>\n\t<meta name=\"twitter:data1\" content=\"3 minutes\" \/>\n<script type=\"application\/ld+json\" class=\"yoast-schema-graph\">{\"@context\":\"https:\/\/schema.org\",\"@graph\":[{\"@type\":\"WebSite\",\"@id\":\"https:\/\/piafer.ro\/#website\",\"url\":\"https:\/\/piafer.ro\/\",\"name\":\"Piafer\",\"description\":\"Patronatul \u00centreprinderilor de Arhivare Fizic\u0103 \u0219i Electronic\u0103 din Rom\u00e2nia\",\"potentialAction\":[{\"@type\":\"SearchAction\",\"target\":{\"@type\":\"EntryPoint\",\"urlTemplate\":\"https:\/\/piafer.ro\/?s={search_term_string}\"},\"query-input\":\"required name=search_term_string\"}],\"inLanguage\":\"en-US\"},{\"@type\":\"WebPage\",\"@id\":\"https:\/\/piafer.ro\/certsign\/#webpage\",\"url\":\"https:\/\/piafer.ro\/certsign\/\",\"name\":\"CertSIGN - Piafer\",\"isPartOf\":{\"@id\":\"https:\/\/piafer.ro\/#website\"},\"datePublished\":\"2022-03-28T20:01:21+00:00\",\"dateModified\":\"2026-04-08T07:15:58+00:00\",\"breadcrumb\":{\"@id\":\"https:\/\/piafer.ro\/certsign\/#breadcrumb\"},\"inLanguage\":\"en-US\",\"potentialAction\":[{\"@type\":\"ReadAction\",\"target\":[\"https:\/\/piafer.ro\/certsign\/\"]}]},{\"@type\":\"BreadcrumbList\",\"@id\":\"https:\/\/piafer.ro\/certsign\/#breadcrumb\",\"itemListElement\":[{\"@type\":\"ListItem\",\"position\":1,\"name\":\"Prima pagin\u0103\",\"item\":\"https:\/\/piafer.ro\/\"},{\"@type\":\"ListItem\",\"position\":2,\"name\":\"CertSIGN\"}]}]}<\/script>\n<!-- \/ Yoast SEO plugin. -->","yoast_head_json":{"title":"CertSIGN - Piafer","robots":{"index":"index","follow":"follow","max-snippet":"max-snippet:-1","max-image-preview":"max-image-preview:large","max-video-preview":"max-video-preview:-1"},"canonical":"https:\/\/piafer.ro\/en\/certsign\/","og_locale":"en_US","og_type":"article","og_title":"CertSIGN - Piafer","og_url":"https:\/\/piafer.ro\/en\/certsign\/","og_site_name":"Piafer","article_modified_time":"2026-04-08T07:15:58+00:00","author":"arhiv","twitter_card":"summary_large_image","twitter_misc":{"Est. reading time":"3 minutes"},"schema":{"@context":"https:\/\/schema.org","@graph":[{"@type":"WebSite","@id":"https:\/\/piafer.ro\/#website","url":"https:\/\/piafer.ro\/","name":"Piafer","description":"Patronatul \u00centreprinderilor de Arhivare Fizic\u0103 \u0219i Electronic\u0103 din Rom\u00e2nia","potentialAction":[{"@type":"SearchAction","target":{"@type":"EntryPoint","urlTemplate":"https:\/\/piafer.ro\/?s={search_term_string}"},"query-input":"required name=search_term_string"}],"inLanguage":"en-US"},{"@type":"WebPage","@id":"https:\/\/piafer.ro\/certsign\/#webpage","url":"https:\/\/piafer.ro\/certsign\/","name":"CertSIGN - Piafer","isPartOf":{"@id":"https:\/\/piafer.ro\/#website"},"datePublished":"2022-03-28T20:01:21+00:00","dateModified":"2026-04-08T07:15:58+00:00","breadcrumb":{"@id":"https:\/\/piafer.ro\/certsign\/#breadcrumb"},"inLanguage":"en-US","potentialAction":[{"@type":"ReadAction","target":["https:\/\/piafer.ro\/certsign\/"]}]},{"@type":"BreadcrumbList","@id":"https:\/\/piafer.ro\/certsign\/#breadcrumb","itemListElement":[{"@type":"ListItem","position":1,"name":"Prima pagin\u0103","item":"https:\/\/piafer.ro\/"},{"@type":"ListItem","position":2,"name":"CertSIGN"}]}]}},"_links":{"self":[{"href":"https:\/\/piafer.ro\/en\/wp-json\/wp\/v2\/pages\/4517"}],"collection":[{"href":"https:\/\/piafer.ro\/en\/wp-json\/wp\/v2\/pages"}],"about":[{"href":"https:\/\/piafer.ro\/en\/wp-json\/wp\/v2\/types\/page"}],"author":[{"embeddable":true,"href":"https:\/\/piafer.ro\/en\/wp-json\/wp\/v2\/users\/1"}],"replies":[{"embeddable":true,"href":"https:\/\/piafer.ro\/en\/wp-json\/wp\/v2\/comments?post=4517"}],"version-history":[{"count":18,"href":"https:\/\/piafer.ro\/en\/wp-json\/wp\/v2\/pages\/4517\/revisions"}],"predecessor-version":[{"id":6355,"href":"https:\/\/piafer.ro\/en\/wp-json\/wp\/v2\/pages\/4517\/revisions\/6355"}],"wp:attachment":[{"href":"https:\/\/piafer.ro\/en\/wp-json\/wp\/v2\/media?parent=4517"}],"curies":[{"name":"wp","href":"https:\/\/api.w.org\/{rel}","templated":true}]}}