{"id":4532,"date":"2022-03-28T20:20:24","date_gmt":"2022-03-28T20:20:24","guid":{"rendered":"https:\/\/piafer.ro\/?page_id=4532"},"modified":"2026-04-08T07:15:44","modified_gmt":"2026-04-08T07:15:44","slug":"das","status":"publish","type":"page","link":"https:\/\/piafer.ro\/en\/das\/","title":{"rendered":"DAS"},"content":{"rendered":"<div class=\"wpb-content-wrapper\"><div class=\"vc_row wpb_row vc_row-fluid\"><div class=\"wpb_column vc_column_container vc_col-sm-12\"><div class=\"vc_column-inner\"><div class=\"wpb_wrapper\"><div class=\"vc_empty_space\"   style=\"height: 32px\"><span class=\"vc_empty_space_inner\"><\/span><\/div><\/div><\/div><\/div><\/div><div class=\"vc_row wpb_row vc_row-fluid\"><div class=\"wpb_column vc_column_container vc_col-sm-3\"><div class=\"vc_column-inner\"><div class=\"wpb_wrapper\">\n\t<div class=\"wpb_raw_code wpb_raw_html wpb_content_element\" >\n\t\t<div class=\"wpb_wrapper\">\n\t\t\t<div id=\"sidebar\">\n<div class=\"content widget-area\">\n<aside id=\"nav_menu-6\" class=\"widget widget_nav_menu\"><div class=\"menu-storage-types-container\"><ul id=\"menu-storage-types\" class=\"menu\">\n<li id=\"menu-item-3234\" class=\"menu-item menu-item-type-post_type menu-item-object-page menu-item-3234\"><a href=\"https:\/\/piafer.ro\/en\/archivit\/\">ArchivIT<\/a><\/li>\n<li id=\"menu-item-3235\" class=\"menu-item menu-item-type-post_type menu-item-object-page menu-item-3235\"><a href=\"https:\/\/piafer.ro\/en\/arhivatorul\/\">Arhivatorul<\/a><\/li>\n<li id=\"menu-item-3236\" class=\"menu-item menu-item-type-post_type menu-item-object-page page-item-3227 menu-item-3236\"><a href=\"https:\/\/piafer.ro\/en\/certsign\/\" aria-current=\"page\">CertSIGN<\/a><\/li>\n<li id=\"menu-item-3237\" class=\"menu-item menu-item-type-post_type menu-item-object-page menu-item-3237 current-menu-item page_item current_page_item\"><a href=\"https:\/\/piafer.ro\/en\/das\/\">DAS<\/a><\/li>\n<li id=\"menu-item-3237\" class=\"menu-item menu-item-type-post_type menu-item-object-page menu-item-3237\"><a href=\"https:\/\/piafer.ro\/en\/gam\/\">GAM<\/a><\/li>\n<li id=\"menu-item-3237\" class=\"menu-item menu-item-type-post_type menu-item-object-page menu-item-3237\"><a href=\"https:\/\/piafer.ro\/en\/sda\/\">SDA<\/a><\/li>\n<li id=\"menu-item-3237\" class=\"menu-item menu-item-type-post_type menu-item-object-page menu-item-3237\"><a href=\"https:\/\/piafer.ro\/en\/nextdocs-ecm-expert-si-nextdocs-confidential\/\">NEXTDOCS ECM<\/a><\/li>\n\n<\/ul><\/div><\/aside><\/div><!-- .content widget-area -->\n<\/div>\n\t\t<\/div>\n\t<\/div>\n\n\t<div  class=\"wpb_single_image wpb_content_element vc_align_left wpb_content_element\">\n\t\t\n\t\t<figure class=\"wpb_wrapper vc_figure\">\n\t\t\t<div class=\"vc_single_image-wrapper   vc_box_border_grey\"><img width=\"1037\" height=\"499\" src=\"https:\/\/piafer.ro\/wp-content\/uploads\/2022\/03\/logo-DAS-final-vector-1.png\" class=\"vc_single_image-img attachment-full\" alt=\"logo DAS final-vector-1\" decoding=\"async\" title=\"logo DAS final-vector-1\" srcset=\"https:\/\/piafer.ro\/wp-content\/uploads\/2022\/03\/logo-DAS-final-vector-1.png 1037w, https:\/\/piafer.ro\/wp-content\/uploads\/2022\/03\/logo-DAS-final-vector-1-300x144.png 300w, https:\/\/piafer.ro\/wp-content\/uploads\/2022\/03\/logo-DAS-final-vector-1-1024x493.png 1024w, https:\/\/piafer.ro\/wp-content\/uploads\/2022\/03\/logo-DAS-final-vector-1-768x370.png 768w\" sizes=\"(max-width: 1037px) 100vw, 1037px\" \/><\/div>\n\t\t<\/figure>\n\t<\/div>\n\n\t<div class=\"wpb_raw_code wpb_raw_html wpb_content_element\" >\n\t\t<div class=\"wpb_wrapper\">\n\t\t\t<aside id=\"iconbox-10\" class=\"widget iconbox\"><div class=\"icon-box_w_text\"><i class=\"fa icon-box-w_al fa-fw fa-envelope\" style=\"color:#fe9866\"><\/i><span class=\"icon-box-w_title\">E-mail<\/span><span class=\"icon-box-w_desc\">office@arhivam.ro<\/span><\/div><\/aside>\n<aside id=\"iconbox-10\" class=\"widget iconbox\">\n\n<aside id=\"iconbox-10\" class=\"widget iconbox\"><div class=\"icon-box_w_text\"><i class=\"fa icon-box-w_al fa-fw fa-phone\" style=\"color:#fe9866\"><\/i><span class=\"icon-box-w_title\">Telefon contact<\/span><span class=\"icon-box-w_desc\">+40 (21) 312 85 94<\/span><\/div><\/aside>\n<aside id=\"iconbox-10\" class=\"widget iconbox\"><div class=\"icon-box_w_text\"><i class=\"fa icon-box-w_al fa-fw fa-globe\" style=\"color:#fe9866\"><\/i><span class=\"icon-box-w_title\">Website<\/span><span class=\"icon-box-w_desc\">https:\/\/arhivam.ro\/<\/span><\/div><\/aside>\n\t\t<\/div>\n\t<\/div>\n<\/div><\/div><\/div><div class=\"wpb_column vc_column_container vc_col-sm-6\"><div class=\"vc_column-inner\"><div class=\"wpb_wrapper\">\n\t<div class=\"wpb_text_column wpb_content_element\" >\n\t\t<div class=\"wpb_wrapper\">\n\t\t\t<p><span style=\"font-weight: 400;\">\u00cencep\u00e2nd cu anul 2009, Digital Archiving Solutions furnizeaz\u0103 pe pia\u021ba din Rom\u00e2nia servicii profesionale de arhivare fizic\u0103 \u0219i arhivare electronic\u0103. Securitatea, \u00eencrederea \u0219i confiden\u021bialitatea sunt valorile fundamentale ale companiei noastre, ce ne-au permis s\u0103 construim, al\u0103turi de o echip\u0103 dedicat\u0103 \u0219i profesionist\u0103, rela\u021bii solide cu fiecare dintre clien\u021bii no\u0219tri.<\/span><\/p>\n<p><span style=\"font-weight: 400;\">Paleta de clien\u021bi este una diversificat\u0103 \u0219i include at\u00e2t companii private, c\u00e2t \u0219i institu\u021bii publice. Majoritatea celor mai mari clien\u021bi priva\u021bi sunt lideri pe sectorul \u00een care activeaz\u0103, iar institu\u021biile publice sunt at\u00e2t centrale, c\u00e2t \u0219i locale.<\/span><\/p>\n<p><span style=\"font-weight: 400;\">Digital Archiving Solutions de\u021bine autoriza\u021bii pentru arhivare fizic\u0103 emise de c\u0103tre Arhivele Na\u021bionale ale Rom\u00e2niei \u0219i autoriza\u021bie pentru arhivare electronic\u0103 emis\u0103 de c\u0103tre MCSI. Mai mult, fluxurile de lucru au standarde specifice care sunt recunoscute de Organiza\u021bia Interna\u021bional\u0103 pentru Standardizare (ISO 27001, ISO 14001, ISO 9001, ISO 27701) \u0219i respect\u0103 exigen\u021bele Autorit\u0103\u021bii Na\u021bionale de Supraveghere a Prelucr\u0103rii Datelor.<\/span><\/p>\n<p><span style=\"font-weight: 400;\">\u00centreaga gam\u0103 de servicii este furnizat\u0103 \u00een concordan\u021b\u0103 cu prevederile legale, cu respect \u0219i responsabilitate fa\u021b\u0103 de client, cu flexibilitate \u0219i creativitate \u00een sprijinirea activit\u0103\u021bii acestuia.<\/span><\/p>\n<p><span style=\"font-weight: 400;\">Investim activ \u00een tehnologii \u0219i echipamente care ne permit s\u0103 perform\u0103m la un nivel superior. Consider\u0103m c\u0103 accesul rapid \u0219i punctual la informa\u021bia relevant\u0103 este viitorul oric\u0103rui domeniu de activitate.<\/span><\/p>\n\n\t\t<\/div>\n\t<\/div>\n<\/div><\/div><\/div><div class=\"wpb_column vc_column_container vc_col-sm-3\"><div class=\"vc_column-inner\"><div class=\"wpb_wrapper\">\n\t<div  class=\"wpb_single_image wpb_content_element vc_align_left wpb_content_element\">\n\t\t\n\t\t<figure class=\"wpb_wrapper vc_figure\">\n\t\t\t<div class=\"vc_single_image-wrapper   vc_box_border_grey\"><img width=\"650\" height=\"285\" src=\"https:\/\/piafer.ro\/wp-content\/uploads\/2022\/03\/das-1.jpg\" class=\"vc_single_image-img attachment-full\" alt=\"das-1\" decoding=\"async\" title=\"das-1\" srcset=\"https:\/\/piafer.ro\/wp-content\/uploads\/2022\/03\/das-1.jpg 650w, https:\/\/piafer.ro\/wp-content\/uploads\/2022\/03\/das-1-300x132.jpg 300w\" sizes=\"(max-width: 650px) 100vw, 650px\" \/><\/div>\n\t\t<\/figure>\n\t<\/div>\n\n\t<div  class=\"wpb_single_image wpb_content_element vc_align_left wpb_content_element\">\n\t\t\n\t\t<figure class=\"wpb_wrapper vc_figure\">\n\t\t\t<div class=\"vc_single_image-wrapper   vc_box_border_grey\"><img width=\"1600\" height=\"694\" src=\"https:\/\/piafer.ro\/wp-content\/uploads\/2022\/03\/das-2.jpg\" class=\"vc_single_image-img attachment-full\" alt=\"das-2\" decoding=\"async\" title=\"das-2\" srcset=\"https:\/\/piafer.ro\/wp-content\/uploads\/2022\/03\/das-2.jpg 1600w, https:\/\/piafer.ro\/wp-content\/uploads\/2022\/03\/das-2-300x130.jpg 300w, https:\/\/piafer.ro\/wp-content\/uploads\/2022\/03\/das-2-1024x444.jpg 1024w, https:\/\/piafer.ro\/wp-content\/uploads\/2022\/03\/das-2-768x333.jpg 768w, https:\/\/piafer.ro\/wp-content\/uploads\/2022\/03\/das-2-1536x666.jpg 1536w\" sizes=\"(max-width: 1600px) 100vw, 1600px\" \/><\/div>\n\t\t<\/figure>\n\t<\/div>\n<div class=\"vc_empty_space\"   style=\"height: 15px\"><span class=\"vc_empty_space_inner\"><\/span><\/div><div class=\"wpb_gmaps_widget wpb_content_element\"><div class=\"wpb_wrapper\"><div class=\"wpb_map_wraper\"><iframe src=\"https:\/\/www.google.com\/maps\/embed?pb=!1m18!1m12!1m3!1d2748.9214974143806!2d23.94659701634916!3d46.450252479124956!2m3!1f0!2f0!3f0!3m2!1i1024!2i768!4f13.1!3m3!1m2!1s0x474be026954d7533%3A0xf52fd3a861665c39!2sArhivatorul!5e0!3m2!1sen!2sro!4v1648497541706!5m2!1sen!2sro\" width=\"600\" height=\"450\" style=\"border:0;\" allowfullscreen=\"\" loading=\"lazy\" referrerpolicy=\"no-referrer-when-downgrade\"><\/iframe><\/div><\/div><\/div><\/div><\/div><\/div><\/div>\n<\/div>","protected":false},"excerpt":{"rendered":"ArchivIT Arhivatorul CertSIGN DAS GAM SDA NEXTDOCS ECM E-mailoffice@arhivam.ro Telefon contact+40 (21) 312 85 94 Websitehttps:\/\/arhivam.ro\/ \u00cencep\u00e2nd cu anul 2009, Digital Archiving Solutions furnizeaz\u0103 pe pia\u021ba din Rom\u00e2nia servicii profesionale de arhivare fizic\u0103 \u0219i arhivare electronic\u0103. Securitatea, \u00eencrederea \u0219i confiden\u021bialitatea sunt valorile fundamentale ale companiei noastre, ce ne-au permis s\u0103 construim, al\u0103turi de o echip\u0103 [...]","protected":false},"author":1,"featured_media":0,"parent":0,"menu_order":0,"comment_status":"closed","ping_status":"closed","template":"","meta":[],"yoast_head":"<!-- This site is optimized with the Yoast SEO plugin v19.2 - https:\/\/yoast.com\/wordpress\/plugins\/seo\/ -->\n<title>DAS - Piafer<\/title>\n<meta name=\"robots\" content=\"index, follow, max-snippet:-1, max-image-preview:large, max-video-preview:-1\" \/>\n<link rel=\"canonical\" href=\"https:\/\/piafer.ro\/en\/das\/\" \/>\n<meta property=\"og:locale\" content=\"en_US\" \/>\n<meta property=\"og:type\" content=\"article\" \/>\n<meta property=\"og:title\" content=\"DAS - Piafer\" \/>\n<meta property=\"og:url\" content=\"https:\/\/piafer.ro\/en\/das\/\" \/>\n<meta property=\"og:site_name\" content=\"Piafer\" \/>\n<meta property=\"article:modified_time\" content=\"2026-04-08T07:15:44+00:00\" \/>\n<meta name=\"author\" content=\"arhiv\" \/>\n<meta name=\"twitter:card\" content=\"summary_large_image\" \/>\n<meta name=\"twitter:label1\" content=\"Est. reading time\" \/>\n\t<meta name=\"twitter:data1\" content=\"4 minutes\" \/>\n<script type=\"application\/ld+json\" class=\"yoast-schema-graph\">{\"@context\":\"https:\/\/schema.org\",\"@graph\":[{\"@type\":\"WebSite\",\"@id\":\"https:\/\/piafer.ro\/#website\",\"url\":\"https:\/\/piafer.ro\/\",\"name\":\"Piafer\",\"description\":\"Patronatul \u00centreprinderilor de Arhivare Fizic\u0103 \u0219i Electronic\u0103 din Rom\u00e2nia\",\"potentialAction\":[{\"@type\":\"SearchAction\",\"target\":{\"@type\":\"EntryPoint\",\"urlTemplate\":\"https:\/\/piafer.ro\/?s={search_term_string}\"},\"query-input\":\"required name=search_term_string\"}],\"inLanguage\":\"en-US\"},{\"@type\":\"WebPage\",\"@id\":\"https:\/\/piafer.ro\/das\/#webpage\",\"url\":\"https:\/\/piafer.ro\/das\/\",\"name\":\"DAS - Piafer\",\"isPartOf\":{\"@id\":\"https:\/\/piafer.ro\/#website\"},\"datePublished\":\"2022-03-28T20:20:24+00:00\",\"dateModified\":\"2026-04-08T07:15:44+00:00\",\"breadcrumb\":{\"@id\":\"https:\/\/piafer.ro\/das\/#breadcrumb\"},\"inLanguage\":\"en-US\",\"potentialAction\":[{\"@type\":\"ReadAction\",\"target\":[\"https:\/\/piafer.ro\/das\/\"]}]},{\"@type\":\"BreadcrumbList\",\"@id\":\"https:\/\/piafer.ro\/das\/#breadcrumb\",\"itemListElement\":[{\"@type\":\"ListItem\",\"position\":1,\"name\":\"Prima pagin\u0103\",\"item\":\"https:\/\/piafer.ro\/\"},{\"@type\":\"ListItem\",\"position\":2,\"name\":\"DAS\"}]}]}<\/script>\n<!-- \/ Yoast SEO plugin. -->","yoast_head_json":{"title":"DAS - Piafer","robots":{"index":"index","follow":"follow","max-snippet":"max-snippet:-1","max-image-preview":"max-image-preview:large","max-video-preview":"max-video-preview:-1"},"canonical":"https:\/\/piafer.ro\/en\/das\/","og_locale":"en_US","og_type":"article","og_title":"DAS - Piafer","og_url":"https:\/\/piafer.ro\/en\/das\/","og_site_name":"Piafer","article_modified_time":"2026-04-08T07:15:44+00:00","author":"arhiv","twitter_card":"summary_large_image","twitter_misc":{"Est. reading time":"4 minutes"},"schema":{"@context":"https:\/\/schema.org","@graph":[{"@type":"WebSite","@id":"https:\/\/piafer.ro\/#website","url":"https:\/\/piafer.ro\/","name":"Piafer","description":"Patronatul \u00centreprinderilor de Arhivare Fizic\u0103 \u0219i Electronic\u0103 din Rom\u00e2nia","potentialAction":[{"@type":"SearchAction","target":{"@type":"EntryPoint","urlTemplate":"https:\/\/piafer.ro\/?s={search_term_string}"},"query-input":"required name=search_term_string"}],"inLanguage":"en-US"},{"@type":"WebPage","@id":"https:\/\/piafer.ro\/das\/#webpage","url":"https:\/\/piafer.ro\/das\/","name":"DAS - Piafer","isPartOf":{"@id":"https:\/\/piafer.ro\/#website"},"datePublished":"2022-03-28T20:20:24+00:00","dateModified":"2026-04-08T07:15:44+00:00","breadcrumb":{"@id":"https:\/\/piafer.ro\/das\/#breadcrumb"},"inLanguage":"en-US","potentialAction":[{"@type":"ReadAction","target":["https:\/\/piafer.ro\/das\/"]}]},{"@type":"BreadcrumbList","@id":"https:\/\/piafer.ro\/das\/#breadcrumb","itemListElement":[{"@type":"ListItem","position":1,"name":"Prima pagin\u0103","item":"https:\/\/piafer.ro\/"},{"@type":"ListItem","position":2,"name":"DAS"}]}]}},"_links":{"self":[{"href":"https:\/\/piafer.ro\/en\/wp-json\/wp\/v2\/pages\/4532"}],"collection":[{"href":"https:\/\/piafer.ro\/en\/wp-json\/wp\/v2\/pages"}],"about":[{"href":"https:\/\/piafer.ro\/en\/wp-json\/wp\/v2\/types\/page"}],"author":[{"embeddable":true,"href":"https:\/\/piafer.ro\/en\/wp-json\/wp\/v2\/users\/1"}],"replies":[{"embeddable":true,"href":"https:\/\/piafer.ro\/en\/wp-json\/wp\/v2\/comments?post=4532"}],"version-history":[{"count":11,"href":"https:\/\/piafer.ro\/en\/wp-json\/wp\/v2\/pages\/4532\/revisions"}],"predecessor-version":[{"id":6354,"href":"https:\/\/piafer.ro\/en\/wp-json\/wp\/v2\/pages\/4532\/revisions\/6354"}],"wp:attachment":[{"href":"https:\/\/piafer.ro\/en\/wp-json\/wp\/v2\/media?parent=4532"}],"curies":[{"name":"wp","href":"https:\/\/api.w.org\/{rel}","templated":true}]}}