{"id":4666,"date":"2022-04-11T13:16:35","date_gmt":"2022-04-11T13:16:35","guid":{"rendered":"https:\/\/piafer.ro\/?page_id=4666"},"modified":"2025-03-13T05:56:03","modified_gmt":"2025-03-13T05:56:03","slug":"blog-2","status":"publish","type":"page","link":"https:\/\/piafer.ro\/en\/blog-2\/","title":{"rendered":"Blog"},"content":{"rendered":"<div class=\"wpb-content-wrapper\"><div class=\"vc_row wpb_row vc_row-fluid\"><div class=\"wpb_column vc_column_container vc_col-sm-12\"><div class=\"vc_column-inner\"><div class=\"wpb_wrapper\">\n\t<div class=\"wpb_raw_code wpb_raw_html wpb_content_element\" >\n\t\t<div class=\"wpb_wrapper\">\n\t\t\t<style>.wp-show-posts-columns#wpsp-4670 {margin-left: -2em; }.wp-show-posts-columns#wpsp-4670 .wp-show-posts-inner {margin: 0 0 2em 2em; }<\/style><section id=\"wpsp-4670\" class=\"wp-show-posts\" style=\"\"><article class=\"wp-show-posts-single wpsp-clearfix post-6283 post type-post status-publish format-standard has-post-thumbnail hentry category-comunicat-de-presa\" itemtype=\"http:\/\/schema.org\/CreativeWork\" itemscope><div class=\"wp-show-posts-inner\" style=\"\">\t\t\t\t\t\t<header class=\"wp-show-posts-entry-header\">\n\t\t\t\t\t\t\t<h2 class=\"wp-show-posts-entry-title\" itemprop=\"headline\"><a href=\"https:\/\/piafer.ro\/en\/comunicat-de-presa-3\/\" rel=\"bookmark\">Comunicat de pres\u0103<\/a><\/h2><div class=\"wp-show-posts-entry-meta wp-show-posts-entry-meta-below-title post-meta-inline\"><span class=\"wp-show-posts-posted-on wp-show-posts-meta\">\n\t\t\t\t\t<a href=\"https:\/\/piafer.ro\/en\/comunicat-de-presa-3\/\" title=\"10:03\" rel=\"bookmark\"><time class=\"wp-show-posts-entry-date published\" datetime=\"2025-09-23T10:03:29+00:00\" itemprop=\"datePublished\">23 September 2025<\/time><time class=\"wp-show-posts-updated\" datetime=\"2025-09-23T10:05:41+00:00\" itemprop=\"dateModified\">23 September 2025<\/time><\/a>\n\t\t\t\t<\/span><\/div>\t\t\t\t\t\t<\/header><!-- .entry-header -->\n\t\t\t\t\t\t\t<div class=\"wp-show-posts-image  wpsp-image-center\">\n\t\t\t<a href=\"https:\/\/piafer.ro\/en\/comunicat-de-presa-3\/\"  title=\"Comunicat de pres\u0103\"><img width=\"1320\" height=\"878\" src=\"https:\/\/piafer.ro\/wp-content\/uploads\/2025\/09\/COMUNICAT-DE-PRESA-POST-CONFERINTA-1.png\" class=\"attachment-full size-full wp-post-image\" alt=\"\" decoding=\"async\" itemprop=\"image\" loading=\"lazy\" srcset=\"https:\/\/piafer.ro\/wp-content\/uploads\/2025\/09\/COMUNICAT-DE-PRESA-POST-CONFERINTA-1.png 1320w, https:\/\/piafer.ro\/wp-content\/uploads\/2025\/09\/COMUNICAT-DE-PRESA-POST-CONFERINTA-1-300x200.png 300w, https:\/\/piafer.ro\/wp-content\/uploads\/2025\/09\/COMUNICAT-DE-PRESA-POST-CONFERINTA-1-1024x681.png 1024w, https:\/\/piafer.ro\/wp-content\/uploads\/2025\/09\/COMUNICAT-DE-PRESA-POST-CONFERINTA-1-768x511.png 768w, https:\/\/piafer.ro\/wp-content\/uploads\/2025\/09\/COMUNICAT-DE-PRESA-POST-CONFERINTA-1-18x12.png 18w\" sizes=\"(max-width: 1320px) 100vw, 1320px\" \/><\/a>\t\t<\/div>\n\t\t\t\t\t\t\t\t<div class=\"wp-show-posts-entry-summary\" itemprop=\"text\">\n\t\t\t\t\t\t\t<p>Conferin\u021ba \u201ePatrimoniu \u00een mi\u0219care \u2013 arhivarea \u0219i digitalizarea \u00een mileniul III\u201d \u0219i-a atins obiectivele la Cluj-Napoca Cluj-Napoca, 26 mai 2025 \u00cen perioada 22\u201323 mai 2025, la Cluj-Napoca, a avut loc&#8230;<\/p>\n\t\t\t\t\t\t<\/div><!-- .entry-summary -->\n\t\t\t\t\t<div class=\"wpsp-read-more\"><a title=\"Comunicat de pres\u0103\" class=\"wp-show-posts-read-more\" href=\"https:\/\/piafer.ro\/en\/comunicat-de-presa-3\/\">Cite\u0219te mai mult<\/a><\/div><\/div><!-- wp-show-posts-inner --><div class=\"wpsp-clear\"><\/div><\/article><article class=\"wp-show-posts-single wpsp-clearfix post-6279 post type-post status-publish format-standard has-post-thumbnail hentry category-comunicat-de-presa\" itemtype=\"http:\/\/schema.org\/CreativeWork\" itemscope><div class=\"wp-show-posts-inner\" style=\"\">\t\t\t\t\t\t<header class=\"wp-show-posts-entry-header\">\n\t\t\t\t\t\t\t<h2 class=\"wp-show-posts-entry-title\" itemprop=\"headline\"><a href=\"https:\/\/piafer.ro\/en\/comunicat-de-presa-2\/\" rel=\"bookmark\">Comunicat de pres\u0103<\/a><\/h2><div class=\"wp-show-posts-entry-meta wp-show-posts-entry-meta-below-title post-meta-inline\"><span class=\"wp-show-posts-posted-on wp-show-posts-meta\">\n\t\t\t\t\t<a href=\"https:\/\/piafer.ro\/en\/comunicat-de-presa-2\/\" title=\"9:51\" rel=\"bookmark\"><time class=\"wp-show-posts-entry-date published\" datetime=\"2025-09-23T09:51:26+00:00\" itemprop=\"datePublished\">23 September 2025<\/time><time class=\"wp-show-posts-updated\" datetime=\"2025-09-23T13:50:29+00:00\" itemprop=\"dateModified\">23 September 2025<\/time><\/a>\n\t\t\t\t<\/span><\/div>\t\t\t\t\t\t<\/header><!-- .entry-header -->\n\t\t\t\t\t\t\t<div class=\"wp-show-posts-image  wpsp-image-center\">\n\t\t\t<a href=\"https:\/\/piafer.ro\/en\/comunicat-de-presa-2\/\"  title=\"Comunicat de pres\u0103\"><img width=\"2048\" height=\"1152\" src=\"https:\/\/piafer.ro\/wp-content\/uploads\/2025\/09\/COMUNICAT_CONFERINTA.png\" class=\"attachment-full size-full wp-post-image\" alt=\"\" decoding=\"async\" itemprop=\"image\" loading=\"lazy\" srcset=\"https:\/\/piafer.ro\/wp-content\/uploads\/2025\/09\/COMUNICAT_CONFERINTA.png 2048w, https:\/\/piafer.ro\/wp-content\/uploads\/2025\/09\/COMUNICAT_CONFERINTA-300x169.png 300w, https:\/\/piafer.ro\/wp-content\/uploads\/2025\/09\/COMUNICAT_CONFERINTA-1024x576.png 1024w, https:\/\/piafer.ro\/wp-content\/uploads\/2025\/09\/COMUNICAT_CONFERINTA-768x432.png 768w, https:\/\/piafer.ro\/wp-content\/uploads\/2025\/09\/COMUNICAT_CONFERINTA-1536x864.png 1536w, https:\/\/piafer.ro\/wp-content\/uploads\/2025\/09\/COMUNICAT_CONFERINTA-18x10.png 18w\" sizes=\"(max-width: 2048px) 100vw, 2048px\" \/><\/a>\t\t<\/div>\n\t\t\t\t\t\t\t\t<div class=\"wp-show-posts-entry-summary\" itemprop=\"text\">\n\t\t\t\t\t\t\t<p>Cu ocazia zilelor Municipiului,\u00a0 Cluj-Napoca g\u0103zduie\u0219te conferin\u021ba na\u021bional\u0103 \u201ePatrimoniu \u00een mi\u0219care \u2013 arhivarea \u0219i digitalizarea \u00een mileniul III\u201d Cluj-Napoca, 22-23 mai 2025 &#8211; Patronatul \u00centreprinderilor de Arhivare Fizic\u0103 \u0219i Electronic\u0103&#8230;<\/p>\n\t\t\t\t\t\t<\/div><!-- .entry-summary -->\n\t\t\t\t\t<div class=\"wpsp-read-more\"><a title=\"Comunicat de pres\u0103\" class=\"wp-show-posts-read-more\" href=\"https:\/\/piafer.ro\/en\/comunicat-de-presa-2\/\">Cite\u0219te mai mult<\/a><\/div><\/div><!-- wp-show-posts-inner --><div class=\"wpsp-clear\"><\/div><\/article><article class=\"wp-show-posts-single wpsp-clearfix post-6262 post type-post status-publish format-standard has-post-thumbnail hentry category-comunicat-de-presa\" itemtype=\"http:\/\/schema.org\/CreativeWork\" itemscope><div class=\"wp-show-posts-inner\" style=\"\">\t\t\t\t\t\t<header class=\"wp-show-posts-entry-header\">\n\t\t\t\t\t\t\t<h2 class=\"wp-show-posts-entry-title\" itemprop=\"headline\"><a href=\"https:\/\/piafer.ro\/en\/comunicat-patronatul-intreprinnderilor-de-arhivare-fizica-si-electronica-din-romania-p-i-a-f-e-r\/\" rel=\"bookmark\">Comunicat de pres\u0103<\/a><\/h2><div class=\"wp-show-posts-entry-meta wp-show-posts-entry-meta-below-title post-meta-inline\"><span class=\"wp-show-posts-posted-on wp-show-posts-meta\">\n\t\t\t\t\t<a href=\"https:\/\/piafer.ro\/en\/comunicat-patronatul-intreprinnderilor-de-arhivare-fizica-si-electronica-din-romania-p-i-a-f-e-r\/\" title=\"8:04\" rel=\"bookmark\"><time class=\"wp-show-posts-entry-date published\" datetime=\"2025-09-23T08:04:54+00:00\" itemprop=\"datePublished\">23 September 2025<\/time><time class=\"wp-show-posts-updated\" datetime=\"2025-09-24T17:29:10+00:00\" itemprop=\"dateModified\">24 September 2025<\/time><\/a>\n\t\t\t\t<\/span><\/div>\t\t\t\t\t\t<\/header><!-- .entry-header -->\n\t\t\t\t\t\t\t<div class=\"wp-show-posts-image  wpsp-image-center\">\n\t\t\t<a href=\"https:\/\/piafer.ro\/en\/comunicat-patronatul-intreprinnderilor-de-arhivare-fizica-si-electronica-din-romania-p-i-a-f-e-r\/\"  title=\"Comunicat de pres\u0103\"><img width=\"1600\" height=\"900\" src=\"https:\/\/piafer.ro\/wp-content\/uploads\/2025\/09\/comunicat_patronat1.jpg\" class=\"attachment-full size-full wp-post-image\" alt=\"\" decoding=\"async\" itemprop=\"image\" loading=\"lazy\" srcset=\"https:\/\/piafer.ro\/wp-content\/uploads\/2025\/09\/comunicat_patronat1.jpg 1600w, https:\/\/piafer.ro\/wp-content\/uploads\/2025\/09\/comunicat_patronat1-300x169.jpg 300w, https:\/\/piafer.ro\/wp-content\/uploads\/2025\/09\/comunicat_patronat1-1024x576.jpg 1024w, https:\/\/piafer.ro\/wp-content\/uploads\/2025\/09\/comunicat_patronat1-768x432.jpg 768w, https:\/\/piafer.ro\/wp-content\/uploads\/2025\/09\/comunicat_patronat1-1536x864.jpg 1536w, https:\/\/piafer.ro\/wp-content\/uploads\/2025\/09\/comunicat_patronat1-18x10.jpg 18w\" sizes=\"(max-width: 1600px) 100vw, 1600px\" \/><\/a>\t\t<\/div>\n\t\t\t\t\t\t\t\t<div class=\"wp-show-posts-entry-summary\" itemprop=\"text\">\n\t\t\t\t\t\t\t<p>P.I.A.F.E.R. \u00ee\u0219i exprim\u0103 aprecierea \u0219i sprijinul fa\u021b\u0103 de initiativa Arhivelor Na\u021bionale de a organiza in data de 29.08.2024 consultari cu operatorii economici autoriza\u021bi, cu scopul de a stabili un nivel&#8230;<\/p>\n\t\t\t\t\t\t<\/div><!-- .entry-summary -->\n\t\t\t\t\t<div class=\"wpsp-read-more\"><a title=\"Comunicat de pres\u0103\" class=\"wp-show-posts-read-more\" href=\"https:\/\/piafer.ro\/en\/comunicat-patronatul-intreprinnderilor-de-arhivare-fizica-si-electronica-din-romania-p-i-a-f-e-r\/\">Cite\u0219te mai mult<\/a><\/div><\/div><!-- wp-show-posts-inner --><div class=\"wpsp-clear\"><\/div><\/article><article class=\"wp-show-posts-single wpsp-clearfix post-5555 post type-post status-publish format-standard has-post-thumbnail hentry category-comunicat-de-presa\" itemtype=\"http:\/\/schema.org\/CreativeWork\" itemscope><div class=\"wp-show-posts-inner\" style=\"\">\t\t\t\t\t\t<header class=\"wp-show-posts-entry-header\">\n\t\t\t\t\t\t\t<h2 class=\"wp-show-posts-entry-title\" itemprop=\"headline\"><a href=\"https:\/\/piafer.ro\/en\/comunicat-de-presa\/\" rel=\"bookmark\">Comunicat de pres\u0103<\/a><\/h2><div class=\"wp-show-posts-entry-meta wp-show-posts-entry-meta-below-title post-meta-inline\"><span class=\"wp-show-posts-posted-on wp-show-posts-meta\">\n\t\t\t\t\t<a href=\"https:\/\/piafer.ro\/en\/comunicat-de-presa\/\" title=\"6:14\" rel=\"bookmark\"><time class=\"wp-show-posts-entry-date published\" datetime=\"2024-09-27T06:14:34+00:00\" itemprop=\"datePublished\">27 September 2024<\/time><time class=\"wp-show-posts-updated\" datetime=\"2024-09-27T06:17:31+00:00\" itemprop=\"dateModified\">27 September 2024<\/time><\/a>\n\t\t\t\t<\/span><\/div>\t\t\t\t\t\t<\/header><!-- .entry-header -->\n\t\t\t\t\t\t\t<div class=\"wp-show-posts-image  wpsp-image-center\">\n\t\t\t<a href=\"https:\/\/piafer.ro\/en\/comunicat-de-presa\/\"  title=\"Comunicat de pres\u0103\"><img width=\"2400\" height=\"1350\" src=\"https:\/\/piafer.ro\/wp-content\/uploads\/2024\/09\/comunicat.jpg\" class=\"attachment-full size-full wp-post-image\" alt=\"comunicat\" decoding=\"async\" itemprop=\"image\" loading=\"lazy\" srcset=\"https:\/\/piafer.ro\/wp-content\/uploads\/2024\/09\/comunicat.jpg 2400w, https:\/\/piafer.ro\/wp-content\/uploads\/2024\/09\/comunicat-300x169.jpg 300w, https:\/\/piafer.ro\/wp-content\/uploads\/2024\/09\/comunicat-1024x576.jpg 1024w, https:\/\/piafer.ro\/wp-content\/uploads\/2024\/09\/comunicat-768x432.jpg 768w, https:\/\/piafer.ro\/wp-content\/uploads\/2024\/09\/comunicat-1536x864.jpg 1536w, https:\/\/piafer.ro\/wp-content\/uploads\/2024\/09\/comunicat-2048x1152.jpg 2048w, https:\/\/piafer.ro\/wp-content\/uploads\/2024\/09\/comunicat-18x10.jpg 18w\" sizes=\"(max-width: 2400px) 100vw, 2400px\" \/><\/a>\t\t<\/div>\n\t\t\t\t\t\t\t\t<div class=\"wp-show-posts-entry-summary\" itemprop=\"text\">\n\t\t\t\t\t\t\t<p>P.I.A.F.E.R. (Patronatul \u00centreprinderilor de Arhivare Fizica si Electronica din Romania) salut\u0103 ini\u021biativa grupului parlamentar al P.N.L. de a propune completarea Legii 360\/2023, \u00een sensul acordarii dreptului pensionarilor de a solicita&#8230;<\/p>\n\t\t\t\t\t\t<\/div><!-- .entry-summary -->\n\t\t\t\t\t<div class=\"wpsp-read-more\"><a title=\"Comunicat de pres\u0103\" class=\"wp-show-posts-read-more\" href=\"https:\/\/piafer.ro\/en\/comunicat-de-presa\/\">Cite\u0219te mai mult<\/a><\/div><\/div><!-- wp-show-posts-inner --><div class=\"wpsp-clear\"><\/div><\/article><article class=\"wp-show-posts-single wpsp-clearfix post-4874 post type-post status-publish format-image has-post-thumbnail hentry category-comunicat-de-presa post_format-post-format-image\" itemtype=\"http:\/\/schema.org\/CreativeWork\" itemscope><div class=\"wp-show-posts-inner\" style=\"\">\t\t\t\t\t\t<header class=\"wp-show-posts-entry-header\">\n\t\t\t\t\t\t\t<h2 class=\"wp-show-posts-entry-title\" itemprop=\"headline\"><a href=\"https:\/\/piafer.ro\/en\/aplicarea-principiului-de-la-mare-la-mic\/\" rel=\"bookmark\">IMM-urile solicit\u0103 aplicarea principiului \u201ede la mare la mic\u201d \u00een toate m\u0103surile fiscale<\/a><\/h2><div class=\"wp-show-posts-entry-meta wp-show-posts-entry-meta-below-title post-meta-inline\"><span class=\"wp-show-posts-posted-on wp-show-posts-meta\">\n\t\t\t\t\t<a href=\"https:\/\/piafer.ro\/en\/aplicarea-principiului-de-la-mare-la-mic\/\" title=\"7:55\" rel=\"bookmark\"><time class=\"wp-show-posts-entry-date published\" datetime=\"2022-07-14T07:55:07+00:00\" itemprop=\"datePublished\">14 July 2022<\/time><time class=\"wp-show-posts-updated\" datetime=\"2022-07-14T07:57:44+00:00\" itemprop=\"dateModified\">14 July 2022<\/time><\/a>\n\t\t\t\t<\/span><\/div>\t\t\t\t\t\t<\/header><!-- .entry-header -->\n\t\t\t\t\t\t\t<div class=\"wp-show-posts-image  wpsp-image-center\">\n\t\t\t<a href=\"https:\/\/piafer.ro\/en\/aplicarea-principiului-de-la-mare-la-mic\/\"  title=\"IMM-urile solicit\u0103 aplicarea principiului \u201ede la mare la mic\u201d \u00een toate m\u0103surile fiscale\"><img width=\"1350\" height=\"650\" src=\"https:\/\/piafer.ro\/wp-content\/uploads\/2022\/07\/CNIPMMR_-masuri-fiscale.jpg\" class=\"attachment-full size-full wp-post-image\" alt=\"CNIPMMR_ m\u0103suri fiscale\" decoding=\"async\" itemprop=\"image\" loading=\"lazy\" srcset=\"https:\/\/piafer.ro\/wp-content\/uploads\/2022\/07\/CNIPMMR_-masuri-fiscale.jpg 1350w, https:\/\/piafer.ro\/wp-content\/uploads\/2022\/07\/CNIPMMR_-masuri-fiscale-300x144.jpg 300w, https:\/\/piafer.ro\/wp-content\/uploads\/2022\/07\/CNIPMMR_-masuri-fiscale-1024x493.jpg 1024w, https:\/\/piafer.ro\/wp-content\/uploads\/2022\/07\/CNIPMMR_-masuri-fiscale-768x370.jpg 768w\" sizes=\"(max-width: 1350px) 100vw, 1350px\" \/><\/a>\t\t<\/div>\n\t\t\t\t\t\t\t\t<div class=\"wp-show-posts-entry-summary\" itemprop=\"text\">\n\t\t\t\t\t\t\t<p>Consiliul Na\u021bional al IMM-urilor din Rom\u00e2nia (CNIPMMR), confedera\u0163ie patronal\u0103 reprezentativ\u0103 la nivel na\u0163ional ce asigur\u0103 reprezentarea intereselor \u00eentreprinderilor mici \u015fi mijlocii la nivel na\u0163ional \u015fi european, solicit\u0103 ca orice reform\u0103&#8230;<\/p>\n\t\t\t\t\t\t<\/div><!-- .entry-summary -->\n\t\t\t\t\t<div class=\"wpsp-read-more\"><a title=\"IMM-urile solicit\u0103 aplicarea principiului \u201ede la mare la mic\u201d \u00een toate m\u0103surile fiscale\" class=\"wp-show-posts-read-more\" href=\"https:\/\/piafer.ro\/en\/aplicarea-principiului-de-la-mare-la-mic\/\">Cite\u0219te mai mult<\/a><\/div><\/div><!-- wp-show-posts-inner --><div class=\"wpsp-clear\"><\/div><\/article><article class=\"wp-show-posts-single wpsp-clearfix post-4869 post type-post status-publish format-image has-post-thumbnail hentry category-comunicat-de-presa post_format-post-format-image\" itemtype=\"http:\/\/schema.org\/CreativeWork\" itemscope><div class=\"wp-show-posts-inner\" style=\"\">\t\t\t\t\t\t<header class=\"wp-show-posts-entry-header\">\n\t\t\t\t\t\t\t<h2 class=\"wp-show-posts-entry-title\" itemprop=\"headline\"><a href=\"https:\/\/piafer.ro\/en\/prima-intalnire-arhivele-nationale\/\" rel=\"bookmark\">PIAFER, prima \u00eent\u00e2lnire cu reprezentan\u021bii Arhivelor Na\u021bionale<\/a><\/h2><div class=\"wp-show-posts-entry-meta wp-show-posts-entry-meta-below-title post-meta-inline\"><span class=\"wp-show-posts-posted-on wp-show-posts-meta\">\n\t\t\t\t\t<a href=\"https:\/\/piafer.ro\/en\/prima-intalnire-arhivele-nationale\/\" title=\"10:58\" rel=\"bookmark\"><time class=\"wp-show-posts-entry-date published\" datetime=\"2022-06-29T10:58:44+00:00\" itemprop=\"datePublished\">29 June 2022<\/time><time class=\"wp-show-posts-updated\" datetime=\"2022-06-29T11:01:42+00:00\" itemprop=\"dateModified\">29 June 2022<\/time><\/a>\n\t\t\t\t<\/span><\/div>\t\t\t\t\t\t<\/header><!-- .entry-header -->\n\t\t\t\t\t\t\t<div class=\"wp-show-posts-image  wpsp-image-center\">\n\t\t\t<a href=\"https:\/\/piafer.ro\/en\/prima-intalnire-arhivele-nationale\/\"  title=\"PIAFER, prima \u00eent\u00e2lnire cu reprezentan\u021bii Arhivelor Na\u021bionale\"><img width=\"1350\" height=\"650\" src=\"https:\/\/piafer.ro\/wp-content\/uploads\/2022\/06\/Prima-intalnire-Arhivele-Nationale-.jpg\" class=\"attachment-full size-full wp-post-image\" alt=\"Prima \u00eent\u00e2lnire Arhivele Na\u021bionale\" decoding=\"async\" itemprop=\"image\" loading=\"lazy\" srcset=\"https:\/\/piafer.ro\/wp-content\/uploads\/2022\/06\/Prima-intalnire-Arhivele-Nationale-.jpg 1350w, https:\/\/piafer.ro\/wp-content\/uploads\/2022\/06\/Prima-intalnire-Arhivele-Nationale--300x144.jpg 300w, https:\/\/piafer.ro\/wp-content\/uploads\/2022\/06\/Prima-intalnire-Arhivele-Nationale--1024x493.jpg 1024w, https:\/\/piafer.ro\/wp-content\/uploads\/2022\/06\/Prima-intalnire-Arhivele-Nationale--768x370.jpg 768w\" sizes=\"(max-width: 1350px) 100vw, 1350px\" \/><\/a>\t\t<\/div>\n\t\t\t\t\t\t\t\t<div class=\"wp-show-posts-entry-summary\" itemprop=\"text\">\n\t\t\t\t\t\t\t<p>O prim\u0103 \u00eent\u00e2lnire a avut loc zilele trecute \u00eentre reprezentan\u021bii Patronatului \u00centreprinderilor de Arhivare Fizic\u0103 \u0219i Electronic\u0103 din Rom\u00e2nia \u0219i reprezentan\u021bii Arhivelor Na\u021bionale. Delega\u021bia format\u0103 din Pre\u0219edintele Florin Cuc, Vicepre\u0219edintele&#8230;<\/p>\n\t\t\t\t\t\t<\/div><!-- .entry-summary -->\n\t\t\t\t\t<div class=\"wpsp-read-more\"><a title=\"PIAFER, prima \u00eent\u00e2lnire cu reprezentan\u021bii Arhivelor Na\u021bionale\" class=\"wp-show-posts-read-more\" href=\"https:\/\/piafer.ro\/en\/prima-intalnire-arhivele-nationale\/\">Cite\u0219te mai mult<\/a><\/div><\/div><!-- wp-show-posts-inner --><div class=\"wpsp-clear\"><\/div><\/article><article class=\"wp-show-posts-single wpsp-clearfix post-4765 post type-post status-publish format-image has-post-thumbnail hentry category-comunicat-de-presa post_format-post-format-image\" itemtype=\"http:\/\/schema.org\/CreativeWork\" itemscope><div class=\"wp-show-posts-inner\" style=\"\">\t\t\t\t\t\t<header class=\"wp-show-posts-entry-header\">\n\t\t\t\t\t\t\t<h2 class=\"wp-show-posts-entry-title\" itemprop=\"headline\"><a href=\"https:\/\/piafer.ro\/en\/piafer-condamna-noua-taxa-de-promovare-catre-ccir-unul-dintre-membrii-sai-deja-s-a-retras-din-cci-cluj\/\" rel=\"bookmark\">PIAFER condamn\u0103 noua tax\u0103 de \u201epromovare\u201d c\u0103tre CCIR. Unul dintre membrii s\u0103i deja s-a retras din CCI Cluj!<\/a><\/h2><div class=\"wp-show-posts-entry-meta wp-show-posts-entry-meta-below-title post-meta-inline\"><span class=\"wp-show-posts-posted-on wp-show-posts-meta\">\n\t\t\t\t\t<a href=\"https:\/\/piafer.ro\/en\/piafer-condamna-noua-taxa-de-promovare-catre-ccir-unul-dintre-membrii-sai-deja-s-a-retras-din-cci-cluj\/\" title=\"7:31\" rel=\"bookmark\"><time class=\"wp-show-posts-entry-date published\" datetime=\"2022-05-05T07:31:53+00:00\" itemprop=\"datePublished\">5 May 2022<\/time><time class=\"wp-show-posts-updated\" datetime=\"2022-05-05T07:38:31+00:00\" itemprop=\"dateModified\">5 May 2022<\/time><\/a>\n\t\t\t\t<\/span><\/div>\t\t\t\t\t\t<\/header><!-- .entry-header -->\n\t\t\t\t\t\t\t<div class=\"wp-show-posts-image  wpsp-image-center\">\n\t\t\t<a href=\"https:\/\/piafer.ro\/en\/piafer-condamna-noua-taxa-de-promovare-catre-ccir-unul-dintre-membrii-sai-deja-s-a-retras-din-cci-cluj\/\"  title=\"PIAFER condamn\u0103 noua tax\u0103 de \u201epromovare\u201d c\u0103tre CCIR. Unul dintre membrii s\u0103i deja s-a retras din CCI Cluj!\"><img width=\"1000\" height=\"667\" src=\"https:\/\/piafer.ro\/wp-content\/uploads\/2022\/05\/PIAFER-condamna-taxa-de-promovare_banner.jpg\" class=\"attachment-full size-full wp-post-image\" alt=\"\" decoding=\"async\" itemprop=\"image\" loading=\"lazy\" srcset=\"https:\/\/piafer.ro\/wp-content\/uploads\/2022\/05\/PIAFER-condamna-taxa-de-promovare_banner.jpg 1000w, https:\/\/piafer.ro\/wp-content\/uploads\/2022\/05\/PIAFER-condamna-taxa-de-promovare_banner-300x200.jpg 300w, https:\/\/piafer.ro\/wp-content\/uploads\/2022\/05\/PIAFER-condamna-taxa-de-promovare_banner-768x512.jpg 768w\" sizes=\"(max-width: 1000px) 100vw, 1000px\" \/><\/a>\t\t<\/div>\n\t\t\t\t\t\t\t\t<div class=\"wp-show-posts-entry-summary\" itemprop=\"text\">\n\t\t\t\t\t\t\t<p>Patronatul \u00centreprinderilor de Arhivare Fizic\u0103 \u0219i Electronic\u0103 din Rom\u00e2nia condamn\u0103 noua tax\u0103 de \u201epromovare\u201d care ar putea fi impus\u0103 \u00een cur\u00e2nd at\u00e2t firmelor, c\u00e2t \u0219i persoanelor fizice. Primul membru al&#8230;<\/p>\n\t\t\t\t\t\t<\/div><!-- .entry-summary -->\n\t\t\t\t\t<div class=\"wpsp-read-more\"><a title=\"PIAFER condamn\u0103 noua tax\u0103 de \u201epromovare\u201d c\u0103tre CCIR. Unul dintre membrii s\u0103i deja s-a retras din CCI Cluj!\" class=\"wp-show-posts-read-more\" href=\"https:\/\/piafer.ro\/en\/piafer-condamna-noua-taxa-de-promovare-catre-ccir-unul-dintre-membrii-sai-deja-s-a-retras-din-cci-cluj\/\">Cite\u0219te mai mult<\/a><\/div><\/div><!-- wp-show-posts-inner --><div class=\"wpsp-clear\"><\/div><\/article><\/section><!-- .wp-show-posts -->\n\t\t<\/div>\n\t<\/div>\n<\/div><\/div><\/div><\/div>\n<\/div>","protected":false},"excerpt":{"rendered":"Patronatul \u00centreprinderilor de Arhivare Fizic\u0103 \u0219i Electronic\u0103 din Rom\u00e2nia condamn\u0103 noua tax\u0103 de \u201epromovare\u201d care ar putea fi impus\u0103 \u00een cur\u00e2nd at\u00e2t firmelor, c\u00e2t \u0219i persoanelor fizice. Primul membru al PIAFER, Arhivatorul, a luat deja atitudine, retr\u0103g\u00e2ndu-se din pozi\u021bia de membru al Camerei de Comer\u021b \u0219i Industrie Cluj. Ce presupune, mai exact, noul proiect de [...]","protected":false},"author":1,"featured_media":0,"parent":0,"menu_order":0,"comment_status":"closed","ping_status":"closed","template":"","meta":[],"yoast_head":"<!-- This site is optimized with the Yoast SEO plugin v19.2 - https:\/\/yoast.com\/wordpress\/plugins\/seo\/ -->\n<title>Blog - Piafer<\/title>\n<meta name=\"robots\" content=\"index, follow, max-snippet:-1, max-image-preview:large, max-video-preview:-1\" \/>\n<link rel=\"canonical\" href=\"https:\/\/piafer.ro\/en\/blog-2\/\" \/>\n<meta property=\"og:locale\" content=\"en_US\" \/>\n<meta property=\"og:type\" content=\"article\" \/>\n<meta property=\"og:title\" content=\"Blog - Piafer\" \/>\n<meta property=\"og:url\" content=\"https:\/\/piafer.ro\/en\/blog-2\/\" \/>\n<meta property=\"og:site_name\" content=\"Piafer\" \/>\n<meta property=\"article:modified_time\" content=\"2025-03-13T05:56:03+00:00\" \/>\n<meta name=\"author\" content=\"arhiv\" \/>\n<meta name=\"twitter:card\" content=\"summary_large_image\" \/>\n<script type=\"application\/ld+json\" class=\"yoast-schema-graph\">{\"@context\":\"https:\/\/schema.org\",\"@graph\":[{\"@type\":\"WebSite\",\"@id\":\"https:\/\/piafer.ro\/#website\",\"url\":\"https:\/\/piafer.ro\/\",\"name\":\"Piafer\",\"description\":\"Patronatul \u00centreprinderilor de Arhivare Fizic\u0103 \u0219i Electronic\u0103 din Rom\u00e2nia\",\"potentialAction\":[{\"@type\":\"SearchAction\",\"target\":{\"@type\":\"EntryPoint\",\"urlTemplate\":\"https:\/\/piafer.ro\/?s={search_term_string}\"},\"query-input\":\"required name=search_term_string\"}],\"inLanguage\":\"en-US\"},{\"@type\":\"WebPage\",\"@id\":\"https:\/\/piafer.ro\/blog-2\/#webpage\",\"url\":\"https:\/\/piafer.ro\/blog-2\/\",\"name\":\"Blog - Piafer\",\"isPartOf\":{\"@id\":\"https:\/\/piafer.ro\/#website\"},\"datePublished\":\"2022-04-11T13:16:35+00:00\",\"dateModified\":\"2025-03-13T05:56:03+00:00\",\"breadcrumb\":{\"@id\":\"https:\/\/piafer.ro\/blog-2\/#breadcrumb\"},\"inLanguage\":\"en-US\",\"potentialAction\":[{\"@type\":\"ReadAction\",\"target\":[\"https:\/\/piafer.ro\/blog-2\/\"]}]},{\"@type\":\"BreadcrumbList\",\"@id\":\"https:\/\/piafer.ro\/blog-2\/#breadcrumb\",\"itemListElement\":[{\"@type\":\"ListItem\",\"position\":1,\"name\":\"Prima pagin\u0103\",\"item\":\"https:\/\/piafer.ro\/\"},{\"@type\":\"ListItem\",\"position\":2,\"name\":\"Blog\"}]}]}<\/script>\n<!-- \/ Yoast SEO plugin. -->","yoast_head_json":{"title":"Blog - Piafer","robots":{"index":"index","follow":"follow","max-snippet":"max-snippet:-1","max-image-preview":"max-image-preview:large","max-video-preview":"max-video-preview:-1"},"canonical":"https:\/\/piafer.ro\/en\/blog-2\/","og_locale":"en_US","og_type":"article","og_title":"Blog - Piafer","og_url":"https:\/\/piafer.ro\/en\/blog-2\/","og_site_name":"Piafer","article_modified_time":"2025-03-13T05:56:03+00:00","author":"arhiv","twitter_card":"summary_large_image","schema":{"@context":"https:\/\/schema.org","@graph":[{"@type":"WebSite","@id":"https:\/\/piafer.ro\/#website","url":"https:\/\/piafer.ro\/","name":"Piafer","description":"Patronatul \u00centreprinderilor de Arhivare Fizic\u0103 \u0219i Electronic\u0103 din Rom\u00e2nia","potentialAction":[{"@type":"SearchAction","target":{"@type":"EntryPoint","urlTemplate":"https:\/\/piafer.ro\/?s={search_term_string}"},"query-input":"required name=search_term_string"}],"inLanguage":"en-US"},{"@type":"WebPage","@id":"https:\/\/piafer.ro\/blog-2\/#webpage","url":"https:\/\/piafer.ro\/blog-2\/","name":"Blog - Piafer","isPartOf":{"@id":"https:\/\/piafer.ro\/#website"},"datePublished":"2022-04-11T13:16:35+00:00","dateModified":"2025-03-13T05:56:03+00:00","breadcrumb":{"@id":"https:\/\/piafer.ro\/blog-2\/#breadcrumb"},"inLanguage":"en-US","potentialAction":[{"@type":"ReadAction","target":["https:\/\/piafer.ro\/blog-2\/"]}]},{"@type":"BreadcrumbList","@id":"https:\/\/piafer.ro\/blog-2\/#breadcrumb","itemListElement":[{"@type":"ListItem","position":1,"name":"Prima pagin\u0103","item":"https:\/\/piafer.ro\/"},{"@type":"ListItem","position":2,"name":"Blog"}]}]}},"_links":{"self":[{"href":"https:\/\/piafer.ro\/en\/wp-json\/wp\/v2\/pages\/4666"}],"collection":[{"href":"https:\/\/piafer.ro\/en\/wp-json\/wp\/v2\/pages"}],"about":[{"href":"https:\/\/piafer.ro\/en\/wp-json\/wp\/v2\/types\/page"}],"author":[{"embeddable":true,"href":"https:\/\/piafer.ro\/en\/wp-json\/wp\/v2\/users\/1"}],"replies":[{"embeddable":true,"href":"https:\/\/piafer.ro\/en\/wp-json\/wp\/v2\/comments?post=4666"}],"version-history":[{"count":6,"href":"https:\/\/piafer.ro\/en\/wp-json\/wp\/v2\/pages\/4666\/revisions"}],"predecessor-version":[{"id":5679,"href":"https:\/\/piafer.ro\/en\/wp-json\/wp\/v2\/pages\/4666\/revisions\/5679"}],"wp:attachment":[{"href":"https:\/\/piafer.ro\/en\/wp-json\/wp\/v2\/media?parent=4666"}],"curies":[{"name":"wp","href":"https:\/\/api.w.org\/{rel}","templated":true}]}}