{"id":4784,"date":"2022-05-05T10:22:44","date_gmt":"2022-05-05T10:22:44","guid":{"rendered":"https:\/\/piafer.ro\/?page_id=4784"},"modified":"2022-05-06T06:59:07","modified_gmt":"2022-05-06T06:59:07","slug":"multumim","status":"publish","type":"page","link":"https:\/\/piafer.ro\/en\/multumim\/","title":{"rendered":"Mul\u021bumim"},"content":{"rendered":"<div class=\"wpb-content-wrapper\"><div class=\"vc_row wpb_row vc_row-fluid\"><div class=\"wpb_column vc_column_container vc_col-sm-12\"><div class=\"vc_column-inner\"><div class=\"wpb_wrapper\"><div class=\"vc_empty_space\"   style=\"height: 32px\"><span class=\"vc_empty_space_inner\"><\/span><\/div>\n\t<div class=\"wpb_text_column wpb_content_element\" >\n\t\t<div class=\"wpb_wrapper\">\n\t\t\t<h2>Mul\u021bumim!<\/h2>\n<p>Am \u00eenregistrat cu succes mesajul t\u0103u! Revenim cu un r\u0103spuns la solicitarea ta \u00een cel mai scurt timp.<\/p>\n\n\t\t<\/div>\n\t<\/div>\n<div class=\"vc_empty_space\"   style=\"height: 250px\"><span class=\"vc_empty_space_inner\"><\/span><\/div><\/div><\/div><\/div><\/div>\n<\/div>","protected":false},"excerpt":{"rendered":"Mul\u021bumim! Am \u00eenregistrat cu succes mesajul t\u0103u! Revenim cu un r\u0103spuns la solicitarea ta \u00een cel mai scurt timp.","protected":false},"author":1,"featured_media":0,"parent":0,"menu_order":0,"comment_status":"closed","ping_status":"closed","template":"","meta":[],"yoast_head":"<!-- This site is optimized with the Yoast SEO plugin v19.2 - https:\/\/yoast.com\/wordpress\/plugins\/seo\/ -->\n<title>Mul\u021bumim - Piafer<\/title>\n<meta name=\"robots\" content=\"index, follow, max-snippet:-1, max-image-preview:large, max-video-preview:-1\" \/>\n<link rel=\"canonical\" href=\"https:\/\/piafer.ro\/en\/multumim\/\" \/>\n<meta property=\"og:locale\" content=\"en_US\" \/>\n<meta property=\"og:type\" content=\"article\" \/>\n<meta property=\"og:title\" content=\"Mul\u021bumim - Piafer\" \/>\n<meta property=\"og:url\" content=\"https:\/\/piafer.ro\/en\/multumim\/\" \/>\n<meta property=\"og:site_name\" content=\"Piafer\" \/>\n<meta property=\"article:modified_time\" content=\"2022-05-06T06:59:07+00:00\" \/>\n<meta name=\"author\" content=\"arhiv\" \/>\n<meta name=\"twitter:card\" content=\"summary_large_image\" \/>\n<script type=\"application\/ld+json\" class=\"yoast-schema-graph\">{\"@context\":\"https:\/\/schema.org\",\"@graph\":[{\"@type\":\"WebSite\",\"@id\":\"https:\/\/piafer.ro\/#website\",\"url\":\"https:\/\/piafer.ro\/\",\"name\":\"Piafer\",\"description\":\"Patronatul \u00centreprinderilor de Arhivare Fizic\u0103 \u0219i Electronic\u0103 din Rom\u00e2nia\",\"potentialAction\":[{\"@type\":\"SearchAction\",\"target\":{\"@type\":\"EntryPoint\",\"urlTemplate\":\"https:\/\/piafer.ro\/?s={search_term_string}\"},\"query-input\":\"required name=search_term_string\"}],\"inLanguage\":\"en-US\"},{\"@type\":\"WebPage\",\"@id\":\"https:\/\/piafer.ro\/multumim\/#webpage\",\"url\":\"https:\/\/piafer.ro\/multumim\/\",\"name\":\"Mul\u021bumim - Piafer\",\"isPartOf\":{\"@id\":\"https:\/\/piafer.ro\/#website\"},\"datePublished\":\"2022-05-05T10:22:44+00:00\",\"dateModified\":\"2022-05-06T06:59:07+00:00\",\"breadcrumb\":{\"@id\":\"https:\/\/piafer.ro\/multumim\/#breadcrumb\"},\"inLanguage\":\"en-US\",\"potentialAction\":[{\"@type\":\"ReadAction\",\"target\":[\"https:\/\/piafer.ro\/multumim\/\"]}]},{\"@type\":\"BreadcrumbList\",\"@id\":\"https:\/\/piafer.ro\/multumim\/#breadcrumb\",\"itemListElement\":[{\"@type\":\"ListItem\",\"position\":1,\"name\":\"Prima pagin\u0103\",\"item\":\"https:\/\/piafer.ro\/\"},{\"@type\":\"ListItem\",\"position\":2,\"name\":\"Mul\u021bumim\"}]}]}<\/script>\n<!-- \/ Yoast SEO plugin. -->","yoast_head_json":{"title":"Mul\u021bumim - Piafer","robots":{"index":"index","follow":"follow","max-snippet":"max-snippet:-1","max-image-preview":"max-image-preview:large","max-video-preview":"max-video-preview:-1"},"canonical":"https:\/\/piafer.ro\/en\/multumim\/","og_locale":"en_US","og_type":"article","og_title":"Mul\u021bumim - Piafer","og_url":"https:\/\/piafer.ro\/en\/multumim\/","og_site_name":"Piafer","article_modified_time":"2022-05-06T06:59:07+00:00","author":"arhiv","twitter_card":"summary_large_image","schema":{"@context":"https:\/\/schema.org","@graph":[{"@type":"WebSite","@id":"https:\/\/piafer.ro\/#website","url":"https:\/\/piafer.ro\/","name":"Piafer","description":"Patronatul \u00centreprinderilor de Arhivare Fizic\u0103 \u0219i Electronic\u0103 din Rom\u00e2nia","potentialAction":[{"@type":"SearchAction","target":{"@type":"EntryPoint","urlTemplate":"https:\/\/piafer.ro\/?s={search_term_string}"},"query-input":"required name=search_term_string"}],"inLanguage":"en-US"},{"@type":"WebPage","@id":"https:\/\/piafer.ro\/multumim\/#webpage","url":"https:\/\/piafer.ro\/multumim\/","name":"Mul\u021bumim - Piafer","isPartOf":{"@id":"https:\/\/piafer.ro\/#website"},"datePublished":"2022-05-05T10:22:44+00:00","dateModified":"2022-05-06T06:59:07+00:00","breadcrumb":{"@id":"https:\/\/piafer.ro\/multumim\/#breadcrumb"},"inLanguage":"en-US","potentialAction":[{"@type":"ReadAction","target":["https:\/\/piafer.ro\/multumim\/"]}]},{"@type":"BreadcrumbList","@id":"https:\/\/piafer.ro\/multumim\/#breadcrumb","itemListElement":[{"@type":"ListItem","position":1,"name":"Prima pagin\u0103","item":"https:\/\/piafer.ro\/"},{"@type":"ListItem","position":2,"name":"Mul\u021bumim"}]}]}},"_links":{"self":[{"href":"https:\/\/piafer.ro\/en\/wp-json\/wp\/v2\/pages\/4784"}],"collection":[{"href":"https:\/\/piafer.ro\/en\/wp-json\/wp\/v2\/pages"}],"about":[{"href":"https:\/\/piafer.ro\/en\/wp-json\/wp\/v2\/types\/page"}],"author":[{"embeddable":true,"href":"https:\/\/piafer.ro\/en\/wp-json\/wp\/v2\/users\/1"}],"replies":[{"embeddable":true,"href":"https:\/\/piafer.ro\/en\/wp-json\/wp\/v2\/comments?post=4784"}],"version-history":[{"count":6,"href":"https:\/\/piafer.ro\/en\/wp-json\/wp\/v2\/pages\/4784\/revisions"}],"predecessor-version":[{"id":4836,"href":"https:\/\/piafer.ro\/en\/wp-json\/wp\/v2\/pages\/4784\/revisions\/4836"}],"wp:attachment":[{"href":"https:\/\/piafer.ro\/en\/wp-json\/wp\/v2\/media?parent=4784"}],"curies":[{"name":"wp","href":"https:\/\/api.w.org\/{rel}","templated":true}]}}