{"id":4879,"date":"2022-09-26T07:52:32","date_gmt":"2022-09-26T07:52:32","guid":{"rendered":"https:\/\/piafer.ro\/?page_id=4879"},"modified":"2026-04-08T07:15:22","modified_gmt":"2026-04-08T07:15:22","slug":"gam","status":"publish","type":"page","link":"https:\/\/piafer.ro\/en\/gam\/","title":{"rendered":"GAM"},"content":{"rendered":"<div class=\"wpb-content-wrapper\"><div class=\"vc_row wpb_row vc_row-fluid\"><div class=\"wpb_column vc_column_container vc_col-sm-12\"><div class=\"vc_column-inner\"><div class=\"wpb_wrapper\"><div class=\"vc_empty_space\"   style=\"height: 32px\"><span class=\"vc_empty_space_inner\"><\/span><\/div><\/div><\/div><\/div><\/div><div class=\"vc_row wpb_row vc_row-fluid\"><div class=\"wpb_column vc_column_container vc_col-sm-3\"><div class=\"vc_column-inner\"><div class=\"wpb_wrapper\">\n\t<div class=\"wpb_raw_code wpb_raw_html wpb_content_element\" >\n\t\t<div class=\"wpb_wrapper\">\n\t\t\t<div id=\"sidebar\">\n<div class=\"content widget-area\">\n<aside id=\"nav_menu-6\" class=\"widget widget_nav_menu\"><div class=\"menu-storage-types-container\"><ul id=\"menu-storage-types\" class=\"menu\">\n<li id=\"menu-item-3234\" class=\"menu-item menu-item-type-post_type menu-item-object-page menu-item-3234\"><a href=\"https:\/\/piafer.ro\/en\/archivit\/\">ArchivIT<\/a><\/li>\n<li id=\"menu-item-3235\" class=\"menu-item menu-item-type-post_type menu-item-object-page menu-item-3235\"><a href=\"https:\/\/piafer.ro\/en\/arhivatorul\/\">Arhivatorul<\/a><\/li>\n<li id=\"menu-item-3236\" class=\"menu-item menu-item-type-post_type menu-item-object-page page-item-3227 menu-item-3236\"><a href=\"https:\/\/piafer.ro\/en\/certsign\/\" aria-current=\"page\">CertSIGN<\/a><\/li>\n<li id=\"menu-item-3237\" class=\"menu-item menu-item-type-post_type menu-item-object-page menu-item-3237\"><a href=\"https:\/\/piafer.ro\/en\/das\/\">DAS<\/a><\/li>\n<li id=\"menu-item-3237\" class=\"menu-item menu-item-type-post_type menu-item-object-page menu-item-3237 current-menu-item page_item current_page_item\"><a href=\"https:\/\/piafer.ro\/en\/gam\/\">GAM<\/a><\/li>\n<li id=\"menu-item-3237\" class=\"menu-item menu-item-type-post_type menu-item-object-page menu-item-3237\"><a href=\"https:\/\/piafer.ro\/en\/sda\/\">SDA<\/a><\/li>\n<li id=\"menu-item-3237\" class=\"menu-item menu-item-type-post_type menu-item-object-page menu-item-3237\"><a href=\"https:\/\/piafer.ro\/en\/nextdocs-ecm-expert-si-nextdocs-confidential\/\">NEXTDOCS ECM<\/a><\/li>\n\n<\/ul><\/div><\/aside><\/div><!-- .content widget-area -->\n<\/div>\n\t\t<\/div>\n\t<\/div>\n\n\t<div  class=\"wpb_single_image wpb_content_element vc_align_left wpb_content_element\">\n\t\t\n\t\t<figure class=\"wpb_wrapper vc_figure\">\n\t\t\t<div class=\"vc_single_image-wrapper   vc_box_border_grey\"><img width=\"1615\" height=\"614\" src=\"https:\/\/piafer.ro\/wp-content\/uploads\/2022\/09\/Logo-GAM.png\" class=\"vc_single_image-img attachment-full\" alt=\"Logo GAM\" decoding=\"async\" title=\"Logo GAM\" srcset=\"https:\/\/piafer.ro\/wp-content\/uploads\/2022\/09\/Logo-GAM.png 1615w, https:\/\/piafer.ro\/wp-content\/uploads\/2022\/09\/Logo-GAM-300x114.png 300w, https:\/\/piafer.ro\/wp-content\/uploads\/2022\/09\/Logo-GAM-1024x389.png 1024w, https:\/\/piafer.ro\/wp-content\/uploads\/2022\/09\/Logo-GAM-768x292.png 768w, https:\/\/piafer.ro\/wp-content\/uploads\/2022\/09\/Logo-GAM-1536x584.png 1536w\" sizes=\"(max-width: 1615px) 100vw, 1615px\" \/><\/div>\n\t\t<\/figure>\n\t<\/div>\n\n\t<div class=\"wpb_raw_code wpb_raw_html wpb_content_element\" >\n\t\t<div class=\"wpb_wrapper\">\n\t\t\t<aside id=\"iconbox-10\" class=\"widget iconbox\"><div class=\"icon-box_w_text\"><i class=\"fa icon-box-w_al fa-fw fa-envelope\" style=\"color:#fe9866\"><\/i><span class=\"icon-box-w_title\">E-mail<\/span><span class=\"icon-box-w_desc\">info@archive.ro<\/span><\/div><\/aside>\n\n <aside id=\"iconbox-10\" class=\"widget iconbox\">\n<div class=\"icon-box_w_text\"><i class=\"fa icon-box-w_al fa-fw fa-map-marker\" style=\"color:#fe9866\"><\/i><span class=\"icon-box-w_title\">Adresa<\/span><span class=\"icon-box-w_desc\"> \u015eoseaua M\u0103gurele-D\u0103r\u0103\u015fti nr. 10, Jude\u021bul Ilfov<\/span><\/div><\/aside>\n \n<aside id=\"iconbox-10\" class=\"widget iconbox\"><div class=\"icon-box_w_text\"><i class=\"fa icon-box-w_al fa-fw fa-phone\" style=\"color:#fe9866\"><\/i><span class=\"icon-box-w_title\">Telefon contact<\/span><span class=\"icon-box-w_desc\">+40 754 042 996<\/span><\/div><\/aside>\n\n<aside id=\"iconbox-10\" class=\"widget iconbox\"><div class=\"icon-box_w_text\"><i class=\"fa icon-box-w_al fa-fw fa-globe\" style=\"color:#fe9866\"><\/i><span class=\"icon-box-w_title\">Website<\/span><span class=\"icon-box-w_desc\">https:\/\/archive.ro<\/span><\/div><\/aside>\n\n\t\t<\/div>\n\t<\/div>\n<\/div><\/div><\/div><div class=\"wpb_column vc_column_container vc_col-sm-6\"><div class=\"vc_column-inner\"><div class=\"wpb_wrapper\">\n\t<div class=\"wpb_text_column wpb_content_element\" >\n\t\t<div class=\"wpb_wrapper\">\n\t\t\t<p style=\"text-align: justify;\"><strong>GAM (Global Archive Management)<\/strong> este unul din pionierii serviciilor de arhivare din Rom\u00e2nia. Suntem \u00een TOP 5 companii din \u021bar\u0103. \u00cen jur de 300 de clien\u021bi ne-au \u00eencredin\u021bat arhiva pentru serviciile lor arhivistice. Pe l\u00e2ng\u0103 autoriza\u021biile ob\u021binute din partea Arhivelelor Na\u021bionale ale Rom\u00e2niei, am ob\u021binut numeroase certific\u0103ri pentru respectarea celor mai \u00eenalte norme \u0219i cerin\u021be de calitate: ISO 9001, ISO 14001, ISO 27001, ISO 45001, ISO\/IEC 20000-1.<\/p>\n<p style=\"text-align: justify;\">Am dezvoltat <strong>mai multe linii de business \u00een domeniul arhiv\u0103rii<\/strong>, printre care enumer\u0103m: Depozitare Arhiv\u0103, Prelucrare Arhivistic\u0103, Digitalizare, Consultare Documente, Mailroom, Serviciu Distrugere Arhiv\u0103, Serviciu Arhiv\u0103 Deschis\u0103 (Open Archive), Emiterea \u0219i eliberarea adeverin\u021belor de vechime \u00een munc\u0103 \u00een baza arhivei clien\u021bilor etc.<\/p>\n<p style=\"text-align: justify;\">De\u021binem <strong>5 depozite<\/strong> \u00een apropierea Bucure\u0219tiului, cu o suprafa\u021b\u0103 cumulat\u0103 de aproximativ <strong>10.000<\/strong> <strong>m<sup>2<\/sup><\/strong>. Pentru maxima siguran\u021b\u0103 a documentelor, <strong>GAM<\/strong> <strong>a implementat cel mai performant sistem de stingere incendii<\/strong>, utilizat totodat\u0103 \u00een industria bancar\u0103 \u0219i IT pentru protejarea serverelor din Data Center.<\/p>\n\n\t\t<\/div>\n\t<\/div>\n<\/div><\/div><\/div><div class=\"wpb_column vc_column_container vc_col-sm-3\"><div class=\"vc_column-inner\"><div class=\"wpb_wrapper\">\n\t<div  class=\"wpb_single_image wpb_content_element vc_align_left wpb_content_element\">\n\t\t\n\t\t<figure class=\"wpb_wrapper vc_figure\">\n\t\t\t<div class=\"vc_single_image-wrapper   vc_box_border_grey\"><img width=\"2560\" height=\"1725\" src=\"https:\/\/piafer.ro\/wp-content\/uploads\/2022\/09\/Poza1-Depozit-GAM-min-scaled.jpg\" class=\"vc_single_image-img attachment-full\" alt=\"Poza1 - Depozit GAM-min\" decoding=\"async\" title=\"Poza1 - Depozit GAM-min\" srcset=\"https:\/\/piafer.ro\/wp-content\/uploads\/2022\/09\/Poza1-Depozit-GAM-min-scaled.jpg 2560w, https:\/\/piafer.ro\/wp-content\/uploads\/2022\/09\/Poza1-Depozit-GAM-min-300x202.jpg 300w, https:\/\/piafer.ro\/wp-content\/uploads\/2022\/09\/Poza1-Depozit-GAM-min-1024x690.jpg 1024w, https:\/\/piafer.ro\/wp-content\/uploads\/2022\/09\/Poza1-Depozit-GAM-min-768x518.jpg 768w, https:\/\/piafer.ro\/wp-content\/uploads\/2022\/09\/Poza1-Depozit-GAM-min-1536x1035.jpg 1536w, https:\/\/piafer.ro\/wp-content\/uploads\/2022\/09\/Poza1-Depozit-GAM-min-2048x1380.jpg 2048w\" sizes=\"(max-width: 2560px) 100vw, 2560px\" \/><\/div>\n\t\t<\/figure>\n\t<\/div>\n\n\t<div  class=\"wpb_single_image wpb_content_element vc_align_left wpb_content_element\">\n\t\t\n\t\t<figure class=\"wpb_wrapper vc_figure\">\n\t\t\t<div class=\"vc_single_image-wrapper   vc_box_border_grey\"><img width=\"2560\" height=\"1696\" src=\"https:\/\/piafer.ro\/wp-content\/uploads\/2022\/09\/Poza2-Sistem-stingere-incendii-GAM-min-scaled.jpg\" class=\"vc_single_image-img attachment-full\" alt=\"Poza2 - Sistem stingere incendii GAM-min\" decoding=\"async\" title=\"Poza2 - Sistem stingere incendii GAM-min\" srcset=\"https:\/\/piafer.ro\/wp-content\/uploads\/2022\/09\/Poza2-Sistem-stingere-incendii-GAM-min-scaled.jpg 2560w, https:\/\/piafer.ro\/wp-content\/uploads\/2022\/09\/Poza2-Sistem-stingere-incendii-GAM-min-300x199.jpg 300w, https:\/\/piafer.ro\/wp-content\/uploads\/2022\/09\/Poza2-Sistem-stingere-incendii-GAM-min-1024x678.jpg 1024w, https:\/\/piafer.ro\/wp-content\/uploads\/2022\/09\/Poza2-Sistem-stingere-incendii-GAM-min-768x509.jpg 768w, https:\/\/piafer.ro\/wp-content\/uploads\/2022\/09\/Poza2-Sistem-stingere-incendii-GAM-min-1536x1017.jpg 1536w, https:\/\/piafer.ro\/wp-content\/uploads\/2022\/09\/Poza2-Sistem-stingere-incendii-GAM-min-2048x1356.jpg 2048w\" sizes=\"(max-width: 2560px) 100vw, 2560px\" \/><\/div>\n\t\t<\/figure>\n\t<\/div>\n<div class=\"vc_empty_space\"   style=\"height: 15px\"><span class=\"vc_empty_space_inner\"><\/span><\/div><div class=\"wpb_gmaps_widget wpb_content_element\"><div class=\"wpb_wrapper\"><div class=\"wpb_map_wraper\"><iframe src=\"https:\/\/www.google.com\/maps\/embed?pb=!1m26!1m12!1m3!1d45634.240471809906!2d26.01263863782181!3d44.3687146002972!2m3!1f0!2f0!3f0!3m2!1i1024!2i768!4f13.1!4m11!3e6!4m3!3m2!1d44.4071936!2d26.063667199999998!4m5!1s0x40ae011f8439ba91%3A0xdc1babcd46acc3b0!2sglobal%20archive%20management!3m2!1d44.3288875!2d26.0324343!5e0!3m2!1sen!2sro!4v1663503790550!5m2!1sen!2sro\" width=\"600\" height=\"450\" style=\"border:0;\" allowfullscreen=\"\" loading=\"lazy\" referrerpolicy=\"no-referrer-when-downgrade\"><\/iframe><\/div><\/div><\/div><\/div><\/div><\/div><\/div>\n<\/div>","protected":false},"excerpt":{"rendered":"ArchivIT Arhivatorul CertSIGN DAS GAM SDA NEXTDOCS ECM E-mailinfo@archive.ro Adresa \u015eoseaua M\u0103gurele-D\u0103r\u0103\u015fti nr. 10, Jude\u021bul Ilfov Telefon contact+40 754 042 996 Websitehttps:\/\/archive.ro GAM (Global Archive Management) este unul din pionierii serviciilor de arhivare din Rom\u00e2nia. Suntem \u00een TOP 5 companii din \u021bar\u0103. \u00cen jur de 300 de clien\u021bi ne-au \u00eencredin\u021bat arhiva pentru serviciile lor arhivistice. [...]","protected":false},"author":1,"featured_media":0,"parent":0,"menu_order":0,"comment_status":"closed","ping_status":"closed","template":"","meta":[],"yoast_head":"<!-- This site is optimized with the Yoast SEO plugin v19.2 - https:\/\/yoast.com\/wordpress\/plugins\/seo\/ -->\n<title>GAM - Piafer<\/title>\n<meta name=\"robots\" content=\"index, follow, max-snippet:-1, max-image-preview:large, max-video-preview:-1\" \/>\n<link rel=\"canonical\" href=\"https:\/\/piafer.ro\/en\/gam\/\" \/>\n<meta property=\"og:locale\" content=\"en_US\" \/>\n<meta property=\"og:type\" content=\"article\" \/>\n<meta property=\"og:title\" content=\"GAM - Piafer\" \/>\n<meta property=\"og:url\" content=\"https:\/\/piafer.ro\/en\/gam\/\" \/>\n<meta property=\"og:site_name\" content=\"Piafer\" \/>\n<meta property=\"article:modified_time\" content=\"2026-04-08T07:15:22+00:00\" \/>\n<meta name=\"author\" content=\"arhiv\" \/>\n<meta name=\"twitter:card\" content=\"summary_large_image\" \/>\n<meta name=\"twitter:label1\" content=\"Est. reading time\" \/>\n\t<meta name=\"twitter:data1\" content=\"1 minute\" \/>\n<script type=\"application\/ld+json\" class=\"yoast-schema-graph\">{\"@context\":\"https:\/\/schema.org\",\"@graph\":[{\"@type\":\"WebSite\",\"@id\":\"https:\/\/piafer.ro\/#website\",\"url\":\"https:\/\/piafer.ro\/\",\"name\":\"Piafer\",\"description\":\"Patronatul \u00centreprinderilor de Arhivare Fizic\u0103 \u0219i Electronic\u0103 din Rom\u00e2nia\",\"potentialAction\":[{\"@type\":\"SearchAction\",\"target\":{\"@type\":\"EntryPoint\",\"urlTemplate\":\"https:\/\/piafer.ro\/?s={search_term_string}\"},\"query-input\":\"required name=search_term_string\"}],\"inLanguage\":\"en-US\"},{\"@type\":\"WebPage\",\"@id\":\"https:\/\/piafer.ro\/gam\/#webpage\",\"url\":\"https:\/\/piafer.ro\/gam\/\",\"name\":\"GAM - Piafer\",\"isPartOf\":{\"@id\":\"https:\/\/piafer.ro\/#website\"},\"datePublished\":\"2022-09-26T07:52:32+00:00\",\"dateModified\":\"2026-04-08T07:15:22+00:00\",\"breadcrumb\":{\"@id\":\"https:\/\/piafer.ro\/gam\/#breadcrumb\"},\"inLanguage\":\"en-US\",\"potentialAction\":[{\"@type\":\"ReadAction\",\"target\":[\"https:\/\/piafer.ro\/gam\/\"]}]},{\"@type\":\"BreadcrumbList\",\"@id\":\"https:\/\/piafer.ro\/gam\/#breadcrumb\",\"itemListElement\":[{\"@type\":\"ListItem\",\"position\":1,\"name\":\"Prima pagin\u0103\",\"item\":\"https:\/\/piafer.ro\/\"},{\"@type\":\"ListItem\",\"position\":2,\"name\":\"GAM\"}]}]}<\/script>\n<!-- \/ Yoast SEO plugin. -->","yoast_head_json":{"title":"GAM - Piafer","robots":{"index":"index","follow":"follow","max-snippet":"max-snippet:-1","max-image-preview":"max-image-preview:large","max-video-preview":"max-video-preview:-1"},"canonical":"https:\/\/piafer.ro\/en\/gam\/","og_locale":"en_US","og_type":"article","og_title":"GAM - Piafer","og_url":"https:\/\/piafer.ro\/en\/gam\/","og_site_name":"Piafer","article_modified_time":"2026-04-08T07:15:22+00:00","author":"arhiv","twitter_card":"summary_large_image","twitter_misc":{"Est. reading time":"1 minute"},"schema":{"@context":"https:\/\/schema.org","@graph":[{"@type":"WebSite","@id":"https:\/\/piafer.ro\/#website","url":"https:\/\/piafer.ro\/","name":"Piafer","description":"Patronatul \u00centreprinderilor de Arhivare Fizic\u0103 \u0219i Electronic\u0103 din Rom\u00e2nia","potentialAction":[{"@type":"SearchAction","target":{"@type":"EntryPoint","urlTemplate":"https:\/\/piafer.ro\/?s={search_term_string}"},"query-input":"required name=search_term_string"}],"inLanguage":"en-US"},{"@type":"WebPage","@id":"https:\/\/piafer.ro\/gam\/#webpage","url":"https:\/\/piafer.ro\/gam\/","name":"GAM - Piafer","isPartOf":{"@id":"https:\/\/piafer.ro\/#website"},"datePublished":"2022-09-26T07:52:32+00:00","dateModified":"2026-04-08T07:15:22+00:00","breadcrumb":{"@id":"https:\/\/piafer.ro\/gam\/#breadcrumb"},"inLanguage":"en-US","potentialAction":[{"@type":"ReadAction","target":["https:\/\/piafer.ro\/gam\/"]}]},{"@type":"BreadcrumbList","@id":"https:\/\/piafer.ro\/gam\/#breadcrumb","itemListElement":[{"@type":"ListItem","position":1,"name":"Prima pagin\u0103","item":"https:\/\/piafer.ro\/"},{"@type":"ListItem","position":2,"name":"GAM"}]}]}},"_links":{"self":[{"href":"https:\/\/piafer.ro\/en\/wp-json\/wp\/v2\/pages\/4879"}],"collection":[{"href":"https:\/\/piafer.ro\/en\/wp-json\/wp\/v2\/pages"}],"about":[{"href":"https:\/\/piafer.ro\/en\/wp-json\/wp\/v2\/types\/page"}],"author":[{"embeddable":true,"href":"https:\/\/piafer.ro\/en\/wp-json\/wp\/v2\/users\/1"}],"replies":[{"embeddable":true,"href":"https:\/\/piafer.ro\/en\/wp-json\/wp\/v2\/comments?post=4879"}],"version-history":[{"count":8,"href":"https:\/\/piafer.ro\/en\/wp-json\/wp\/v2\/pages\/4879\/revisions"}],"predecessor-version":[{"id":6353,"href":"https:\/\/piafer.ro\/en\/wp-json\/wp\/v2\/pages\/4879\/revisions\/6353"}],"wp:attachment":[{"href":"https:\/\/piafer.ro\/en\/wp-json\/wp\/v2\/media?parent=4879"}],"curies":[{"name":"wp","href":"https:\/\/api.w.org\/{rel}","templated":true}]}}