{"id":5109,"date":"2024-03-27T10:32:15","date_gmt":"2024-03-27T10:32:15","guid":{"rendered":"https:\/\/piafer.ro\/?page_id=5109"},"modified":"2026-04-08T07:14:56","modified_gmt":"2026-04-08T07:14:56","slug":"sda","status":"publish","type":"page","link":"https:\/\/piafer.ro\/en\/sda\/","title":{"rendered":"S.D.A. &#8211; Servicii de Depozitare \u0219i Arhivare SRL"},"content":{"rendered":"<div class=\"wpb-content-wrapper\"><div class=\"vc_row wpb_row vc_row-fluid\"><div class=\"wpb_column vc_column_container vc_col-sm-12\"><div class=\"vc_column-inner\"><div class=\"wpb_wrapper\"><div class=\"vc_empty_space\"   style=\"height: 32px\"><span class=\"vc_empty_space_inner\"><\/span><\/div><\/div><\/div><\/div><\/div><div class=\"vc_row wpb_row vc_row-fluid\"><div class=\"wpb_column vc_column_container vc_col-sm-3\"><div class=\"vc_column-inner\"><div class=\"wpb_wrapper\">\n\t<div class=\"wpb_raw_code wpb_raw_html wpb_content_element\" >\n\t\t<div class=\"wpb_wrapper\">\n\t\t\t<div id=\"sidebar\">\n<div class=\"content widget-area\">\n<aside id=\"nav_menu-6\" class=\"widget widget_nav_menu\"><div class=\"menu-storage-types-container\"><ul id=\"menu-storage-types\" class=\"menu\">\n<li id=\"menu-item-3234\" class=\"menu-item menu-item-type-post_type menu-item-object-page menu-item-3234\"><a href=\"https:\/\/piafer.ro\/en\/archivit\/\">ArchivIT<\/a><\/li>\n<li id=\"menu-item-3235\" class=\"menu-item menu-item-type-post_type menu-item-object-page menu-item-3235\"><a href=\"https:\/\/piafer.ro\/en\/arhivatorul\/\">Arhivatorul<\/a><\/li>\n<li id=\"menu-item-3236\" class=\"menu-item menu-item-type-post_type menu-item-object-page page-item-3227 menu-item-3236\"><a href=\"https:\/\/piafer.ro\/en\/certsign\/\" aria-current=\"page\">CertSIGN<\/a><\/li>\n<li id=\"menu-item-3237\" class=\"menu-item menu-item-type-post_type menu-item-object-page menu-item-3237\"><a href=\"https:\/\/piafer.ro\/en\/das\/\">DAS<\/a><\/li>\n<li id=\"menu-item-3237\" class=\"menu-item menu-item-type-post_type menu-item-object-page menu-item-3237 page_item\"><a href=\"https:\/\/piafer.ro\/en\/gam\/\">GAM<\/a><\/li>\n<li id=\"menu-item-3237\" class=\"menu-item menu-item-type-post_type menu-item-object-page menu-item-3237 current-menu-item page_item current_page_item\"><a href=\"https:\/\/piafer.ro\/en\/sda\/\">SDA<\/a><\/li>\n<li id=\"menu-item-3237\" class=\"menu-item menu-item-type-post_type menu-item-object-page menu-item-3237\"><a href=\"https:\/\/piafer.ro\/en\/nextdocs-ecm-expert-si-nextdocs-confidential\/\">NEXTDOCS ECM<\/a><\/li>\n<\/ul><\/div><\/aside><\/div><!-- .content widget-area -->\n<\/div>\n\t\t<\/div>\n\t<\/div>\n\n\t<div  class=\"wpb_single_image wpb_content_element vc_align_left wpb_content_element\">\n\t\t\n\t\t<figure class=\"wpb_wrapper vc_figure\">\n\t\t\t<div class=\"vc_single_image-wrapper   vc_box_border_grey\"><img width=\"300\" height=\"127\" src=\"https:\/\/piafer.ro\/wp-content\/uploads\/2024\/03\/sda-ok.jpg\" class=\"vc_single_image-img attachment-full\" alt=\"\" decoding=\"async\" title=\"sda-ok\" \/><\/div>\n\t\t<\/figure>\n\t<\/div>\n\n\t<div class=\"wpb_raw_code wpb_raw_html wpb_content_element\" >\n\t\t<div class=\"wpb_wrapper\">\n\t\t\t<aside id=\"iconbox-10\" class=\"widget iconbox\"><div class=\"icon-box_w_text\"><i class=\"fa icon-box-w_al fa-fw fa-envelope\" style=\"color:#fe9866\"><\/i><span class=\"icon-box-w_title\">E-mail<\/span><span class=\"icon-box-w_desc\">office@sda.ro<\/span><\/div><\/aside>\n\n \n<aside id=\"iconbox-10\" class=\"widget iconbox\"><div class=\"icon-box_w_text\"><i class=\"fa icon-box-w_al fa-fw fa-phone\" style=\"color:#fe9866\"><\/i><span class=\"icon-box-w_title\">Telefon contact<\/span><span class=\"icon-box-w_desc\">0268 545 800<\/span><\/div><\/aside>\n\n<aside id=\"iconbox-10\" class=\"widget iconbox\"><div class=\"icon-box_w_text\"><i class=\"fa icon-box-w_al fa-fw fa-globe\" style=\"color:#fe9866\"><\/i><span class=\"icon-box-w_title\">Website<\/span><span class=\"icon-box-w_desc\">www.sda.ro<\/span><\/div><\/aside>\n\n\t\t<\/div>\n\t<\/div>\n<\/div><\/div><\/div><div class=\"wpb_column vc_column_container vc_col-sm-6\"><div class=\"vc_column-inner\"><div class=\"wpb_wrapper\">\n\t<div class=\"wpb_text_column wpb_content_element\" >\n\t\t<div class=\"wpb_wrapper\">\n\t\t\t<p style=\"text-align: justify;\">SDA &#8211; Servicii de Depozitare \u0219i Arhivare &#8211; companie cu capital 100% rom\u00e2nesc &#8211; este prezent\u0103 \u00een domeniul arhiv\u0103rii documentelor din 2007, av\u00e2nd sediul central \u00een Bra\u0219ov \u0219i depozite proprii \u00een Bucure\u0219ti \u0219i Bra\u0219ov.<\/p>\n<p style=\"text-align: justify;\">Oferim servicii complete de arhivare (depozitare documente, materiale necesare depozitarii, consultare si retragere documente, prelucrare arhivistic\u0103, scanare documente, transport documente, distrugere securizat\u0103 documente), la cele mai \u00eenalte standarde.<\/p>\n<p style=\"text-align: justify;\">Oper\u0103m la nivel NA\u021aIONAL, clien\u021bii no\u0219tri fiind at\u00e2t companii multina\u021bionale c\u00e2t \u0219i firme antreprenoriale rom\u00e2ne\u0219ti din domenii precum financiar-bancar, farma, automotive, lan\u021buri de retail, produc\u021bie.<\/p>\n\n\t\t<\/div>\n\t<\/div>\n<\/div><\/div><\/div><div class=\"wpb_column vc_column_container vc_col-sm-3\"><div class=\"vc_column-inner\"><div class=\"wpb_wrapper\">\n\t<div  class=\"wpb_single_image wpb_content_element vc_align_left wpb_content_element\">\n\t\t\n\t\t<figure class=\"wpb_wrapper vc_figure\">\n\t\t\t<div class=\"vc_single_image-wrapper   vc_box_border_grey\"><img width=\"711\" height=\"475\" src=\"https:\/\/piafer.ro\/wp-content\/uploads\/2024\/03\/foto-SDA-1-1.jpg\" class=\"vc_single_image-img attachment-full\" alt=\"\" decoding=\"async\" title=\"foto SDA 1 (1)\" srcset=\"https:\/\/piafer.ro\/wp-content\/uploads\/2024\/03\/foto-SDA-1-1.jpg 711w, https:\/\/piafer.ro\/wp-content\/uploads\/2024\/03\/foto-SDA-1-1-300x200.jpg 300w\" sizes=\"(max-width: 711px) 100vw, 711px\" \/><\/div>\n\t\t<\/figure>\n\t<\/div>\n\n\t<div  class=\"wpb_single_image wpb_content_element vc_align_left wpb_content_element\">\n\t\t\n\t\t<figure class=\"wpb_wrapper vc_figure\">\n\t\t\t<div class=\"vc_single_image-wrapper   vc_box_border_grey\"><img width=\"763\" height=\"637\" src=\"https:\/\/piafer.ro\/wp-content\/uploads\/2024\/03\/foto-SDA-2.jpg\" class=\"vc_single_image-img attachment-full\" alt=\"\" decoding=\"async\" title=\"foto SDA 2\" srcset=\"https:\/\/piafer.ro\/wp-content\/uploads\/2024\/03\/foto-SDA-2.jpg 763w, https:\/\/piafer.ro\/wp-content\/uploads\/2024\/03\/foto-SDA-2-300x250.jpg 300w\" sizes=\"(max-width: 763px) 100vw, 763px\" \/><\/div>\n\t\t<\/figure>\n\t<\/div>\n<div class=\"vc_empty_space\"   style=\"height: 15px\"><span class=\"vc_empty_space_inner\"><\/span><\/div><div class=\"wpb_gmaps_widget wpb_content_element\"><div class=\"wpb_wrapper\"><div class=\"wpb_map_wraper\"><iframe src=\"https:\/\/www.google.com\/maps\/embed?pb=!1m18!1m12!1m3!1d2787.743368357994!2d25.6136742!3d45.676052!2m3!1f0!2f0!3f0!3m2!1i1024!2i768!4f13.1!3m3!1m2!1s0x40b35be59a206467%3A0xc97f44e8ab80e934!2sServicii%20de%20Depozitare%20%C8%99i%20Arhivare!5e0!3m2!1sen!2sro!4v1775632463426!5m2!1sen!2sro\" width=\"600\" height=\"450\" style=\"border:0;\" allowfullscreen=\"\" loading=\"lazy\" referrerpolicy=\"no-referrer-when-downgrade\"><\/iframe><\/div><\/div><\/div><\/div><\/div><\/div><\/div>\n<\/div>","protected":false},"excerpt":{"rendered":"ArchivIT Arhivatorul CertSIGN DAS GAM SDA NEXTDOCS ECM E-mailoffice@sda.ro Telefon contact0268 545 800 Websitewww.sda.ro SDA - Servicii de Depozitare \u0219i Arhivare - companie cu capital 100% rom\u00e2nesc - este prezent\u0103 \u00een domeniul arhiv\u0103rii documentelor din 2007, av\u00e2nd sediul central \u00een Bra\u0219ov \u0219i depozite proprii \u00een Bucure\u0219ti \u0219i Bra\u0219ov. Oferim servicii complete de arhivare (depozitare documente, [...]","protected":false},"author":1,"featured_media":0,"parent":0,"menu_order":0,"comment_status":"closed","ping_status":"closed","template":"","meta":[],"yoast_head":"<!-- This site is optimized with the Yoast SEO plugin v19.2 - https:\/\/yoast.com\/wordpress\/plugins\/seo\/ -->\n<title>S.D.A. - Servicii de Depozitare \u0219i Arhivare SRL - Piafer<\/title>\n<meta name=\"robots\" content=\"index, follow, max-snippet:-1, max-image-preview:large, max-video-preview:-1\" \/>\n<link rel=\"canonical\" href=\"https:\/\/piafer.ro\/en\/sda\/\" \/>\n<meta property=\"og:locale\" content=\"en_US\" \/>\n<meta property=\"og:type\" content=\"article\" \/>\n<meta property=\"og:title\" content=\"S.D.A. - Servicii de Depozitare \u0219i Arhivare SRL - Piafer\" \/>\n<meta property=\"og:url\" content=\"https:\/\/piafer.ro\/en\/sda\/\" \/>\n<meta property=\"og:site_name\" content=\"Piafer\" \/>\n<meta property=\"article:modified_time\" content=\"2026-04-08T07:14:56+00:00\" \/>\n<meta name=\"author\" content=\"arhiv\" \/>\n<meta name=\"twitter:card\" content=\"summary_large_image\" \/>\n<meta name=\"twitter:label1\" content=\"Est. reading time\" \/>\n\t<meta name=\"twitter:data1\" content=\"1 minute\" \/>\n<script type=\"application\/ld+json\" class=\"yoast-schema-graph\">{\"@context\":\"https:\/\/schema.org\",\"@graph\":[{\"@type\":\"WebSite\",\"@id\":\"https:\/\/piafer.ro\/#website\",\"url\":\"https:\/\/piafer.ro\/\",\"name\":\"Piafer\",\"description\":\"Patronatul \u00centreprinderilor de Arhivare Fizic\u0103 \u0219i Electronic\u0103 din Rom\u00e2nia\",\"potentialAction\":[{\"@type\":\"SearchAction\",\"target\":{\"@type\":\"EntryPoint\",\"urlTemplate\":\"https:\/\/piafer.ro\/?s={search_term_string}\"},\"query-input\":\"required name=search_term_string\"}],\"inLanguage\":\"en-US\"},{\"@type\":\"WebPage\",\"@id\":\"https:\/\/piafer.ro\/sda\/#webpage\",\"url\":\"https:\/\/piafer.ro\/sda\/\",\"name\":\"S.D.A. - Servicii de Depozitare \u0219i Arhivare SRL - Piafer\",\"isPartOf\":{\"@id\":\"https:\/\/piafer.ro\/#website\"},\"datePublished\":\"2024-03-27T10:32:15+00:00\",\"dateModified\":\"2026-04-08T07:14:56+00:00\",\"breadcrumb\":{\"@id\":\"https:\/\/piafer.ro\/sda\/#breadcrumb\"},\"inLanguage\":\"en-US\",\"potentialAction\":[{\"@type\":\"ReadAction\",\"target\":[\"https:\/\/piafer.ro\/sda\/\"]}]},{\"@type\":\"BreadcrumbList\",\"@id\":\"https:\/\/piafer.ro\/sda\/#breadcrumb\",\"itemListElement\":[{\"@type\":\"ListItem\",\"position\":1,\"name\":\"Prima pagin\u0103\",\"item\":\"https:\/\/piafer.ro\/\"},{\"@type\":\"ListItem\",\"position\":2,\"name\":\"S.D.A. &#8211; Servicii de Depozitare \u0219i Arhivare SRL\"}]}]}<\/script>\n<!-- \/ Yoast SEO plugin. -->","yoast_head_json":{"title":"S.D.A. - Servicii de Depozitare \u0219i Arhivare SRL - Piafer","robots":{"index":"index","follow":"follow","max-snippet":"max-snippet:-1","max-image-preview":"max-image-preview:large","max-video-preview":"max-video-preview:-1"},"canonical":"https:\/\/piafer.ro\/en\/sda\/","og_locale":"en_US","og_type":"article","og_title":"S.D.A. - Servicii de Depozitare \u0219i Arhivare SRL - Piafer","og_url":"https:\/\/piafer.ro\/en\/sda\/","og_site_name":"Piafer","article_modified_time":"2026-04-08T07:14:56+00:00","author":"arhiv","twitter_card":"summary_large_image","twitter_misc":{"Est. reading time":"1 minute"},"schema":{"@context":"https:\/\/schema.org","@graph":[{"@type":"WebSite","@id":"https:\/\/piafer.ro\/#website","url":"https:\/\/piafer.ro\/","name":"Piafer","description":"Patronatul \u00centreprinderilor de Arhivare Fizic\u0103 \u0219i Electronic\u0103 din Rom\u00e2nia","potentialAction":[{"@type":"SearchAction","target":{"@type":"EntryPoint","urlTemplate":"https:\/\/piafer.ro\/?s={search_term_string}"},"query-input":"required name=search_term_string"}],"inLanguage":"en-US"},{"@type":"WebPage","@id":"https:\/\/piafer.ro\/sda\/#webpage","url":"https:\/\/piafer.ro\/sda\/","name":"S.D.A. - Servicii de Depozitare \u0219i Arhivare SRL - Piafer","isPartOf":{"@id":"https:\/\/piafer.ro\/#website"},"datePublished":"2024-03-27T10:32:15+00:00","dateModified":"2026-04-08T07:14:56+00:00","breadcrumb":{"@id":"https:\/\/piafer.ro\/sda\/#breadcrumb"},"inLanguage":"en-US","potentialAction":[{"@type":"ReadAction","target":["https:\/\/piafer.ro\/sda\/"]}]},{"@type":"BreadcrumbList","@id":"https:\/\/piafer.ro\/sda\/#breadcrumb","itemListElement":[{"@type":"ListItem","position":1,"name":"Prima pagin\u0103","item":"https:\/\/piafer.ro\/"},{"@type":"ListItem","position":2,"name":"S.D.A. &#8211; Servicii de Depozitare \u0219i Arhivare SRL"}]}]}},"_links":{"self":[{"href":"https:\/\/piafer.ro\/en\/wp-json\/wp\/v2\/pages\/5109"}],"collection":[{"href":"https:\/\/piafer.ro\/en\/wp-json\/wp\/v2\/pages"}],"about":[{"href":"https:\/\/piafer.ro\/en\/wp-json\/wp\/v2\/types\/page"}],"author":[{"embeddable":true,"href":"https:\/\/piafer.ro\/en\/wp-json\/wp\/v2\/users\/1"}],"replies":[{"embeddable":true,"href":"https:\/\/piafer.ro\/en\/wp-json\/wp\/v2\/comments?post=5109"}],"version-history":[{"count":7,"href":"https:\/\/piafer.ro\/en\/wp-json\/wp\/v2\/pages\/5109\/revisions"}],"predecessor-version":[{"id":6352,"href":"https:\/\/piafer.ro\/en\/wp-json\/wp\/v2\/pages\/5109\/revisions\/6352"}],"wp:attachment":[{"href":"https:\/\/piafer.ro\/en\/wp-json\/wp\/v2\/media?parent=5109"}],"curies":[{"name":"wp","href":"https:\/\/api.w.org\/{rel}","templated":true}]}}