{"id":5125,"date":"2024-03-27T11:44:40","date_gmt":"2024-03-27T11:44:40","guid":{"rendered":"https:\/\/piafer.ro\/login\/"},"modified":"2024-03-28T22:30:15","modified_gmt":"2024-03-28T22:30:15","slug":"login","status":"publish","type":"page","link":"https:\/\/piafer.ro\/en\/login\/","title":{"rendered":"Login"},"content":{"rendered":"<p>Ne pare r\u0103u, aceast\u0103 sec\u021biune a site-ului nostru este rezervat\u0103 exclusiv pentru membrii \u00eenregistra\u021bi. Dac\u0103 de\u021bine\u021bi deja un cont, v\u0103 rug\u0103m s\u0103 v\u0103 autentifica\u021bi pentru a accesa aceast\u0103 pagin\u0103. Dac\u0103 nu ave\u021bi \u00eenc\u0103 un cont, v\u0103 invit\u0103m s\u0103 v\u0103 al\u0103tura\u021bi comunit\u0103\u021bii noastre!<\/p>\n\n<div class=\"um um-login um-5122\">\n\t<div class=\"um-form\">\n\t\t<form method=\"post\" action=\"\" autocomplete=\"off\" data-trp-original-action=\"\">\n\t\t\t<div class=\"um-row _um_row_1\" style=\"margin: 0 0 30px 0;\"><div class=\"um-col-1\"><div  id=\"um_field_5122_user_login\" class=\"um-field um-field-text  um-field-user_login um-field-text um-field-type_text\" data-key=\"user_login\"><div class=\"um-field-label\"><label for=\"user_login-5122\">Username<\/label><div class=\"um-clear\"><\/div><\/div><div class=\"um-field-area\"><input  autocomplete=\"off\" class=\"um-form-field valid\" type=\"text\" name=\"user_login-5122\" id=\"user_login-5122\" value=\"\" placeholder=\"\" data-validate=\"unique_username\" data-key=\"user_login\"  aria-invalid=\"false\" \/>\n\n\t\t\t\t\t\t<\/div><\/div><div  id=\"um_field_5122_user_password\" class=\"um-field um-field-password  um-field-user_password um-field-password um-field-type_password\" data-key=\"user_password\"><div class=\"um-field-label\"><label for=\"user_password-5122\">Parol\u0103<\/label><div class=\"um-clear\"><\/div><\/div><div class=\"um-field-area\"><input class=\"um-form-field valid\" type=\"password\" name=\"user_password-5122\" id=\"user_password-5122\" value=\"\" placeholder=\"\" data-validate=\"\" data-key=\"user_password\"  aria-invalid=\"false\" \/>\n\n\t\t\t\t\t\t\t<\/div><\/div><\/div><\/div>\t\t<input type=\"hidden\" name=\"form_id\" id=\"form_id_5122\" value=\"5122\" \/>\n\t\n\t<p class=\"um_request_name\">\n\t\t<label for=\"um_request_5122\">Only fill in if you are not human<\/label>\n\t\t<input type=\"hidden\" name=\"um_request\" id=\"um_request_5122\" class=\"input\" value=\"\" size=\"25\" autocomplete=\"off\" \/>\n\t<\/p>\n\n\t<input type=\"hidden\" name=\"redirect_to\" id=\"redirect_to\" value=\"https:\/\/piafer.ro\/documente-pe-informatii-utile\/\" \/><input type=\"hidden\" id=\"_wpnonce\" name=\"_wpnonce\" value=\"3a7b4cd3c8\" \/><input type=\"hidden\" name=\"_wp_http_referer\" value=\"\/en\/wp-json\/wp\/v2\/pages\/5125\" \/>\n\t<div class=\"um-col-alt\">\n\n\t\t\n\t\t\t<div class=\"um-center\">\n\t\t\t\t<input type=\"submit\" value=\"Login\" class=\"um-button\" id=\"um-submit-btn\" \/>\n\t\t\t<\/div>\n\n\t\t\n\t\t<div class=\"um-clear\"><\/div>\n\n\t<\/div>\n\n\t\n\t<div class=\"um-col-alt-b\">\n\t\t<a href=\"https:\/\/piafer.ro\/en\/password-reset\/\" class=\"um-link-alt\">\n\t\t\tForgot your password?\t\t<\/a>\n\t<\/div>\n\n\t\t\t<input type=\"hidden\" name=\"trp-form-language\" value=\"en\"\/><\/form>\n\t<\/div>\n<\/div>\n<style>\n\t\t\t.um-5122.um {\n\t\t\tmax-width: 450px;\n\t\t}\n\t\t\t\t.um-5122.um {\n\t\t\tmargin-left: 0px !important;\n\t\t}\n\t<\/style>","protected":false},"excerpt":{"rendered":"<p>Ne pare r\u0103u, aceast\u0103 sec\u021biune a site-ului nostru este rezervat\u0103 exclusiv pentru membrii \u00eenregistra\u021bi. Dac\u0103 de\u021bine\u021bi deja un cont, v\u0103 rug\u0103m s\u0103 v\u0103 autentifica\u021bi pentru a accesa aceast\u0103 pagin\u0103. Dac\u0103 nu ave\u021bi \u00eenc\u0103 un cont, v\u0103 invit\u0103m s\u0103 v\u0103 al\u0103tura\u021bi comunit\u0103\u021bii noastre!<\/p>","protected":false},"author":1,"featured_media":0,"parent":0,"menu_order":0,"comment_status":"closed","ping_status":"closed","template":"","meta":[],"yoast_head":"<!-- This site is optimized with the Yoast SEO plugin v19.2 - https:\/\/yoast.com\/wordpress\/plugins\/seo\/ -->\n<title>Login - Piafer<\/title>\n<meta name=\"robots\" content=\"index, follow, max-snippet:-1, max-image-preview:large, max-video-preview:-1\" \/>\n<link rel=\"canonical\" href=\"https:\/\/piafer.ro\/en\/login\/\" \/>\n<meta property=\"og:locale\" content=\"en_US\" \/>\n<meta property=\"og:type\" content=\"article\" \/>\n<meta property=\"og:title\" content=\"Login - Piafer\" \/>\n<meta property=\"og:description\" content=\"Ne pare r\u0103u, aceast\u0103 sec\u021biune a site-ului nostru este rezervat\u0103 exclusiv pentru membrii \u00eenregistra\u021bi. Dac\u0103 de\u021bine\u021bi deja un cont, v\u0103 rug\u0103m s\u0103 v\u0103 autentifica\u021bi pentru a accesa aceast\u0103 pagin\u0103. Dac\u0103 nu ave\u021bi \u00eenc\u0103 un cont, v\u0103 invit\u0103m s\u0103 v\u0103 al\u0103tura\u021bi comunit\u0103\u021bii noastre!\" \/>\n<meta property=\"og:url\" content=\"https:\/\/piafer.ro\/en\/login\/\" \/>\n<meta property=\"og:site_name\" content=\"Piafer\" \/>\n<meta property=\"article:modified_time\" content=\"2024-03-28T22:30:15+00:00\" \/>\n<meta name=\"author\" content=\"arhiv\" \/>\n<meta name=\"twitter:card\" content=\"summary_large_image\" \/>\n<meta name=\"twitter:label1\" content=\"Est. reading time\" \/>\n\t<meta name=\"twitter:data1\" content=\"1 minute\" \/>\n<script type=\"application\/ld+json\" class=\"yoast-schema-graph\">{\"@context\":\"https:\/\/schema.org\",\"@graph\":[{\"@type\":\"WebSite\",\"@id\":\"https:\/\/piafer.ro\/#website\",\"url\":\"https:\/\/piafer.ro\/\",\"name\":\"Piafer\",\"description\":\"Patronatul \u00centreprinderilor de Arhivare Fizic\u0103 \u0219i Electronic\u0103 din Rom\u00e2nia\",\"potentialAction\":[{\"@type\":\"SearchAction\",\"target\":{\"@type\":\"EntryPoint\",\"urlTemplate\":\"https:\/\/piafer.ro\/?s={search_term_string}\"},\"query-input\":\"required name=search_term_string\"}],\"inLanguage\":\"en-US\"},{\"@type\":\"WebPage\",\"@id\":\"https:\/\/piafer.ro\/login\/#webpage\",\"url\":\"https:\/\/piafer.ro\/login\/\",\"name\":\"Login - Piafer\",\"isPartOf\":{\"@id\":\"https:\/\/piafer.ro\/#website\"},\"datePublished\":\"2024-03-27T11:44:40+00:00\",\"dateModified\":\"2024-03-28T22:30:15+00:00\",\"breadcrumb\":{\"@id\":\"https:\/\/piafer.ro\/login\/#breadcrumb\"},\"inLanguage\":\"en-US\",\"potentialAction\":[{\"@type\":\"ReadAction\",\"target\":[\"https:\/\/piafer.ro\/login\/\"]}]},{\"@type\":\"BreadcrumbList\",\"@id\":\"https:\/\/piafer.ro\/login\/#breadcrumb\",\"itemListElement\":[{\"@type\":\"ListItem\",\"position\":1,\"name\":\"Prima pagin\u0103\",\"item\":\"https:\/\/piafer.ro\/\"},{\"@type\":\"ListItem\",\"position\":2,\"name\":\"Login\"}]}]}<\/script>\n<!-- \/ Yoast SEO plugin. -->","yoast_head_json":{"title":"Login - Piafer","robots":{"index":"index","follow":"follow","max-snippet":"max-snippet:-1","max-image-preview":"max-image-preview:large","max-video-preview":"max-video-preview:-1"},"canonical":"https:\/\/piafer.ro\/en\/login\/","og_locale":"en_US","og_type":"article","og_title":"Login - Piafer","og_description":"Ne pare r\u0103u, aceast\u0103 sec\u021biune a site-ului nostru este rezervat\u0103 exclusiv pentru membrii \u00eenregistra\u021bi. Dac\u0103 de\u021bine\u021bi deja un cont, v\u0103 rug\u0103m s\u0103 v\u0103 autentifica\u021bi pentru a accesa aceast\u0103 pagin\u0103. Dac\u0103 nu ave\u021bi \u00eenc\u0103 un cont, v\u0103 invit\u0103m s\u0103 v\u0103 al\u0103tura\u021bi comunit\u0103\u021bii noastre!","og_url":"https:\/\/piafer.ro\/en\/login\/","og_site_name":"Piafer","article_modified_time":"2024-03-28T22:30:15+00:00","author":"arhiv","twitter_card":"summary_large_image","twitter_misc":{"Est. reading time":"1 minute"},"schema":{"@context":"https:\/\/schema.org","@graph":[{"@type":"WebSite","@id":"https:\/\/piafer.ro\/#website","url":"https:\/\/piafer.ro\/","name":"Piafer","description":"Patronatul \u00centreprinderilor de Arhivare Fizic\u0103 \u0219i Electronic\u0103 din Rom\u00e2nia","potentialAction":[{"@type":"SearchAction","target":{"@type":"EntryPoint","urlTemplate":"https:\/\/piafer.ro\/?s={search_term_string}"},"query-input":"required name=search_term_string"}],"inLanguage":"en-US"},{"@type":"WebPage","@id":"https:\/\/piafer.ro\/login\/#webpage","url":"https:\/\/piafer.ro\/login\/","name":"Login - Piafer","isPartOf":{"@id":"https:\/\/piafer.ro\/#website"},"datePublished":"2024-03-27T11:44:40+00:00","dateModified":"2024-03-28T22:30:15+00:00","breadcrumb":{"@id":"https:\/\/piafer.ro\/login\/#breadcrumb"},"inLanguage":"en-US","potentialAction":[{"@type":"ReadAction","target":["https:\/\/piafer.ro\/login\/"]}]},{"@type":"BreadcrumbList","@id":"https:\/\/piafer.ro\/login\/#breadcrumb","itemListElement":[{"@type":"ListItem","position":1,"name":"Prima pagin\u0103","item":"https:\/\/piafer.ro\/"},{"@type":"ListItem","position":2,"name":"Login"}]}]}},"_links":{"self":[{"href":"https:\/\/piafer.ro\/en\/wp-json\/wp\/v2\/pages\/5125"}],"collection":[{"href":"https:\/\/piafer.ro\/en\/wp-json\/wp\/v2\/pages"}],"about":[{"href":"https:\/\/piafer.ro\/en\/wp-json\/wp\/v2\/types\/page"}],"author":[{"embeddable":true,"href":"https:\/\/piafer.ro\/en\/wp-json\/wp\/v2\/users\/1"}],"replies":[{"embeddable":true,"href":"https:\/\/piafer.ro\/en\/wp-json\/wp\/v2\/comments?post=5125"}],"version-history":[{"count":1,"href":"https:\/\/piafer.ro\/en\/wp-json\/wp\/v2\/pages\/5125\/revisions"}],"predecessor-version":[{"id":5222,"href":"https:\/\/piafer.ro\/en\/wp-json\/wp\/v2\/pages\/5125\/revisions\/5222"}],"wp:attachment":[{"href":"https:\/\/piafer.ro\/en\/wp-json\/wp\/v2\/media?parent=5125"}],"curies":[{"name":"wp","href":"https:\/\/api.w.org\/{rel}","templated":true}]}}