{"id":5140,"date":"2024-03-27T14:04:24","date_gmt":"2024-03-27T14:04:24","guid":{"rendered":"https:\/\/piafer.ro\/?page_id=5140"},"modified":"2024-07-17T09:11:18","modified_gmt":"2024-07-17T09:11:18","slug":"documente-pe-informatii-utile","status":"publish","type":"page","link":"https:\/\/piafer.ro\/en\/documente-pe-informatii-utile\/","title":{"rendered":"Documente \u0219i informa\u021bii utile"},"content":{"rendered":"<div class=\"wpb-content-wrapper\"><div class=\"vc_row wpb_row vc_row-fluid\"><div class=\"wpb_column vc_column_container vc_col-sm-12\"><div class=\"vc_column-inner\"><div class=\"wpb_wrapper\"><div class=\"vc_empty_space\"   style=\"height: 32px\"><span class=\"vc_empty_space_inner\"><\/span><\/div><\/div><\/div><\/div><\/div><div class=\"vc_row wpb_row vc_row-fluid\"><div class=\"wpb_column vc_column_container vc_col-sm-6\"><div class=\"vc_column-inner\"><div class=\"wpb_wrapper\"><h2 style=\"text-align: left\" class=\"vc_custom_heading vc_do_custom_heading\" >Documente \u0219i informa\u021bii utile<\/h2>\n\t<div class=\"wpb_text_column wpb_content_element\" >\n\t\t<div class=\"wpb_wrapper\">\n\t\t\t<p>Bine a\u021bi venit pe pagina noastr\u0103 de documente \u0219i informa\u021bii utile!<\/p>\n<p>Aici ve\u021bi g\u0103si o colec\u021bie valoroas\u0103 de materiale \u00eenc\u0103rcate direct de c\u0103tre Consiliul Director al Patronatului Intreprinderilor de Arhivare Fizic\u0103 \u0219i Electronic\u0103 din Rom\u00e2nia. Suntem dedica\u021bi s\u0103 v\u0103 oferim acces ne\u00eengr\u0103dit la deciziile \u0219i procesele verbale esen\u021biale, rezultate din sedin\u021bele noastre lunare. Scopul nostru este s\u0103 promov\u0103m transparen\u021ba \u0219i s\u0103 furniz\u0103m suport informativ complet pentru to\u021bi membrii comunit\u0103\u021bii noastre, precum \u0219i pentru cei interesa\u021bi de domeniul arhiv\u0103rii.<\/p>\n<p>Prin navigarea pe aceast\u0103 pagin\u0103, ve\u021bi avea la dispozi\u021bie toate resursele de care ave\u021bi nevoie pentru a r\u0103m\u00e2ne la curent cu ultimele nout\u0103\u021bi \u0219i decizii importante din sector. V\u0103 invit\u0103m s\u0103 explora\u021bi \u0219i s\u0103 utiliza\u021bi aceste documente pentru a v\u0103 \u00eembog\u0103\u021bi cuno\u0219tin\u021bele \u0219i a v\u0103 asigura c\u0103 sunte\u021bi informa\u021bi despre cele mai recente dezvolt\u0103ri din industrie.<\/p>\n\n\t\t<\/div>\n\t<\/div>\n<\/div><\/div><\/div><div class=\"wpb_column vc_column_container vc_col-sm-6\"><div class=\"vc_column-inner\"><div class=\"wpb_wrapper\">\n\t<div  class=\"wpb_single_image wpb_content_element vc_align_left wpb_content_element\">\n\t\t\n\t\t<figure class=\"wpb_wrapper vc_figure\">\n\t\t\t<div class=\"vc_single_image-wrapper   vc_box_border_grey\"><img width=\"1600\" height=\"1200\" src=\"https:\/\/piafer.ro\/wp-content\/uploads\/2024\/04\/imagine-Informatii-si-documente-utile.jpg\" class=\"vc_single_image-img attachment-full\" alt=\"\" decoding=\"async\" title=\"imagine Informatii si documente utile\" srcset=\"https:\/\/piafer.ro\/wp-content\/uploads\/2024\/04\/imagine-Informatii-si-documente-utile.jpg 1600w, https:\/\/piafer.ro\/wp-content\/uploads\/2024\/04\/imagine-Informatii-si-documente-utile-300x225.jpg 300w, https:\/\/piafer.ro\/wp-content\/uploads\/2024\/04\/imagine-Informatii-si-documente-utile-1024x768.jpg 1024w, https:\/\/piafer.ro\/wp-content\/uploads\/2024\/04\/imagine-Informatii-si-documente-utile-768x576.jpg 768w, https:\/\/piafer.ro\/wp-content\/uploads\/2024\/04\/imagine-Informatii-si-documente-utile-1536x1152.jpg 1536w\" sizes=\"(max-width: 1600px) 100vw, 1600px\" \/><\/div>\n\t\t<\/figure>\n\t<\/div>\n<\/div><\/div><\/div><\/div><div class=\"vc_row wpb_row vc_row-fluid docsbox vc_custom_1712232892204 vc_row-has-fill\"><div class=\"wpb_column vc_column_container vc_col-sm-8\"><div class=\"vc_column-inner\"><div class=\"wpb_wrapper\"><h4 style=\"text-align: left\" class=\"vc_custom_heading vc_do_custom_heading\" >Proces verbal al sedintei lunare a consiliului director al Patronatului Intreprinderilor de arhivare fizica si electronica din Romania - 19.06.2024, Bucuresti<\/h4><\/div><\/div><\/div><div class=\"right wpb_column vc_column_container vc_col-sm-4\"><div class=\"vc_column-inner\"><div class=\"wpb_wrapper\"><div class=\"vc_btn3-container vc_btn3-inline vc_do_btn\" ><a class=\"vc_general vc_btn3 vc_btn3-size-sm vc_btn3-shape-rounded vc_btn3-style-classic vc_btn3-icon-right vc_btn3-color-danger\" href=\"https:\/\/piafer.ro\/en\/proces-verbal-19-06-2024\/\" title=\"\">Vizualizare <i class=\"vc_btn3-icon fas fa-eye\"><\/i><\/a><\/div><\/div><\/div><\/div><\/div><div class=\"vc_row wpb_row vc_row-fluid docsbox vc_custom_1711611812533 vc_row-has-fill\"><div class=\"wpb_column vc_column_container vc_col-sm-8\"><div class=\"vc_column-inner\"><div class=\"wpb_wrapper\"><h4 style=\"text-align: left\" class=\"vc_custom_heading vc_do_custom_heading\" >Hotarari adoptate in cadrul sedin\u021bei Adunarii Generale Extraordinare a Patronatului Intreprinderilor de Arhivare Fizica si Electronica din Romania - 01 iunie 2024<\/h4><\/div><\/div><\/div><div class=\"right wpb_column vc_column_container vc_col-sm-4\"><div class=\"vc_column-inner\"><div class=\"wpb_wrapper\"><div class=\"vc_btn3-container vc_btn3-inline vc_do_btn\" ><a class=\"vc_general vc_btn3 vc_btn3-size-sm vc_btn3-shape-rounded vc_btn3-style-classic vc_btn3-icon-right vc_btn3-color-danger\" href=\"https:\/\/piafer.ro\/en\/hotarari-adoptate-01-06-2024\/\" title=\"\">Vizualizare <i class=\"vc_btn3-icon fas fa-eye\"><\/i><\/a><\/div><\/div><\/div><\/div><\/div><div class=\"vc_row wpb_row vc_row-fluid docsbox vc_custom_1712232892204 vc_row-has-fill\"><div class=\"wpb_column vc_column_container vc_col-sm-8\"><div class=\"vc_column-inner\"><div class=\"wpb_wrapper\"><h4 style=\"text-align: left\" class=\"vc_custom_heading vc_do_custom_heading\" >Proces verbal al adun\u0103rii generale extraordinare a Patronatului Intreprinderilor de arhivare fizica si electronica din Romania - 01.06.2024<\/h4><\/div><\/div><\/div><div class=\"right wpb_column vc_column_container vc_col-sm-4\"><div class=\"vc_column-inner\"><div class=\"wpb_wrapper\"><div class=\"vc_btn3-container vc_btn3-inline vc_do_btn\" ><a class=\"vc_general vc_btn3 vc_btn3-size-sm vc_btn3-shape-rounded vc_btn3-style-classic vc_btn3-icon-right vc_btn3-color-danger\" href=\"https:\/\/piafer.ro\/en\/proces-verbal-01-06-2024\/\" title=\"\">Vizualizare <i class=\"vc_btn3-icon fas fa-eye\"><\/i><\/a><\/div><\/div><\/div><\/div><\/div><div class=\"vc_row wpb_row vc_row-fluid docsbox vc_custom_1711611812533 vc_row-has-fill\"><div class=\"wpb_column vc_column_container vc_col-sm-8\"><div class=\"vc_column-inner\"><div class=\"wpb_wrapper\"><h4 style=\"text-align: left\" class=\"vc_custom_heading vc_do_custom_heading\" >Decizii adoptate in cadrul sedin\u021bei lunare a Consiliului Director al Patronatului Intreprinderilor de Arhivare Fizica si Electronica din Romania - 24.04.2024<\/h4><\/div><\/div><\/div><div class=\"right wpb_column vc_column_container vc_col-sm-4\"><div class=\"vc_column-inner\"><div class=\"wpb_wrapper\"><div class=\"vc_btn3-container vc_btn3-inline vc_do_btn\" ><a class=\"vc_general vc_btn3 vc_btn3-size-sm vc_btn3-shape-rounded vc_btn3-style-classic vc_btn3-icon-right vc_btn3-color-danger\" href=\"https:\/\/piafer.ro\/en\/decizii-adoptate-24-04-2024\/\" title=\"\">Vizualizare <i class=\"vc_btn3-icon fas fa-eye\"><\/i><\/a><\/div><\/div><\/div><\/div><\/div><div class=\"vc_row wpb_row vc_row-fluid docsbox vc_custom_1712232892204 vc_row-has-fill\"><div class=\"wpb_column vc_column_container vc_col-sm-8\"><div class=\"vc_column-inner\"><div class=\"wpb_wrapper\"><h4 style=\"text-align: left\" class=\"vc_custom_heading vc_do_custom_heading\" >Proces-verbal al sedintei lunare a Consiliului Director al Patronatului Intreprinderilor de Arhivare fizica si electronica din Romania - miercuri, 24.04.2024<\/h4><\/div><\/div><\/div><div class=\"right wpb_column vc_column_container vc_col-sm-4\"><div class=\"vc_column-inner\"><div class=\"wpb_wrapper\"><div class=\"vc_btn3-container vc_btn3-inline vc_do_btn\" ><a class=\"vc_general vc_btn3 vc_btn3-size-sm vc_btn3-shape-rounded vc_btn3-style-classic vc_btn3-icon-right vc_btn3-color-danger\" href=\"https:\/\/piafer.ro\/en\/proces-verbal-24-04-2024\/\" title=\"\">Vizualizare <i class=\"vc_btn3-icon fas fa-eye\"><\/i><\/a><\/div><\/div><\/div><\/div><\/div><div class=\"vc_row wpb_row vc_row-fluid docsbox vc_custom_1711611812533 vc_row-has-fill\"><div class=\"wpb_column vc_column_container vc_col-sm-8\"><div class=\"vc_column-inner\"><div class=\"wpb_wrapper\"><h4 style=\"text-align: left\" class=\"vc_custom_heading vc_do_custom_heading\" >Decizii adoptate in cadrul sedin\u021bei lunare a Consiliului Director al Patronatului Intreprinderilor de Arhivare Fizica si Electronica din Romania - 27.03.2024<\/h4><\/div><\/div><\/div><div class=\"right wpb_column vc_column_container vc_col-sm-4\"><div class=\"vc_column-inner\"><div class=\"wpb_wrapper\"><div class=\"vc_btn3-container vc_btn3-inline vc_do_btn\" ><a class=\"vc_general vc_btn3 vc_btn3-size-sm vc_btn3-shape-rounded vc_btn3-style-classic vc_btn3-icon-right vc_btn3-color-danger\" href=\"https:\/\/piafer.ro\/en\/decizii-adoptate-27-03-2024\/\" title=\"\">Vizualizare <i class=\"vc_btn3-icon fas fa-eye\"><\/i><\/a><\/div><\/div><\/div><\/div><\/div><div class=\"vc_row wpb_row vc_row-fluid docsbox vc_custom_1712232892204 vc_row-has-fill\"><div class=\"wpb_column vc_column_container vc_col-sm-8\"><div class=\"vc_column-inner\"><div class=\"wpb_wrapper\"><h4 style=\"text-align: left\" class=\"vc_custom_heading vc_do_custom_heading\" >Proces-verbal al sedintei lunare a Consiliului Director al Patronatului Intreprinderilor de Arhivare fizica si electronica din Romania - miercuri, 27.03.2024<\/h4><\/div><\/div><\/div><div class=\"right wpb_column vc_column_container vc_col-sm-4\"><div class=\"vc_column-inner\"><div class=\"wpb_wrapper\"><div class=\"vc_btn3-container vc_btn3-inline vc_do_btn\" ><a class=\"vc_general vc_btn3 vc_btn3-size-sm vc_btn3-shape-rounded vc_btn3-style-classic vc_btn3-icon-right vc_btn3-color-danger\" href=\"https:\/\/piafer.ro\/en\/proces-verbal-27-03-2024\/\" title=\"\">Vizualizare <i class=\"vc_btn3-icon fas fa-eye\"><\/i><\/a><\/div><\/div><\/div><\/div><\/div><div class=\"vc_row wpb_row vc_row-fluid docsbox vc_custom_1711611812533 vc_row-has-fill\"><div class=\"wpb_column vc_column_container vc_col-sm-8\"><div class=\"vc_column-inner\"><div class=\"wpb_wrapper\"><h4 style=\"text-align: left\" class=\"vc_custom_heading vc_do_custom_heading\" >Decizii adoptate in cadrul sedin\u021bei lunare a Consiliului Director al Patronatului Intreprinderilor de Arhivare Fizica si Electronica din Romania - 28.02.2024<\/h4><\/div><\/div><\/div><div class=\"right wpb_column vc_column_container vc_col-sm-4\"><div class=\"vc_column-inner\"><div class=\"wpb_wrapper\"><div class=\"vc_btn3-container vc_btn3-inline vc_do_btn\" ><a class=\"vc_general vc_btn3 vc_btn3-size-sm vc_btn3-shape-rounded vc_btn3-style-classic vc_btn3-icon-right vc_btn3-color-danger\" href=\"https:\/\/piafer.ro\/en\/decizii-adoptate-28-02-2024\/\" title=\"\">Vizualizare <i class=\"vc_btn3-icon fas fa-eye\"><\/i><\/a><\/div><\/div><\/div><\/div><\/div><div class=\"vc_row wpb_row vc_row-fluid docsbox vc_custom_1712232892204 vc_row-has-fill\"><div class=\"wpb_column vc_column_container vc_col-sm-8\"><div class=\"vc_column-inner\"><div class=\"wpb_wrapper\"><h4 style=\"text-align: left\" class=\"vc_custom_heading vc_do_custom_heading\" >Proces-verbal al sedintei lunare a Consiliului Director al Patronatului Intreprinderilor de Arhivare fizica si electronica din Romania - miercuri, 28.02.2024<\/h4><\/div><\/div><\/div><div class=\"right wpb_column vc_column_container vc_col-sm-4\"><div class=\"vc_column-inner\"><div class=\"wpb_wrapper\"><div class=\"vc_btn3-container vc_btn3-inline vc_do_btn\" ><a class=\"vc_general vc_btn3 vc_btn3-size-sm vc_btn3-shape-rounded vc_btn3-style-classic vc_btn3-icon-right vc_btn3-color-danger\" href=\"https:\/\/piafer.ro\/en\/proces-verbal-28-02-2024\/\" title=\"\">Vizualizare <i class=\"vc_btn3-icon fas fa-eye\"><\/i><\/a><\/div><\/div><\/div><\/div><\/div><div class=\"vc_row wpb_row vc_row-fluid docsbox vc_custom_1712232868583 vc_row-has-fill\"><div class=\"wpb_column vc_column_container vc_col-sm-8\"><div class=\"vc_column-inner\"><div class=\"wpb_wrapper\"><h4 style=\"text-align: left\" class=\"vc_custom_heading vc_do_custom_heading\" >Decizii adoptate in cadrul sedin\u021bei lunare a Consiliului Director al Patronatului Intreprinderilor de Arhivare Fizica si Electronica din Romania - 31.01.2024 Bucuresti<\/h4><\/div><\/div><\/div><div class=\"right wpb_column vc_column_container vc_col-sm-4\"><div class=\"vc_column-inner\"><div class=\"wpb_wrapper\"><div class=\"vc_btn3-container vc_btn3-inline vc_do_btn\" ><a class=\"vc_general vc_btn3 vc_btn3-size-sm vc_btn3-shape-rounded vc_btn3-style-classic vc_btn3-icon-right vc_btn3-color-danger\" href=\"https:\/\/piafer.ro\/en\/decizii-adoptate-31-01-2024\/\" title=\"\">Vizualizare <i class=\"vc_btn3-icon fas fa-eye\"><\/i><\/a><\/div><\/div><\/div><\/div><\/div><div class=\"vc_row wpb_row vc_row-fluid docsbox vc_custom_1711611829039 vc_row-has-fill\"><div class=\"wpb_column vc_column_container vc_col-sm-8\"><div class=\"vc_column-inner\"><div class=\"wpb_wrapper\"><h4 style=\"text-align: left\" class=\"vc_custom_heading vc_do_custom_heading\" >Proces-verbal al sedintei lunare a Consiliului Director al Patronatului Intreprinderilor de Arhivare fizica si electronica din Romania - miercuri, 31.01.2024 Bucuresti<\/h4><\/div><\/div><\/div><div class=\"right wpb_column vc_column_container vc_col-sm-4\"><div class=\"vc_column-inner\"><div class=\"wpb_wrapper\"><div class=\"vc_btn3-container vc_btn3-inline vc_do_btn\" ><a class=\"vc_general vc_btn3 vc_btn3-size-sm vc_btn3-shape-rounded vc_btn3-style-classic vc_btn3-icon-right vc_btn3-color-danger\" href=\"https:\/\/piafer.ro\/en\/proces-verbal-31-01-2024\/\" title=\"\">Vizualizare <i class=\"vc_btn3-icon fas fa-eye\"><\/i><\/a><\/div><\/div><\/div><\/div><\/div><div class=\"vc_row wpb_row vc_row-fluid\"><div class=\"wpb_column vc_column_container vc_col-sm-12\"><div class=\"vc_column-inner\"><div class=\"wpb_wrapper\"><div class=\"vc_empty_space\"   style=\"height: 32px\"><span class=\"vc_empty_space_inner\"><\/span><\/div><\/div><\/div><\/div><\/div>\n<\/div>","protected":false},"excerpt":{"rendered":"Documente \u0219i informa\u021bii utile Bine a\u021bi venit pe pagina noastr\u0103 de documente \u0219i informa\u021bii utile! Aici ve\u021bi g\u0103si o colec\u021bie valoroas\u0103 de materiale \u00eenc\u0103rcate direct de c\u0103tre Consiliul Director al Patronatului Intreprinderilor de Arhivare Fizic\u0103 \u0219i Electronic\u0103 din Rom\u00e2nia. Suntem dedica\u021bi s\u0103 v\u0103 oferim acces ne\u00eengr\u0103dit la deciziile \u0219i procesele verbale esen\u021biale, rezultate din sedin\u021bele [...]","protected":false},"author":1,"featured_media":0,"parent":0,"menu_order":0,"comment_status":"closed","ping_status":"closed","template":"","meta":[],"yoast_head":"<!-- This site is optimized with the Yoast SEO plugin v19.2 - https:\/\/yoast.com\/wordpress\/plugins\/seo\/ -->\n<title>Documente \u0219i informa\u021bii utile - Piafer<\/title>\n<meta name=\"robots\" content=\"index, follow, max-snippet:-1, max-image-preview:large, max-video-preview:-1\" \/>\n<link rel=\"canonical\" href=\"https:\/\/piafer.ro\/en\/documente-pe-informatii-utile\/\" \/>\n<meta property=\"og:locale\" content=\"en_US\" \/>\n<meta property=\"og:type\" content=\"article\" \/>\n<meta property=\"og:title\" content=\"Documente \u0219i informa\u021bii utile - Piafer\" \/>\n<meta property=\"og:url\" content=\"https:\/\/piafer.ro\/en\/documente-pe-informatii-utile\/\" \/>\n<meta property=\"og:site_name\" content=\"Piafer\" \/>\n<meta property=\"article:modified_time\" content=\"2024-07-17T09:11:18+00:00\" \/>\n<meta name=\"author\" content=\"arhiv\" \/>\n<meta name=\"twitter:card\" content=\"summary_large_image\" \/>\n<meta name=\"twitter:label1\" content=\"Est. reading time\" \/>\n\t<meta name=\"twitter:data1\" content=\"4 minutes\" \/>\n<script type=\"application\/ld+json\" class=\"yoast-schema-graph\">{\"@context\":\"https:\/\/schema.org\",\"@graph\":[{\"@type\":\"WebSite\",\"@id\":\"https:\/\/piafer.ro\/#website\",\"url\":\"https:\/\/piafer.ro\/\",\"name\":\"Piafer\",\"description\":\"Patronatul \u00centreprinderilor de Arhivare Fizic\u0103 \u0219i Electronic\u0103 din Rom\u00e2nia\",\"potentialAction\":[{\"@type\":\"SearchAction\",\"target\":{\"@type\":\"EntryPoint\",\"urlTemplate\":\"https:\/\/piafer.ro\/?s={search_term_string}\"},\"query-input\":\"required name=search_term_string\"}],\"inLanguage\":\"en-US\"},{\"@type\":\"WebPage\",\"@id\":\"https:\/\/piafer.ro\/documente-pe-informatii-utile\/#webpage\",\"url\":\"https:\/\/piafer.ro\/documente-pe-informatii-utile\/\",\"name\":\"Documente \u0219i informa\u021bii utile - Piafer\",\"isPartOf\":{\"@id\":\"https:\/\/piafer.ro\/#website\"},\"datePublished\":\"2024-03-27T14:04:24+00:00\",\"dateModified\":\"2024-07-17T09:11:18+00:00\",\"breadcrumb\":{\"@id\":\"https:\/\/piafer.ro\/documente-pe-informatii-utile\/#breadcrumb\"},\"inLanguage\":\"en-US\",\"potentialAction\":[{\"@type\":\"ReadAction\",\"target\":[\"https:\/\/piafer.ro\/documente-pe-informatii-utile\/\"]}]},{\"@type\":\"BreadcrumbList\",\"@id\":\"https:\/\/piafer.ro\/documente-pe-informatii-utile\/#breadcrumb\",\"itemListElement\":[{\"@type\":\"ListItem\",\"position\":1,\"name\":\"Prima pagin\u0103\",\"item\":\"https:\/\/piafer.ro\/\"},{\"@type\":\"ListItem\",\"position\":2,\"name\":\"Documente \u0219i informa\u021bii utile\"}]}]}<\/script>\n<!-- \/ Yoast SEO plugin. -->","yoast_head_json":{"title":"Documente \u0219i informa\u021bii utile - Piafer","robots":{"index":"index","follow":"follow","max-snippet":"max-snippet:-1","max-image-preview":"max-image-preview:large","max-video-preview":"max-video-preview:-1"},"canonical":"https:\/\/piafer.ro\/en\/documente-pe-informatii-utile\/","og_locale":"en_US","og_type":"article","og_title":"Documente \u0219i informa\u021bii utile - Piafer","og_url":"https:\/\/piafer.ro\/en\/documente-pe-informatii-utile\/","og_site_name":"Piafer","article_modified_time":"2024-07-17T09:11:18+00:00","author":"arhiv","twitter_card":"summary_large_image","twitter_misc":{"Est. reading time":"4 minutes"},"schema":{"@context":"https:\/\/schema.org","@graph":[{"@type":"WebSite","@id":"https:\/\/piafer.ro\/#website","url":"https:\/\/piafer.ro\/","name":"Piafer","description":"Patronatul \u00centreprinderilor de Arhivare Fizic\u0103 \u0219i Electronic\u0103 din Rom\u00e2nia","potentialAction":[{"@type":"SearchAction","target":{"@type":"EntryPoint","urlTemplate":"https:\/\/piafer.ro\/?s={search_term_string}"},"query-input":"required name=search_term_string"}],"inLanguage":"en-US"},{"@type":"WebPage","@id":"https:\/\/piafer.ro\/documente-pe-informatii-utile\/#webpage","url":"https:\/\/piafer.ro\/documente-pe-informatii-utile\/","name":"Documente \u0219i informa\u021bii utile - Piafer","isPartOf":{"@id":"https:\/\/piafer.ro\/#website"},"datePublished":"2024-03-27T14:04:24+00:00","dateModified":"2024-07-17T09:11:18+00:00","breadcrumb":{"@id":"https:\/\/piafer.ro\/documente-pe-informatii-utile\/#breadcrumb"},"inLanguage":"en-US","potentialAction":[{"@type":"ReadAction","target":["https:\/\/piafer.ro\/documente-pe-informatii-utile\/"]}]},{"@type":"BreadcrumbList","@id":"https:\/\/piafer.ro\/documente-pe-informatii-utile\/#breadcrumb","itemListElement":[{"@type":"ListItem","position":1,"name":"Prima pagin\u0103","item":"https:\/\/piafer.ro\/"},{"@type":"ListItem","position":2,"name":"Documente \u0219i informa\u021bii utile"}]}]}},"_links":{"self":[{"href":"https:\/\/piafer.ro\/en\/wp-json\/wp\/v2\/pages\/5140"}],"collection":[{"href":"https:\/\/piafer.ro\/en\/wp-json\/wp\/v2\/pages"}],"about":[{"href":"https:\/\/piafer.ro\/en\/wp-json\/wp\/v2\/types\/page"}],"author":[{"embeddable":true,"href":"https:\/\/piafer.ro\/en\/wp-json\/wp\/v2\/users\/1"}],"replies":[{"embeddable":true,"href":"https:\/\/piafer.ro\/en\/wp-json\/wp\/v2\/comments?post=5140"}],"version-history":[{"count":67,"href":"https:\/\/piafer.ro\/en\/wp-json\/wp\/v2\/pages\/5140\/revisions"}],"predecessor-version":[{"id":5493,"href":"https:\/\/piafer.ro\/en\/wp-json\/wp\/v2\/pages\/5140\/revisions\/5493"}],"wp:attachment":[{"href":"https:\/\/piafer.ro\/en\/wp-json\/wp\/v2\/media?parent=5140"}],"curies":[{"name":"wp","href":"https:\/\/api.w.org\/{rel}","templated":true}]}}