{"id":6191,"date":"2025-06-15T17:50:04","date_gmt":"2025-06-15T17:50:04","guid":{"rendered":"https:\/\/piafer.ro\/?page_id=6191"},"modified":"2025-11-03T18:18:06","modified_gmt":"2025-11-03T18:18:06","slug":"media","status":"publish","type":"page","link":"https:\/\/piafer.ro\/en\/media\/","title":{"rendered":"Media"},"content":{"rendered":"<div class=\"wpb-content-wrapper\"><section class=\"vc_section\"><div class=\"vc_row wpb_row vc_row-fluid\"><div class=\"wpb_column vc_column_container vc_col-sm-12\"><div class=\"vc_column-inner\"><div class=\"wpb_wrapper\"><div class=\"vc_empty_space\"   style=\"height: 32px\"><span class=\"vc_empty_space_inner\"><\/span><\/div><\/div><\/div><\/div><\/div><div class=\"vc_row wpb_row vc_row-fluid\"><div class=\"wpb_column vc_column_container vc_col-sm-4\"><div class=\"vc_column-inner\"><div class=\"wpb_wrapper\">\n\t<div  class=\"wpb_single_image wpb_content_element vc_align_center wpb_content_element\">\n\t\t\n\t\t<figure class=\"wpb_wrapper vc_figure\">\n\t\t\t<div class=\"vc_single_image-wrapper   vc_box_border_grey\"><img width=\"1024\" height=\"768\" src=\"https:\/\/piafer.ro\/wp-content\/uploads\/2025\/11\/Florin-Cuc-PIAFER-1024x768-1.jpg\" class=\"vc_single_image-img attachment-full\" alt=\"\" decoding=\"async\" title=\"Florin-Cuc-PIAFER-1024x768\" srcset=\"https:\/\/piafer.ro\/wp-content\/uploads\/2025\/11\/Florin-Cuc-PIAFER-1024x768-1.jpg 1024w, https:\/\/piafer.ro\/wp-content\/uploads\/2025\/11\/Florin-Cuc-PIAFER-1024x768-1-300x225.jpg 300w, https:\/\/piafer.ro\/wp-content\/uploads\/2025\/11\/Florin-Cuc-PIAFER-1024x768-1-768x576.jpg 768w, https:\/\/piafer.ro\/wp-content\/uploads\/2025\/11\/Florin-Cuc-PIAFER-1024x768-1-16x12.jpg 16w\" sizes=\"(max-width: 1024px) 100vw, 1024px\" \/><\/div>\n\t\t<\/figure>\n\t<\/div>\n<h2 style=\"font-size: 18px;text-align: center\" class=\"vc_custom_heading vc_do_custom_heading\" >FLORIN CUC, RECONFIRMAT \u00ceN FRUNTEA ARHIVATORILOR ROM\u00c2NIEI! UNITATE, CONTINUITATE \u0218I VIZIUNE LA DUBOVA!<\/h2>\n\t<div class=\"wpb_text_column wpb_content_element\" >\n\t\t<div class=\"wpb_wrapper\">\n\t\t\t<p>Pe malul spectaculos al Dun\u0103rii, la Dubova, jude\u021bul Mehedin\u021bi, comunitatea arhivatorilor din Rom\u00e2nia s-a reunit pe 18 octombrie 2025, \u00een cadrul&nbsp;<strong>Adun\u0103rii Generale Ordinare PIAFER<\/strong> \u2013 un eveniment devenit reper pentru profesioni\u0219tii din domeniul arhiv\u0103rii \u0219i managementului documentelor. Atmosfera a fost una de solidaritate, viziune \u0219i recuno\u0219tin\u021b\u0103. \u00cen aplauzele participan\u021bilor,&nbsp;<strong>Florin Cuc<\/strong>&nbsp;a fost&nbsp;<strong>reconfirmat \u00een func\u021bia de pre\u0219edinte al Arhivatorilor Rom\u00e2nia<\/strong>. <a href=\"https:\/\/www.refleqtmedia.ro\/florin-cuc-reconfirmat-in-fruntea-arhivatorilor-romaniei-%F0%9F%8C%BF-unitate-continuitate-si-viziune-la-dubova\/\">Cite\u0219te mai mult<\/a><\/p>\n\n\t\t<\/div>\n\t<\/div>\n<\/div><\/div><\/div><div class=\"wpb_column vc_column_container vc_col-sm-4\"><div class=\"vc_column-inner\"><div class=\"wpb_wrapper\">\n\t<div  class=\"wpb_single_image wpb_content_element vc_align_center wpb_content_element\">\n\t\t\n\t\t<figure class=\"wpb_wrapper vc_figure\">\n\t\t\t<div class=\"vc_single_image-wrapper   vc_box_border_grey\"><img width=\"1024\" height=\"768\" src=\"https:\/\/piafer.ro\/wp-content\/uploads\/2025\/06\/Florin-Cuc-\u2013-O-voce-puternica-pentru-arhivarea-moderna-in-cadrul-maratonului-economic-Intelligent-Money-Marathon-2025.1.jpg\" class=\"vc_single_image-img attachment-full\" alt=\"\" decoding=\"async\" title=\"Florin Cuc \u2013 O voce puternic\u0103 pentru arhivarea modern\u0103 \u00een cadrul maratonului economic Intelligent Money Marathon 2025.1\" srcset=\"https:\/\/piafer.ro\/wp-content\/uploads\/2025\/06\/Florin-Cuc-\u2013-O-voce-puternica-pentru-arhivarea-moderna-in-cadrul-maratonului-economic-Intelligent-Money-Marathon-2025.1.jpg 1024w, https:\/\/piafer.ro\/wp-content\/uploads\/2025\/06\/Florin-Cuc-\u2013-O-voce-puternica-pentru-arhivarea-moderna-in-cadrul-maratonului-economic-Intelligent-Money-Marathon-2025.1-300x225.jpg 300w, https:\/\/piafer.ro\/wp-content\/uploads\/2025\/06\/Florin-Cuc-\u2013-O-voce-puternica-pentru-arhivarea-moderna-in-cadrul-maratonului-economic-Intelligent-Money-Marathon-2025.1-768x576.jpg 768w, https:\/\/piafer.ro\/wp-content\/uploads\/2025\/06\/Florin-Cuc-\u2013-O-voce-puternica-pentru-arhivarea-moderna-in-cadrul-maratonului-economic-Intelligent-Money-Marathon-2025.1-16x12.jpg 16w\" sizes=\"(max-width: 1024px) 100vw, 1024px\" \/><\/div>\n\t\t<\/figure>\n\t<\/div>\n<h2 style=\"font-size: 18px;text-align: center\" class=\"vc_custom_heading vc_do_custom_heading\" >Florin Cuc \u2013 O voce puternic\u0103 pentru arhivarea modern\u0103 \u00een cadrul maratonului economic Intelligent Money Marathon 2025<\/h2>\n\t<div class=\"wpb_text_column wpb_content_element\" >\n\t\t<div class=\"wpb_wrapper\">\n\t\t\t<p>Pe 10 iunie 2025, domnul\u00a0<strong>Florin Cuc<\/strong>, Pre\u0219edintele\u00a0<em>Patronatului \u00centreprinderilor de Arhivare Fizic\u0103 \u0219i Electronic\u0103 din Rom\u00e2nia<\/em>\u00a0(P.I.A.F.E.R), a fost prezent, al\u0103turi de doamna\u00a0<strong>Adina Iliescu<\/strong>, Secretar General al P.I.A.F.E.R., la unul dintre cele mai importante evenimente economice ale anului:\u00a0<strong>Intelligent Money Marathon 2025<\/strong>, organizat de Antena 3 CNN \u00een parteneriat cu IMM Rom\u00e2nia, la Romexpo. <a href=\"https:\/\/www.refleqtmedia.ro\/florin-cuc-o-voce-puternica-pentru-arhivarea-moderna-in-cadrul-maratonului-economic-intelligent-money-marathon-2025\/\">Cite\u0219te mai mult<\/a><\/p>\n\n\t\t<\/div>\n\t<\/div>\n<\/div><\/div><\/div><div class=\"wpb_column vc_column_container vc_col-sm-4\"><div class=\"vc_column-inner\"><div class=\"wpb_wrapper\">\n\t<div  class=\"wpb_single_image wpb_content_element vc_align_left wpb_content_element\">\n\t\t\n\t\t<figure class=\"wpb_wrapper vc_figure\">\n\t\t\t<div class=\"vc_single_image-wrapper   vc_box_border_grey\"><img width=\"1024\" height=\"768\" src=\"https:\/\/piafer.ro\/wp-content\/uploads\/2025\/06\/Florin-Cuc-prezent-la-Consiliul-National-al-IMM-urilor.jpg\" class=\"vc_single_image-img attachment-full\" alt=\"\" decoding=\"async\" title=\"Florin Cuc, prezent la Consiliul National al IMM-urilor\" srcset=\"https:\/\/piafer.ro\/wp-content\/uploads\/2025\/06\/Florin-Cuc-prezent-la-Consiliul-National-al-IMM-urilor.jpg 1024w, https:\/\/piafer.ro\/wp-content\/uploads\/2025\/06\/Florin-Cuc-prezent-la-Consiliul-National-al-IMM-urilor-300x225.jpg 300w, https:\/\/piafer.ro\/wp-content\/uploads\/2025\/06\/Florin-Cuc-prezent-la-Consiliul-National-al-IMM-urilor-768x576.jpg 768w, https:\/\/piafer.ro\/wp-content\/uploads\/2025\/06\/Florin-Cuc-prezent-la-Consiliul-National-al-IMM-urilor-16x12.jpg 16w\" sizes=\"(max-width: 1024px) 100vw, 1024px\" \/><\/div>\n\t\t<\/figure>\n\t<\/div>\n<h2 style=\"font-size: 18px;text-align: center\" class=\"vc_custom_heading vc_do_custom_heading\" >Florin Cuc, prezent la Consiliul National al IMM-urilor<\/h2>\n\t<div class=\"wpb_text_column wpb_content_element\" >\n\t\t<div class=\"wpb_wrapper\">\n\t\t\t<p>Domnul Florin Cuc, Pre\u0219edintele Patronatului \u00centreprinderilor de Arhivare Fizic\u0103 \u0219i Electronic\u0103 din Rom\u00e2nia (P.I.A.F.E.R), al\u0103turi de doamna Adina Iliescu, Secretar General P.I.A.F.E.R, au participat \u00een data de 2 aprilie 2025 la evenimentul organizat de Consiliul Na\u021bional al IMM-urilor din Rom\u00e2nia, cu prilejul lans\u0103rii celei de-a doua edi\u021bii a Indexului Antreprenoriatului Rom\u00e2nesc 2025. <a href=\"https:\/\/www.refleqtmedia.ro\/florin-cuc-prezent-la-consiliul-national-al-imm-urilor\/\">Cite\u0219te mai mult<\/a><\/p>\n\n\t\t<\/div>\n\t<\/div>\n<\/div><\/div><\/div><\/div><div class=\"vc_row wpb_row vc_row-fluid\"><div class=\"wpb_column vc_column_container vc_col-sm-4\"><div class=\"vc_column-inner\"><div class=\"wpb_wrapper\">\n\t<div  class=\"wpb_single_image wpb_content_element vc_align_center wpb_content_element\">\n\t\t\n\t\t<figure class=\"wpb_wrapper vc_figure\">\n\t\t\t<div class=\"vc_single_image-wrapper   vc_box_border_grey\"><img width=\"1024\" height=\"768\" src=\"https:\/\/piafer.ro\/wp-content\/uploads\/2025\/06\/Florin-Cuc-si-echipa-PIAFER-\u2013-arhitectii-unei-conferinte-de-referinta-in-arhivarea-si-digitalizarea-patrimoniului-national.1.jpg\" class=\"vc_single_image-img attachment-full\" alt=\"\" decoding=\"async\" title=\"Florin Cuc \u0219i echipa PIAFER \u2013 arhitec\u021bii unei conferin\u021be de referin\u021b\u0103 \u00een arhivarea \u0219i digitalizarea patrimoniului na\u021bional.1\" srcset=\"https:\/\/piafer.ro\/wp-content\/uploads\/2025\/06\/Florin-Cuc-si-echipa-PIAFER-\u2013-arhitectii-unei-conferinte-de-referinta-in-arhivarea-si-digitalizarea-patrimoniului-national.1.jpg 1024w, https:\/\/piafer.ro\/wp-content\/uploads\/2025\/06\/Florin-Cuc-si-echipa-PIAFER-\u2013-arhitectii-unei-conferinte-de-referinta-in-arhivarea-si-digitalizarea-patrimoniului-national.1-300x225.jpg 300w, https:\/\/piafer.ro\/wp-content\/uploads\/2025\/06\/Florin-Cuc-si-echipa-PIAFER-\u2013-arhitectii-unei-conferinte-de-referinta-in-arhivarea-si-digitalizarea-patrimoniului-national.1-768x576.jpg 768w, https:\/\/piafer.ro\/wp-content\/uploads\/2025\/06\/Florin-Cuc-si-echipa-PIAFER-\u2013-arhitectii-unei-conferinte-de-referinta-in-arhivarea-si-digitalizarea-patrimoniului-national.1-16x12.jpg 16w\" sizes=\"(max-width: 1024px) 100vw, 1024px\" \/><\/div>\n\t\t<\/figure>\n\t<\/div>\n<h2 style=\"font-size: 18px;text-align: center\" class=\"vc_custom_heading vc_do_custom_heading\" >Florin Cuc \u0219i echipa PIAFER \u2013 arhitec\u021bii unei conferin\u021be de referin\u021b\u0103 \u00een arhivarea \u0219i digitalizarea patrimoniului na\u021bional<\/h2>\n\t<div class=\"wpb_text_column wpb_content_element\" >\n\t\t<div class=\"wpb_wrapper\">\n\t\t\t<p><em>Cluj-Napoca, mai 2025<\/em> \u2013 \u00centr-un climat profesional de \u00eenalt nivel, \u00een perioada 22\u201323 mai 2025, Cluj-Napoca a g\u0103zduit conferin\u021ba \u201ePatrimoniu \u00een mi\u0219care \u2013 arhivarea \u0219i digitalizarea \u00een mileniul III\u201d, un eveniment care \u0219i-a atins cu succes toate obiectivele propuse \u0219i care a reunit, pentru dou\u0103 zile, voci importante din domeniul arhivisticii, tehnologiei \u0219i educa\u021biei. <a href=\"https:\/\/www.refleqtmedia.ro\/florin-cuc-si-echipa-piafer-arhitectii-unei-conferinte-de-referinta-in-arhivarea-si-digitalizarea-patrimoniului-national\/\">Cite\u0219te mai mult<\/a><\/p>\n\n\t\t<\/div>\n\t<\/div>\n<\/div><\/div><\/div><div class=\"wpb_column vc_column_container vc_col-sm-4\"><div class=\"vc_column-inner\"><div class=\"wpb_wrapper\">\n\t<div  class=\"wpb_single_image wpb_content_element vc_align_center wpb_content_element\">\n\t\t\n\t\t<figure class=\"wpb_wrapper vc_figure\">\n\t\t\t<div class=\"vc_single_image-wrapper   vc_box_border_grey\"><img width=\"1024\" height=\"768\" src=\"https:\/\/piafer.ro\/wp-content\/uploads\/2025\/06\/Conferinta-\u201ePatrimoniu-in-miscare-\u2013-arhivarea-si-digitalizarea-in-mileniul-III-1.jpg\" class=\"vc_single_image-img attachment-full\" alt=\"\" decoding=\"async\" title=\"Conferin\u021ba \u201ePatrimoniu \u00een mi\u0219care \u2013 arhivarea \u0219i digitalizarea \u00een mileniul III\u201d 1\" srcset=\"https:\/\/piafer.ro\/wp-content\/uploads\/2025\/06\/Conferinta-\u201ePatrimoniu-in-miscare-\u2013-arhivarea-si-digitalizarea-in-mileniul-III-1.jpg 1024w, https:\/\/piafer.ro\/wp-content\/uploads\/2025\/06\/Conferinta-\u201ePatrimoniu-in-miscare-\u2013-arhivarea-si-digitalizarea-in-mileniul-III-1-300x225.jpg 300w, https:\/\/piafer.ro\/wp-content\/uploads\/2025\/06\/Conferinta-\u201ePatrimoniu-in-miscare-\u2013-arhivarea-si-digitalizarea-in-mileniul-III-1-768x576.jpg 768w, https:\/\/piafer.ro\/wp-content\/uploads\/2025\/06\/Conferinta-\u201ePatrimoniu-in-miscare-\u2013-arhivarea-si-digitalizarea-in-mileniul-III-1-16x12.jpg 16w\" sizes=\"(max-width: 1024px) 100vw, 1024px\" \/><\/div>\n\t\t<\/figure>\n\t<\/div>\n<h2 style=\"font-size: 18px;text-align: center\" class=\"vc_custom_heading vc_do_custom_heading\" >Conferin\u021ba \u201ePatrimoniu \u00een mi\u0219care \u2013 arhivarea \u0219i digitalizarea \u00een mileniul III\u201d<\/h2>\n\t<div class=\"wpb_text_column wpb_content_element\" >\n\t\t<div class=\"wpb_wrapper\">\n\t\t\t<p class=\"p1\">Cluj Napoca a fost gazda unui eveniment inedit \u0219i de anvergur\u0103 na\u021bional\u0103 \u00een domeniul arhiv\u0103rii, \u00een zilele de 22-23 mai, organizat de Patronatul \u00centreprinderilor de Arhivare Fizic\u0103 \u0219i Electronic\u0103 din Rom\u00e2nia (PIAFER), \u00een parteneriat cu Arhivele Na\u021bionale ale Rom\u00e2niei \u2013 Serviciul Jude\u021bean Cluj, Universitatea Babe\u0219-Bolyai \u2013 Facultatea de Istorie \u0219i Filosofie \u0219i Autoritatea pentru Digitalizarea Rom\u00e2niei. <a href=\"https:\/\/actualdecluj.ro\/conferinta-patrimoniu-in-miscare-arhivarea-si-digitalizarea-in-mileniul-iii-dezbaterile-au-evidentiat-nevoia-stringenta-de-modernizare-a-cadrului-legislativ-si-de-adaptare\/\">Cite\u0219te mai mult<\/a><\/p>\n\n\t\t<\/div>\n\t<\/div>\n<\/div><\/div><\/div><div class=\"wpb_column vc_column_container vc_col-sm-4\"><div class=\"vc_column-inner\"><div class=\"wpb_wrapper\"><\/div><\/div><\/div><\/div><\/section>\n<\/div>","protected":false},"excerpt":{"rendered":"FLORIN CUC, RECONFIRMAT \u00ceN FRUNTEA ARHIVATORILOR ROM\u00c2NIEI! UNITATE, CONTINUITATE \u0218I VIZIUNE LA DUBOVA! Pe malul spectaculos al Dun\u0103rii, la Dubova, jude\u021bul Mehedin\u021bi, comunitatea arhivatorilor din Rom\u00e2nia s-a reunit pe 18 octombrie 2025, \u00een cadrul&nbsp;Adun\u0103rii Generale Ordinare PIAFER \u2013 un eveniment devenit reper pentru profesioni\u0219tii din domeniul arhiv\u0103rii \u0219i managementului documentelor. Atmosfera a fost una de [...]","protected":false},"author":1,"featured_media":0,"parent":0,"menu_order":0,"comment_status":"closed","ping_status":"closed","template":"","meta":[],"yoast_head":"<!-- This site is optimized with the Yoast SEO plugin v19.2 - https:\/\/yoast.com\/wordpress\/plugins\/seo\/ -->\n<title>Media - Piafer<\/title>\n<meta name=\"robots\" content=\"index, follow, max-snippet:-1, max-image-preview:large, max-video-preview:-1\" \/>\n<link rel=\"canonical\" href=\"https:\/\/piafer.ro\/en\/media\/\" \/>\n<meta property=\"og:locale\" content=\"en_US\" \/>\n<meta property=\"og:type\" content=\"article\" \/>\n<meta property=\"og:title\" content=\"Media - Piafer\" \/>\n<meta property=\"og:url\" content=\"https:\/\/piafer.ro\/en\/media\/\" \/>\n<meta property=\"og:site_name\" content=\"Piafer\" \/>\n<meta property=\"article:modified_time\" content=\"2025-11-03T18:18:06+00:00\" \/>\n<meta name=\"author\" content=\"arhiv\" \/>\n<meta name=\"twitter:card\" content=\"summary_large_image\" \/>\n<meta name=\"twitter:label1\" content=\"Est. reading time\" \/>\n\t<meta name=\"twitter:data1\" content=\"2 minutes\" \/>\n<script type=\"application\/ld+json\" class=\"yoast-schema-graph\">{\"@context\":\"https:\/\/schema.org\",\"@graph\":[{\"@type\":\"WebSite\",\"@id\":\"https:\/\/piafer.ro\/#website\",\"url\":\"https:\/\/piafer.ro\/\",\"name\":\"Piafer\",\"description\":\"Patronatul \u00centreprinderilor de Arhivare Fizic\u0103 \u0219i Electronic\u0103 din Rom\u00e2nia\",\"potentialAction\":[{\"@type\":\"SearchAction\",\"target\":{\"@type\":\"EntryPoint\",\"urlTemplate\":\"https:\/\/piafer.ro\/?s={search_term_string}\"},\"query-input\":\"required name=search_term_string\"}],\"inLanguage\":\"en-US\"},{\"@type\":\"WebPage\",\"@id\":\"https:\/\/piafer.ro\/media\/#webpage\",\"url\":\"https:\/\/piafer.ro\/media\/\",\"name\":\"Media - Piafer\",\"isPartOf\":{\"@id\":\"https:\/\/piafer.ro\/#website\"},\"datePublished\":\"2025-06-15T17:50:04+00:00\",\"dateModified\":\"2025-11-03T18:18:06+00:00\",\"breadcrumb\":{\"@id\":\"https:\/\/piafer.ro\/media\/#breadcrumb\"},\"inLanguage\":\"en-US\",\"potentialAction\":[{\"@type\":\"ReadAction\",\"target\":[\"https:\/\/piafer.ro\/media\/\"]}]},{\"@type\":\"BreadcrumbList\",\"@id\":\"https:\/\/piafer.ro\/media\/#breadcrumb\",\"itemListElement\":[{\"@type\":\"ListItem\",\"position\":1,\"name\":\"Prima pagin\u0103\",\"item\":\"https:\/\/piafer.ro\/\"},{\"@type\":\"ListItem\",\"position\":2,\"name\":\"Media\"}]}]}<\/script>\n<!-- \/ Yoast SEO plugin. -->","yoast_head_json":{"title":"Media - Piafer","robots":{"index":"index","follow":"follow","max-snippet":"max-snippet:-1","max-image-preview":"max-image-preview:large","max-video-preview":"max-video-preview:-1"},"canonical":"https:\/\/piafer.ro\/en\/media\/","og_locale":"en_US","og_type":"article","og_title":"Media - Piafer","og_url":"https:\/\/piafer.ro\/en\/media\/","og_site_name":"Piafer","article_modified_time":"2025-11-03T18:18:06+00:00","author":"arhiv","twitter_card":"summary_large_image","twitter_misc":{"Est. reading time":"2 minutes"},"schema":{"@context":"https:\/\/schema.org","@graph":[{"@type":"WebSite","@id":"https:\/\/piafer.ro\/#website","url":"https:\/\/piafer.ro\/","name":"Piafer","description":"Patronatul \u00centreprinderilor de Arhivare Fizic\u0103 \u0219i Electronic\u0103 din Rom\u00e2nia","potentialAction":[{"@type":"SearchAction","target":{"@type":"EntryPoint","urlTemplate":"https:\/\/piafer.ro\/?s={search_term_string}"},"query-input":"required name=search_term_string"}],"inLanguage":"en-US"},{"@type":"WebPage","@id":"https:\/\/piafer.ro\/media\/#webpage","url":"https:\/\/piafer.ro\/media\/","name":"Media - Piafer","isPartOf":{"@id":"https:\/\/piafer.ro\/#website"},"datePublished":"2025-06-15T17:50:04+00:00","dateModified":"2025-11-03T18:18:06+00:00","breadcrumb":{"@id":"https:\/\/piafer.ro\/media\/#breadcrumb"},"inLanguage":"en-US","potentialAction":[{"@type":"ReadAction","target":["https:\/\/piafer.ro\/media\/"]}]},{"@type":"BreadcrumbList","@id":"https:\/\/piafer.ro\/media\/#breadcrumb","itemListElement":[{"@type":"ListItem","position":1,"name":"Prima pagin\u0103","item":"https:\/\/piafer.ro\/"},{"@type":"ListItem","position":2,"name":"Media"}]}]}},"_links":{"self":[{"href":"https:\/\/piafer.ro\/en\/wp-json\/wp\/v2\/pages\/6191"}],"collection":[{"href":"https:\/\/piafer.ro\/en\/wp-json\/wp\/v2\/pages"}],"about":[{"href":"https:\/\/piafer.ro\/en\/wp-json\/wp\/v2\/types\/page"}],"author":[{"embeddable":true,"href":"https:\/\/piafer.ro\/en\/wp-json\/wp\/v2\/users\/1"}],"replies":[{"embeddable":true,"href":"https:\/\/piafer.ro\/en\/wp-json\/wp\/v2\/comments?post=6191"}],"version-history":[{"count":28,"href":"https:\/\/piafer.ro\/en\/wp-json\/wp\/v2\/pages\/6191\/revisions"}],"predecessor-version":[{"id":6331,"href":"https:\/\/piafer.ro\/en\/wp-json\/wp\/v2\/pages\/6191\/revisions\/6331"}],"wp:attachment":[{"href":"https:\/\/piafer.ro\/en\/wp-json\/wp\/v2\/media?parent=6191"}],"curies":[{"name":"wp","href":"https:\/\/api.w.org\/{rel}","templated":true}]}}